{"id":271,"date":"2013-08-07T09:41:31","date_gmt":"2013-08-07T12:41:31","guid":{"rendered":"https:\/\/wp.ufpel.edu.br\/esef\/?page_id=271"},"modified":"2014-05-13T08:20:07","modified_gmt":"2014-05-13T11:20:07","slug":"geeaf","status":"publish","type":"page","link":"https:\/\/wp.ufpel.edu.br\/esef\/laboratoriosgrupos-de-pesquisa\/geeaf\/","title":{"rendered":"GEEAF"},"content":{"rendered":"<p style=\"text-align: center\"><span style=\"font-size: medium\"><strong>GRUPO DE ESTUDOS EM EPIDEMIOLOGIA DA ATIVIDADE F\u00cdSICA<\/strong><\/span><\/p>\n<p>&nbsp;<\/p>\n<p><strong>Coordenador:<\/strong> PEDRO\u00a0CURI\u00a0HALLAL \u00a0(<a href=\"mailto:prchallal@gmail.com\" target=\"_blank\">prchallal@gmail.com<\/a>)<\/p>\n<p><strong>\u00a0Linhas de atua\u00e7\u00e3o:\u00a0<\/strong><\/p>\n<p>Consequ\u00eancias da pr\u00e1tica de atividade f\u00edsica \u2013 estudos investigando os efeitos da pr\u00e1tica da atividade f\u00edsica sobre desfechos em sa\u00fade.<\/p>\n<p>Determinantes da pr\u00e1tica de atividade f\u00edsica \u2013 linha voltada aos estudos dos determinantes da pr\u00e1tica de atividade f\u00edsica. Afinal, por que algumas pessoas s\u00e3o fisicamente ativas e outras n\u00e3o?<\/p>\n<p>Interven\u00e7\u00f5es em atividade f\u00edsica e promo\u00e7\u00e3o da sa\u00fade \u2013 Linha de estudos experimentais, onde interven\u00e7\u00f5es para promo\u00e7\u00e3o da atividade f\u00edsica s\u00e3o testadas a n\u00edvel populacional<\/p>\n<p>N\u00edveis populacionais de atividade f\u00edsica e tend\u00eancias temporais \u2013 busca descrever, atrav\u00e9s de diversos instrumentos e em diferentes popula\u00e7\u00f5es, como ocorre o comportamento relacionado a sa\u00fade, tanto com medidas transversais quanto avaliando as modifica\u00e7\u00f5es ao longo dos anos.<\/p>\n<p>&nbsp;<\/p>\n<p><strong>Professores:<\/strong><\/p>\n<p>Airton Jos\u00e9 Rombaldi<\/p>\n<p>Alexandre Carriconde Marques<\/p>\n<p>Fabricio Boscolo Del Vecchio<\/p>\n<p>Felipe Fossati Reichert<\/p>\n<p>Fernando Carlos Vinholes Siqueira<\/p>\n<p>Marcelo Cozzensa da Silva<\/p>\n<p>Mario Renato de Azevedo J\u00fanior<\/p>\n<p>Marlos Rodrigues Domingues<\/p>\n<p>Pedro Rodrigues Curi Hallal<\/p>\n<p>&nbsp;<\/p>\n<p><strong>Identidade Visual:<\/strong><\/p>\n<p><a href=\"https:\/\/wp.ufpel.edu.br\/esef\/files\/2013\/08\/GEEAF-logotipo.jpg\"><img class=\"alignnone size-full wp-image-272\" src=\"https:\/\/wp.ufpel.edu.br\/esef\/files\/2013\/08\/GEEAF-logotipo.jpg\" alt=\"GEEAF logotipo\" width=\"785\" height=\"808\" srcset=\"https:\/\/wp.ufpel.edu.br\/esef\/files\/2013\/08\/GEEAF-logotipo.jpg 785w, https:\/\/wp.ufpel.edu.br\/esef\/files\/2013\/08\/GEEAF-logotipo-291x300.jpg 291w\" sizes=\"(max-width: 785px) 100vw, 785px\" \/><\/a><\/p>\n<p><strong>SITE<\/strong>: <span class=\"_5yl5\"><span class=\"null\"><a class=\"_553k\" href=\"http:\/\/www.geeafab.com\/\" target=\"_blank\" rel=\"nofollow\">http:\/\/www.geeafab.com\/<\/a><\/span><\/span><\/p>\n","protected":false},"excerpt":{"rendered":"<p>GRUPO DE ESTUDOS EM EPIDEMIOLOGIA DA ATIVIDADE F\u00cdSICA &nbsp; Coordenador: PEDRO\u00a0CURI\u00a0HALLAL \u00a0(prchallal@gmail.com) \u00a0Linhas de atua\u00e7\u00e3o:\u00a0 Consequ\u00eancias da pr\u00e1tica de atividade f\u00edsica \u2013 estudos investigando os efeitos da pr\u00e1tica da atividade f\u00edsica sobre desfechos em sa\u00fade. Determinantes da pr\u00e1tica de atividade f\u00edsica \u2013 linha voltada aos estudos dos determinantes da pr\u00e1tica de atividade f\u00edsica. Afinal, por [&hellip;]<\/p>\n","protected":false},"author":289,"featured_media":0,"parent":17,"menu_order":0,"comment_status":"closed","ping_status":"closed","template":"","meta":{"footnotes":""},"class_list":["post-271","page","type-page","status-publish","hentry"],"_links":{"self":[{"href":"https:\/\/wp.ufpel.edu.br\/esef\/wp-json\/wp\/v2\/pages\/271","targetHints":{"allow":["GET"]}}],"collection":[{"href":"https:\/\/wp.ufpel.edu.br\/esef\/wp-json\/wp\/v2\/pages"}],"about":[{"href":"https:\/\/wp.ufpel.edu.br\/esef\/wp-json\/wp\/v2\/types\/page"}],"author":[{"embeddable":true,"href":"https:\/\/wp.ufpel.edu.br\/esef\/wp-json\/wp\/v2\/users\/289"}],"replies":[{"embeddable":true,"href":"https:\/\/wp.ufpel.edu.br\/esef\/wp-json\/wp\/v2\/comments?post=271"}],"version-history":[{"count":5,"href":"https:\/\/wp.ufpel.edu.br\/esef\/wp-json\/wp\/v2\/pages\/271\/revisions"}],"predecessor-version":[{"id":957,"href":"https:\/\/wp.ufpel.edu.br\/esef\/wp-json\/wp\/v2\/pages\/271\/revisions\/957"}],"up":[{"embeddable":true,"href":"https:\/\/wp.ufpel.edu.br\/esef\/wp-json\/wp\/v2\/pages\/17"}],"wp:attachment":[{"href":"https:\/\/wp.ufpel.edu.br\/esef\/wp-json\/wp\/v2\/media?parent=271"}],"curies":[{"name":"wp","href":"https:\/\/api.w.org\/{rel}","templated":true}]}}