{"id":213,"date":"2013-07-31T09:58:56","date_gmt":"2013-07-31T12:58:56","guid":{"rendered":"https:\/\/wp.ufpel.edu.br\/esef\/?page_id=213"},"modified":"2013-07-31T10:10:35","modified_gmt":"2013-07-31T13:10:35","slug":"gpes","status":"publish","type":"page","link":"https:\/\/wp.ufpel.edu.br\/esef\/laboratoriosgrupos-de-pesquisa\/gpes\/","title":{"rendered":"GPES"},"content":{"rendered":"<p style=\"text-align: center\"><span style=\"font-size: large\"><strong>Grupo de Pesquisa e Estudos Sociol\u00f3gicos em Educa\u00e7\u00e3o F\u00edsica e Esporte<\/strong><\/span><\/p>\n<p>&nbsp;<\/p>\n<p><strong>Coordenadores:<\/strong><\/p>\n<p>Adriana Sch\u00fcler Cavalli (<a href=\"mailto:adriscavalli@gmail.com\">adriscavalli@gmail.com<\/a>)<\/p>\n<p>Marcelo Olivera Cavalli (<a href=\"mailto:maltcavalli@gmail.com\">maltcavalli@gmail.com<\/a>)<\/p>\n<p><strong>L<\/strong><strong>inhas de Atua\u00e7\u00e3o<\/strong><\/p>\n<p>O GPES visa contemplar temas relacionados \u00e0 Educa\u00e7\u00e3o F\u00edsica (EFI) e ao Esporte de uma maneira geral, tendo um direcionamento espec\u00edfico de cunho sociol\u00f3gico. A pesquisa no GPES se desenrola em tr\u00eas linhas b\u00e1sicas:<\/p>\n<p><strong>1<\/strong>. Atividade f\u00edsica na Terceira Idade: Determina\u00e7\u00e3o da sociologia da atividade f\u00edsica do idoso, por meio de estudos e pesquisas na busca de um maior conhecimento acerca da integralidade do indiv\u00edduo idoso;<\/p>\n<p><strong>2<\/strong>. Estudos Ol\u00edmpicos: Olimpismo, Megaeventos &#8211; Legados e Responsabilidade Social;<\/p>\n<p><strong>3<\/strong>. Educa\u00e7\u00e3o f\u00edsica e Sociedade: aborda a educa\u00e7\u00e3o f\u00edsica nos seus mais diversos contextos.<\/p>\n<p>&nbsp;<\/p>\n<p><strong>Os objetivos do GPES\/UFPel s\u00e3o:<\/strong><\/p>\n<ul>\n<li>\u00b7 Fomentar a Inicia\u00e7\u00e3o cient\u00edfica dentro da pr\u00f3pria unidade acad\u00eamica oferecendo a pesquisa como uma forma alternativa para a excel\u00eancia pessoal, acad\u00eamica e profissional do alunado e professores;<\/li>\n<li>\u00b7 Auxiliar na promo\u00e7\u00e3o da excel\u00eancia acad\u00eamica atrav\u00e9s da produ\u00e7\u00e3o de conhecimento e relacionamento interpessoal;<\/li>\n<li>\u00b7 Promover a socializa\u00e7\u00e3o profissional de seus membros; \u00b7 Fundamentar linhas de pesquisa da unidade acad\u00eamica;<\/li>\n<li>\u00b7 Conhecer e compreender a EFI e suas rela\u00e7\u00f5es sociais;<\/li>\n<li>\u00b7 Participar em Congressos, semin\u00e1rios e f\u00f3runs;<\/li>\n<li>\u00b7 Produzir textos acad\u00eamicos;<\/li>\n<li>\u00b7 Dar visibilidade \u00e0 UFPel, de uma maneira geral, e \u00e0 ESEF, em particular.<\/li>\n<\/ul>\n<p><strong>\u00a0Professores:<\/strong><\/p>\n<p>Adriana Sch\u00fcler Cavalli<\/p>\n<p>Marcelo Olivera Cavalli<\/p>\n<p>Leonardo Jos\u00e9 Mataruna dos Santos<\/p>\n<p>&nbsp;<\/p>\n<p><strong>Acad\u00eamicos:<\/strong><\/p>\n<p>Alexsander Neitzke Mendes<\/p>\n<p>Aline Bri\u00e3o Magalh\u00e3es<\/p>\n<p>Cristiane Peters Costa<\/p>\n<p>Filipe da Silva Gon\u00e7alves<\/p>\n<p>Igor Retzlaff Doring<\/p>\n<p>Jos\u00e9 Antonio Bicca Ribeiro<\/p>\n<p>Julia Pereira Terra<\/p>\n<p>Juliana G\u00f6ebel Treptow<\/p>\n<p>Lucas Gon\u00e7alves Meireles<\/p>\n<p>Lucas Ribeiro Boemeke<\/p>\n<p>Luisse Dagagny Pecce Bernardi<\/p>\n<p>Mariana Teixeira da Silva<\/p>\n<p>Paula Amaral Rota<\/p>\n<p>Thuan de Castilhos Gon\u00e7alves<\/p>\n<p><strong>Identidade Visual:<\/strong><\/p>\n<p><a href=\"https:\/\/wp.ufpel.edu.br\/esef\/files\/2013\/07\/gpes.jpg\"><img class=\"alignnone size-full wp-image-214\" alt=\"gpes\" src=\"https:\/\/wp.ufpel.edu.br\/esef\/files\/2013\/07\/gpes.jpg\" width=\"336\" height=\"300\" srcset=\"https:\/\/wp.ufpel.edu.br\/esef\/files\/2013\/07\/gpes.jpg 336w, https:\/\/wp.ufpel.edu.br\/esef\/files\/2013\/07\/gpes-300x267.jpg 300w\" sizes=\"(max-width: 336px) 100vw, 336px\" \/><\/a><\/p>\n<p>&nbsp;<\/p>\n<p>&nbsp;<\/p>\n<p><strong>Maiores Informa\u00e7\u00f5es em:<\/strong><\/p>\n<p><a href=\"http:\/\/dgp.cnpq.br\/diretorioc\/fontes\/detalhegrupo.jsp?grupo=00454090CLT2EO\">http:\/\/dgp.cnpq.br\/diretorioc\/fontes\/detalhegrupo.jsp?grupo=00454090CLT2EO<\/a><\/p>\n","protected":false},"excerpt":{"rendered":"<p>Grupo de Pesquisa e Estudos Sociol\u00f3gicos em Educa\u00e7\u00e3o F\u00edsica e Esporte &nbsp; Coordenadores: Adriana Sch\u00fcler Cavalli (adriscavalli@gmail.com) Marcelo Olivera Cavalli (maltcavalli@gmail.com) Linhas de Atua\u00e7\u00e3o O GPES visa contemplar temas relacionados \u00e0 Educa\u00e7\u00e3o F\u00edsica (EFI) e ao Esporte de uma maneira geral, tendo um direcionamento espec\u00edfico de cunho sociol\u00f3gico. A pesquisa no GPES se desenrola em [&hellip;]<\/p>\n","protected":false},"author":289,"featured_media":0,"parent":17,"menu_order":0,"comment_status":"closed","ping_status":"closed","template":"","meta":{"footnotes":""},"class_list":["post-213","page","type-page","status-publish","hentry"],"_links":{"self":[{"href":"https:\/\/wp.ufpel.edu.br\/esef\/wp-json\/wp\/v2\/pages\/213","targetHints":{"allow":["GET"]}}],"collection":[{"href":"https:\/\/wp.ufpel.edu.br\/esef\/wp-json\/wp\/v2\/pages"}],"about":[{"href":"https:\/\/wp.ufpel.edu.br\/esef\/wp-json\/wp\/v2\/types\/page"}],"author":[{"embeddable":true,"href":"https:\/\/wp.ufpel.edu.br\/esef\/wp-json\/wp\/v2\/users\/289"}],"replies":[{"embeddable":true,"href":"https:\/\/wp.ufpel.edu.br\/esef\/wp-json\/wp\/v2\/comments?post=213"}],"version-history":[{"count":8,"href":"https:\/\/wp.ufpel.edu.br\/esef\/wp-json\/wp\/v2\/pages\/213\/revisions"}],"predecessor-version":[{"id":217,"href":"https:\/\/wp.ufpel.edu.br\/esef\/wp-json\/wp\/v2\/pages\/213\/revisions\/217"}],"up":[{"embeddable":true,"href":"https:\/\/wp.ufpel.edu.br\/esef\/wp-json\/wp\/v2\/pages\/17"}],"wp:attachment":[{"href":"https:\/\/wp.ufpel.edu.br\/esef\/wp-json\/wp\/v2\/media?parent=213"}],"curies":[{"name":"wp","href":"https:\/\/api.w.org\/{rel}","templated":true}]}}