{"id":174,"date":"2013-07-30T14:37:47","date_gmt":"2013-07-30T17:37:47","guid":{"rendered":"https:\/\/wp.ufpel.edu.br\/esef\/?page_id=174"},"modified":"2013-07-31T10:11:31","modified_gmt":"2013-07-31T13:11:31","slug":"labfex","status":"publish","type":"page","link":"https:\/\/wp.ufpel.edu.br\/esef\/laboratoriosgrupos-de-pesquisa\/labfex\/","title":{"rendered":"LABFex"},"content":{"rendered":"<div>\n<p style=\"text-align: center\"><span style=\"font-size: large\"><strong>Laborat\u00f3rio de Bioqu\u00edmica e Fisiologia do Exerc\u00edcio<\/strong><\/span><\/p>\n<\/div>\n<div>\n<p>&nbsp;<\/p>\n<p><span style=\"color: #000000\"><b>Coordenadores<\/b><\/span><strong>:<\/strong><\/p>\n<p>Airton Jos\u00e9 Rombaldi (<a href=\"mailto:rombaldi@ufpel.tche.br\" target=\"_blank\">rombaldi@ufpel.tche.br<\/a>)<\/p>\n<p>Marcelo Cozzensa da Silva (<a href=\"mailto:cozzensa@terra.com.br\" target=\"_blank\">cozzensa@terra.com.br<\/a>)<\/p>\n<\/div>\n<div>\n<p><strong>Linhas de Atua\u00e7\u00e3o<\/strong>:<\/p>\n<p>Atividade f\u00edsica relacionada \u00e0 sa\u00fade<\/p>\n<p>Metabolismo energ\u00e9tico relacionado \u00e0 sa\u00fade e ao desempenho<\/p>\n<\/div>\n<div>\n<p>&nbsp;<\/p>\n<\/div>\n<div>\n<p><strong>Professores:<\/strong><\/p>\n<p>Airton Jos\u00e9 Rombaldi<\/p>\n<p>Marcelo Cozzensa da Silva<\/p>\n<\/div>\n<div>\n<p>&nbsp;<\/p>\n<\/div>\n<div>\n<p><strong>Acad\u00eamicos:<\/strong><\/p>\n<p>Matheus Pintanel Silva de Freitas (mestrando)<\/p>\n<p>Nicole Gomes Gonzales (mestranda)<\/p>\n<p>Leo Cabistany ( mestrando)<\/p>\n<p>Eduardo Caputo (mestre)<\/p>\n<p>Marcelo Zanusso (mestre)<\/p>\n<p><span style=\"font-size: medium\"><em>E os seguintes alunos de gradua\u00e7\u00e3o:<\/em><\/span><\/p>\n<p>Ivan Bremm<\/p>\n<p>Guilherme Vilela<\/p>\n<p>Natan Fetter<\/p>\n<p>Joubert Caldeira Penny<\/p>\n<p>Cesar Hafele<\/p>\n<p>Danilo Frotta<\/p>\n<p>Carine B\u00f6lke<\/p>\n<p>Andre carvalhal<\/p>\n<p>Emelin Corr\u00eaa<\/p>\n<p>Juliana Rocha<\/p>\n<p>Graziane<\/p>\n<\/div>\n","protected":false},"excerpt":{"rendered":"<p>Laborat\u00f3rio de Bioqu\u00edmica e Fisiologia do Exerc\u00edcio &nbsp; Coordenadores: Airton Jos\u00e9 Rombaldi (rombaldi@ufpel.tche.br) Marcelo Cozzensa da Silva (cozzensa@terra.com.br) Linhas de Atua\u00e7\u00e3o: Atividade f\u00edsica relacionada \u00e0 sa\u00fade Metabolismo energ\u00e9tico relacionado \u00e0 sa\u00fade e ao desempenho &nbsp; Professores: Airton Jos\u00e9 Rombaldi Marcelo Cozzensa da Silva &nbsp; Acad\u00eamicos: Matheus Pintanel Silva de Freitas (mestrando) Nicole Gomes Gonzales (mestranda) [&hellip;]<\/p>\n","protected":false},"author":289,"featured_media":0,"parent":17,"menu_order":0,"comment_status":"closed","ping_status":"closed","template":"","meta":{"footnotes":""},"class_list":["post-174","page","type-page","status-publish","hentry"],"_links":{"self":[{"href":"https:\/\/wp.ufpel.edu.br\/esef\/wp-json\/wp\/v2\/pages\/174","targetHints":{"allow":["GET"]}}],"collection":[{"href":"https:\/\/wp.ufpel.edu.br\/esef\/wp-json\/wp\/v2\/pages"}],"about":[{"href":"https:\/\/wp.ufpel.edu.br\/esef\/wp-json\/wp\/v2\/types\/page"}],"author":[{"embeddable":true,"href":"https:\/\/wp.ufpel.edu.br\/esef\/wp-json\/wp\/v2\/users\/289"}],"replies":[{"embeddable":true,"href":"https:\/\/wp.ufpel.edu.br\/esef\/wp-json\/wp\/v2\/comments?post=174"}],"version-history":[{"count":6,"href":"https:\/\/wp.ufpel.edu.br\/esef\/wp-json\/wp\/v2\/pages\/174\/revisions"}],"predecessor-version":[{"id":235,"href":"https:\/\/wp.ufpel.edu.br\/esef\/wp-json\/wp\/v2\/pages\/174\/revisions\/235"}],"up":[{"embeddable":true,"href":"https:\/\/wp.ufpel.edu.br\/esef\/wp-json\/wp\/v2\/pages\/17"}],"wp:attachment":[{"href":"https:\/\/wp.ufpel.edu.br\/esef\/wp-json\/wp\/v2\/media?parent=174"}],"curies":[{"name":"wp","href":"https:\/\/api.w.org\/{rel}","templated":true}]}}