{"id":162,"date":"2013-07-30T14:15:25","date_gmt":"2013-07-30T17:15:25","guid":{"rendered":"https:\/\/wp.ufpel.edu.br\/esef\/?page_id=162"},"modified":"2013-07-31T10:10:44","modified_gmt":"2013-07-31T13:10:44","slug":"labesp","status":"publish","type":"page","link":"https:\/\/wp.ufpel.edu.br\/esef\/laboratoriosgrupos-de-pesquisa\/labesp\/","title":{"rendered":"LABESP"},"content":{"rendered":"<p style=\"text-align: center\"><span style=\"font-size: large\"><strong>Laborat\u00f3rio de Ensino, Pesquisa e Extens\u00e3o em Esportes<\/strong><\/span><\/p>\n<p>&nbsp;<\/p>\n<p><b>Coordenador<\/b>: Prof. Dr. Renato Siqueira Rochefort<\/p>\n<p>&nbsp;<\/p>\n<p>E-mail: <a href=\"mailto:renatosrvolei@gmail.com\">renatosrvolei@gmail.com<\/a><\/p>\n<p>&nbsp;<\/p>\n<p><b>Linhas de atua\u00e7\u00e3o<\/b>:<\/p>\n<p>&nbsp;<\/p>\n<ol>\n<li>Metodologia do ensino dos esportes na Educa\u00e7\u00e3o F\u00edsica escolar;<\/li>\n<li>Treinamento Esportivo \u2013 inicia\u00e7\u00e3o esportiva e treinamento;<\/li>\n<li>Esportes paral\u00edmpicos \u2013 inicia\u00e7\u00e3o esportiva e treinamento;<\/li>\n<li>Pedagogia do esporte<\/li>\n<\/ol>\n<p>&nbsp;<\/p>\n<p><b>Professores<\/b>:<\/p>\n<p>&nbsp;<\/p>\n<ol>\n<li>Prof. Dr. Renato Siqueira Rochefort \u2013 Educa\u00e7\u00e3o F\u00edsica<\/li>\n<li>Prof. Dr. Alexandre Carriconde Marques \u2013 Educa\u00e7\u00e3o F\u00edsica<\/li>\n<li>Prof. Dr. Mario Renato Azevedo Junior \u2013 Educa\u00e7\u00e3o F\u00edsica<\/li>\n<li>Prof\u00aa Dr\u00aa Michele Mandagar\u00e1 Oliveira \u2013 Enfermagem<\/li>\n<\/ol>\n<p>&nbsp;<\/p>\n<p><b>Acad\u00eamicos<\/b>:<\/p>\n<p>&nbsp;<\/p>\n<p>01. Adriana Akemi T. Dourado \u2013 Mestrado Ed. F\u00edsica<\/p>\n<p>02. Alice Meyer Iepsen \u2013 Mestrado Ed. F\u00edsica<\/p>\n<p>03. Augusto Deluces Schmitt \u2013 Educa\u00e7\u00e3o F\u00edsica<\/p>\n<p>04. Ayrton Mees \u2013 Educa\u00e7\u00e3o F\u00edsica<\/p>\n<p>05. Bianca de Morais da Silveira \u2013 Educa\u00e7\u00e3o F\u00edsica<\/p>\n<p>06. Camila da Silva Ribeiro \u2013 Mestrado Ed. F\u00edsica<\/p>\n<p>07. C\u00e1ssia Costa Kohls \u2013 Enfermagem<\/p>\n<p>08. Douglas Guerreiro dos S. Rau \u2013 Educa\u00e7\u00e3o F\u00edsica<\/p>\n<p>09. Eli\u00e9zer Lazo de Oliveira \u2013 Educa\u00e7\u00e3o F\u00edsica<\/p>\n<p>10. F\u00e1bio Luis da Silva Minho \u2013 Educa\u00e7\u00e3o F\u00edsica<\/p>\n<p>11. Filipe Silva \u2013 Educa\u00e7\u00e3o F\u00edsica<\/p>\n<p>12. Gabriela Neves Nunes \u2013 Educa\u00e7\u00e3o F\u00edsica<\/p>\n<p>13. Gustavo Nunes \u2013 Educa\u00e7\u00e3o F\u00edsica<\/p>\n<p>14. Gustavo Silva \u2013 Educa\u00e7\u00e3o F\u00edsica<\/p>\n<p>15. Helena Monsam Farias \u2013 Enfermagem<\/p>\n<p>16. Jonathan Barth \u2013 Educa\u00e7\u00e3o F\u00edsica<\/p>\n<p>17. Jos\u00e9 Antonio Bicca Ribeiro \u2013 Mestrado Ed. F\u00edsica<\/p>\n<p>18. Luciano Viana Barboza \u2013 Educa\u00e7\u00e3o F\u00edsica<\/p>\n<p>19. Melissa Alves \u2013 Educa\u00e7\u00e3o F\u00edsica<\/p>\n<p>20. Ot\u00e1vio Amaral de A. Le\u00e3o \u2013 Educa\u00e7\u00e3o F\u00edsica<\/p>\n<p>21. Priscila de Morais da Silveira \u2013 Enfermagem<\/p>\n<p>22. Tayana Bastos \u2013 Enfermagem<\/p>\n<p>23. Tomas Ferguson Kirst \u2013 Educa\u00e7\u00e3o F\u00edsica<\/p>\n<p>24. Vin\u00edcius Madruga \u2013 Educa\u00e7\u00e3o F\u00edsica<\/p>\n<p><b>Identidade Visual:<\/b><\/p>\n<p><a href=\"https:\/\/wp.ufpel.edu.br\/esef\/files\/2013\/07\/imagem.jpg\"><img class=\"alignnone size-full wp-image-163\" alt=\"imagem\" src=\"https:\/\/wp.ufpel.edu.br\/esef\/files\/2013\/07\/imagem.jpg\" width=\"309\" height=\"50\" srcset=\"https:\/\/wp.ufpel.edu.br\/esef\/files\/2013\/07\/imagem.jpg 309w, https:\/\/wp.ufpel.edu.br\/esef\/files\/2013\/07\/imagem-300x48.jpg 300w\" sizes=\"(max-width: 309px) 100vw, 309px\" \/><\/a><\/p>\n","protected":false},"excerpt":{"rendered":"<p>Laborat\u00f3rio de Ensino, Pesquisa e Extens\u00e3o em Esportes &nbsp; Coordenador: Prof. Dr. Renato Siqueira Rochefort &nbsp; E-mail: renatosrvolei@gmail.com &nbsp; Linhas de atua\u00e7\u00e3o: &nbsp; Metodologia do ensino dos esportes na Educa\u00e7\u00e3o F\u00edsica escolar; Treinamento Esportivo \u2013 inicia\u00e7\u00e3o esportiva e treinamento; Esportes paral\u00edmpicos \u2013 inicia\u00e7\u00e3o esportiva e treinamento; Pedagogia do esporte &nbsp; Professores: &nbsp; Prof. Dr. Renato [&hellip;]<\/p>\n","protected":false},"author":289,"featured_media":0,"parent":17,"menu_order":0,"comment_status":"closed","ping_status":"closed","template":"","meta":{"footnotes":""},"class_list":["post-162","page","type-page","status-publish","hentry"],"_links":{"self":[{"href":"https:\/\/wp.ufpel.edu.br\/esef\/wp-json\/wp\/v2\/pages\/162","targetHints":{"allow":["GET"]}}],"collection":[{"href":"https:\/\/wp.ufpel.edu.br\/esef\/wp-json\/wp\/v2\/pages"}],"about":[{"href":"https:\/\/wp.ufpel.edu.br\/esef\/wp-json\/wp\/v2\/types\/page"}],"author":[{"embeddable":true,"href":"https:\/\/wp.ufpel.edu.br\/esef\/wp-json\/wp\/v2\/users\/289"}],"replies":[{"embeddable":true,"href":"https:\/\/wp.ufpel.edu.br\/esef\/wp-json\/wp\/v2\/comments?post=162"}],"version-history":[{"count":5,"href":"https:\/\/wp.ufpel.edu.br\/esef\/wp-json\/wp\/v2\/pages\/162\/revisions"}],"predecessor-version":[{"id":234,"href":"https:\/\/wp.ufpel.edu.br\/esef\/wp-json\/wp\/v2\/pages\/162\/revisions\/234"}],"up":[{"embeddable":true,"href":"https:\/\/wp.ufpel.edu.br\/esef\/wp-json\/wp\/v2\/pages\/17"}],"wp:attachment":[{"href":"https:\/\/wp.ufpel.edu.br\/esef\/wp-json\/wp\/v2\/media?parent=162"}],"curies":[{"name":"wp","href":"https:\/\/api.w.org\/{rel}","templated":true}]}}