{"id":120,"date":"2013-07-25T19:40:24","date_gmt":"2013-07-25T22:40:24","guid":{"rendered":"https:\/\/wp.ufpel.edu.br\/esef\/?page_id=120"},"modified":"2025-02-17T09:02:54","modified_gmt":"2025-02-17T12:02:54","slug":"especializacao","status":"publish","type":"page","link":"https:\/\/wp.ufpel.edu.br\/esef\/especializacao-2\/especializacao\/","title":{"rendered":"Especializa\u00e7\u00e3o &#8211; Presencial"},"content":{"rendered":"<p><strong>Sem oferta de novas turmas no momento<\/strong><\/p>\n<p>&nbsp;<\/p>\n<p><strong>Coordenador:<\/strong><\/p>\n<p><strong>Secretaria:<\/strong><\/p>\n<p><strong>P\u00e1gina Oficial:\u00a0<\/strong><a href=\"https:\/\/wp.ufpel.edu.br\/especializacaoesef\/\">Especializa\u00e7\u00e3o em Educa\u00e7\u00e3o F\u00edsica Escolar<\/a><\/p>\n<p><strong>E-mail:<\/strong> especializacaoesef.ufpel@gmail.com<\/p>\n","protected":false},"excerpt":{"rendered":"<p>Sem oferta de novas turmas no momento &nbsp; Coordenador: Secretaria: P\u00e1gina Oficial:\u00a0Especializa\u00e7\u00e3o em Educa\u00e7\u00e3o F\u00edsica Escolar E-mail: especializacaoesef.ufpel@gmail.com<\/p>\n","protected":false},"author":289,"featured_media":0,"parent":32,"menu_order":2,"comment_status":"closed","ping_status":"closed","template":"","meta":{"footnotes":""},"class_list":["post-120","page","type-page","status-publish","hentry"],"_links":{"self":[{"href":"https:\/\/wp.ufpel.edu.br\/esef\/wp-json\/wp\/v2\/pages\/120","targetHints":{"allow":["GET"]}}],"collection":[{"href":"https:\/\/wp.ufpel.edu.br\/esef\/wp-json\/wp\/v2\/pages"}],"about":[{"href":"https:\/\/wp.ufpel.edu.br\/esef\/wp-json\/wp\/v2\/types\/page"}],"author":[{"embeddable":true,"href":"https:\/\/wp.ufpel.edu.br\/esef\/wp-json\/wp\/v2\/users\/289"}],"replies":[{"embeddable":true,"href":"https:\/\/wp.ufpel.edu.br\/esef\/wp-json\/wp\/v2\/comments?post=120"}],"version-history":[{"count":13,"href":"https:\/\/wp.ufpel.edu.br\/esef\/wp-json\/wp\/v2\/pages\/120\/revisions"}],"predecessor-version":[{"id":5232,"href":"https:\/\/wp.ufpel.edu.br\/esef\/wp-json\/wp\/v2\/pages\/120\/revisions\/5232"}],"up":[{"embeddable":true,"href":"https:\/\/wp.ufpel.edu.br\/esef\/wp-json\/wp\/v2\/pages\/32"}],"wp:attachment":[{"href":"https:\/\/wp.ufpel.edu.br\/esef\/wp-json\/wp\/v2\/media?parent=120"}],"curies":[{"name":"wp","href":"https:\/\/api.w.org\/{rel}","templated":true}]}}