{"id":117,"date":"2013-07-25T19:38:14","date_gmt":"2013-07-25T22:38:14","guid":{"rendered":"https:\/\/wp.ufpel.edu.br\/esef\/?page_id=117"},"modified":"2025-08-20T16:05:59","modified_gmt":"2025-08-20T19:05:59","slug":"bacharelado","status":"publish","type":"page","link":"https:\/\/wp.ufpel.edu.br\/esef\/documentos\/bacharelado\/","title":{"rendered":"Bacharelado em Educa\u00e7\u00e3o F\u00edsica &#8211; 810"},"content":{"rendered":"<p><strong>Coordenador: <\/strong>Prof. Eduardo Merino<\/p>\n<p><strong>Contato: <\/strong>professormerino@gmail.com<\/p>\n<p>&nbsp;<\/p>\n<p><strong>Secret\u00e1ria:<\/strong>\u00a0L\u00eddia Rosana Fernandes Wille<\/p>\n<p><strong>Contato:<\/strong> bacharelado.esef.ufpel@gmail.com<\/p>\n<p><strong>Teleone<\/strong>: (53) 3284-4330 \/ 4331<\/p>\n<p>&nbsp;<\/p>\n<p><span style=\"font-size: 12pt;\"><strong><a href=\"https:\/\/wp.ufpel.edu.br\/esef\/files\/2013\/07\/Projeto-PP-Bachareado_abril2014.pdf\">Projeto P C Bachareado Vers\u00e3o 01_abril2014<\/a><\/strong><\/span><\/p>\n<p><strong><span style=\"font-size: 12pt;\"><a href=\"https:\/\/wp.ufpel.edu.br\/esef\/documentos\/bacharelado\/proposta-de-ppc-bachareado_versao2_2016-1\/\" rel=\"attachment wp-att-2060\">Projeto P C Bachareado Vers\u00e3o 02_2016.1<\/a><\/span><\/strong><\/p>\n<p><a href=\"https:\/\/wp.ufpel.edu.br\/esef\/files\/2013\/07\/ATIVIDADES-COMPLEMENTARES.pdf\">ATIVIDADES COMPLEMENTARES<\/a><\/p>\n","protected":false},"excerpt":{"rendered":"<p>Coordenador: Prof. Eduardo Merino Contato: professormerino@gmail.com &nbsp; Secret\u00e1ria:\u00a0L\u00eddia Rosana Fernandes Wille Contato: bacharelado.esef.ufpel@gmail.com Teleone: (53) 3284-4330 \/ 4331 &nbsp; Projeto P C Bachareado Vers\u00e3o 01_abril2014 Projeto P C Bachareado Vers\u00e3o 02_2016.1 ATIVIDADES COMPLEMENTARES<\/p>\n","protected":false},"author":289,"featured_media":0,"parent":2,"menu_order":1,"comment_status":"closed","ping_status":"closed","template":"","meta":{"footnotes":""},"class_list":["post-117","page","type-page","status-publish","hentry"],"_links":{"self":[{"href":"https:\/\/wp.ufpel.edu.br\/esef\/wp-json\/wp\/v2\/pages\/117","targetHints":{"allow":["GET"]}}],"collection":[{"href":"https:\/\/wp.ufpel.edu.br\/esef\/wp-json\/wp\/v2\/pages"}],"about":[{"href":"https:\/\/wp.ufpel.edu.br\/esef\/wp-json\/wp\/v2\/types\/page"}],"author":[{"embeddable":true,"href":"https:\/\/wp.ufpel.edu.br\/esef\/wp-json\/wp\/v2\/users\/289"}],"replies":[{"embeddable":true,"href":"https:\/\/wp.ufpel.edu.br\/esef\/wp-json\/wp\/v2\/comments?post=117"}],"version-history":[{"count":4,"href":"https:\/\/wp.ufpel.edu.br\/esef\/wp-json\/wp\/v2\/pages\/117\/revisions"}],"predecessor-version":[{"id":5411,"href":"https:\/\/wp.ufpel.edu.br\/esef\/wp-json\/wp\/v2\/pages\/117\/revisions\/5411"}],"up":[{"embeddable":true,"href":"https:\/\/wp.ufpel.edu.br\/esef\/wp-json\/wp\/v2\/pages\/2"}],"wp:attachment":[{"href":"https:\/\/wp.ufpel.edu.br\/esef\/wp-json\/wp\/v2\/media?parent=117"}],"curies":[{"name":"wp","href":"https:\/\/api.w.org\/{rel}","templated":true}]}}