{"id":105,"date":"2013-07-25T19:29:56","date_gmt":"2013-07-25T22:29:56","guid":{"rendered":"https:\/\/wp.ufpel.edu.br\/esef\/?page_id=105"},"modified":"2023-11-21T10:45:19","modified_gmt":"2023-11-21T13:45:19","slug":"identidade-visual","status":"publish","type":"page","link":"https:\/\/wp.ufpel.edu.br\/esef\/administracao\/identidade-visual\/","title":{"rendered":"Identidade Visual"},"content":{"rendered":"<p><a href=\"https:\/\/wp.ufpel.edu.br\/esef\/files\/2020\/11\/WhatsApp-Image-2020-11-10-at-09.53.50.jpeg\"><img class=\"wp-image-3625 alignleft\" src=\"https:\/\/wp.ufpel.edu.br\/esef\/files\/2020\/11\/WhatsApp-Image-2020-11-10-at-09.53.50-400x400.jpeg\" alt=\"\" width=\"249\" height=\"249\" srcset=\"https:\/\/wp.ufpel.edu.br\/esef\/files\/2020\/11\/WhatsApp-Image-2020-11-10-at-09.53.50-400x400.jpeg 400w, https:\/\/wp.ufpel.edu.br\/esef\/files\/2020\/11\/WhatsApp-Image-2020-11-10-at-09.53.50-200x200.jpeg 200w, https:\/\/wp.ufpel.edu.br\/esef\/files\/2020\/11\/WhatsApp-Image-2020-11-10-at-09.53.50.jpeg 524w\" sizes=\"(max-width: 249px) 100vw, 249px\" \/><\/a> <a href=\"https:\/\/wp.ufpel.edu.br\/esef\/files\/2021\/05\/Logo-ESEF-Verde-1.jpeg\"><img class=\" wp-image-3721 alignleft\" src=\"https:\/\/wp.ufpel.edu.br\/esef\/files\/2021\/05\/Logo-ESEF-Verde-1-390x400.jpeg\" alt=\"\" width=\"383\" height=\"394\" srcset=\"https:\/\/wp.ufpel.edu.br\/esef\/files\/2021\/05\/Logo-ESEF-Verde-1-390x400.jpeg 390w, https:\/\/wp.ufpel.edu.br\/esef\/files\/2021\/05\/Logo-ESEF-Verde-1.jpeg 412w\" sizes=\"(max-width: 383px) 100vw, 383px\" \/><\/a><a href=\"https:\/\/wp.ufpel.edu.br\/esef\/files\/2021\/05\/Logo-ESEF-Negrito-1.jpeg\"><img class=\"size-medium wp-image-3720 alignleft\" src=\"https:\/\/wp.ufpel.edu.br\/esef\/files\/2021\/05\/Logo-ESEF-Negrito-1-391x400.jpeg\" alt=\"\" width=\"391\" height=\"400\" srcset=\"https:\/\/wp.ufpel.edu.br\/esef\/files\/2021\/05\/Logo-ESEF-Negrito-1-391x400.jpeg 391w, https:\/\/wp.ufpel.edu.br\/esef\/files\/2021\/05\/Logo-ESEF-Negrito-1.jpeg 413w\" sizes=\"(max-width: 391px) 100vw, 391px\" \/><\/a><a href=\"https:\/\/wp.ufpel.edu.br\/esef\/files\/2021\/05\/Logo-ESEF-Azul-1.jpeg\"><img class=\"wp-image-3719 alignnone\" src=\"https:\/\/wp.ufpel.edu.br\/esef\/files\/2021\/05\/Logo-ESEF-Azul-1-390x400.jpeg\" alt=\"\" width=\"372\" height=\"382\" srcset=\"https:\/\/wp.ufpel.edu.br\/esef\/files\/2021\/05\/Logo-ESEF-Azul-1-390x400.jpeg 390w, https:\/\/wp.ufpel.edu.br\/esef\/files\/2021\/05\/Logo-ESEF-Azul-1.jpeg 412w\" sizes=\"(max-width: 372px) 100vw, 372px\" \/><\/a><img class=\"wp-image-3626 alignnone\" src=\"https:\/\/wp.ufpel.edu.br\/esef\/files\/2020\/11\/WhatsApp-Image-2020-11-10-at-09.53.35-400x283.jpeg\" alt=\"\" width=\"351\" height=\"248\" srcset=\"https:\/\/wp.ufpel.edu.br\/esef\/files\/2020\/11\/WhatsApp-Image-2020-11-10-at-09.53.35-400x283.jpeg 400w, https:\/\/wp.ufpel.edu.br\/esef\/files\/2020\/11\/WhatsApp-Image-2020-11-10-at-09.53.35-1024x723.jpeg 1024w, https:\/\/wp.ufpel.edu.br\/esef\/files\/2020\/11\/WhatsApp-Image-2020-11-10-at-09.53.35-768x542.jpeg 768w, https:\/\/wp.ufpel.edu.br\/esef\/files\/2020\/11\/WhatsApp-Image-2020-11-10-at-09.53.35.jpeg 1280w\" sizes=\"(max-width: 351px) 100vw, 351px\" \/><\/p>\n<p>&nbsp;<\/p>\n<p>&nbsp;<\/p>\n<p>&nbsp;<\/p>\n<p>A atualiza\u00e7\u00e3o do nome da ESEF foi aprovada durante a reuni\u00e3o do CONSUN, ocorrida dia 14\/11\/2023, passando de ESCOLA SUPERIOR DE EDUCA\u00c7\u00c3O F\u00cdSICA para ESCOLA SUPERIOR DE EDUCA\u00c7\u00c3O F\u00cdSICA E FISIOTERAPIA. A sigla (ESEF) permanece inalterada. Abaixo seguem os novo modelos de logos que j\u00e1 podem ser utilizados:<\/p>\n<p><a href=\"https:\/\/wp.ufpel.edu.br\/esef\/files\/2023\/11\/FUNDO_VERDE.jpeg\"><img class=\"alignnone size-medium wp-image-4809\" src=\"https:\/\/wp.ufpel.edu.br\/esef\/files\/2023\/11\/FUNDO_VERDE-400x371.jpeg\" alt=\"\" width=\"400\" height=\"371\" srcset=\"https:\/\/wp.ufpel.edu.br\/esef\/files\/2023\/11\/FUNDO_VERDE-400x371.jpeg 400w, https:\/\/wp.ufpel.edu.br\/esef\/files\/2023\/11\/FUNDO_VERDE-1024x949.jpeg 1024w, https:\/\/wp.ufpel.edu.br\/esef\/files\/2023\/11\/FUNDO_VERDE-768x712.jpeg 768w, https:\/\/wp.ufpel.edu.br\/esef\/files\/2023\/11\/FUNDO_VERDE.jpeg 1280w\" sizes=\"(max-width: 400px) 100vw, 400px\" \/><\/a> <a href=\"https:\/\/wp.ufpel.edu.br\/esef\/files\/2023\/11\/AZUL.jpeg\"><img class=\"alignnone size-medium wp-image-4810\" src=\"https:\/\/wp.ufpel.edu.br\/esef\/files\/2023\/11\/AZUL-400x254.jpeg\" alt=\"\" width=\"400\" height=\"254\" srcset=\"https:\/\/wp.ufpel.edu.br\/esef\/files\/2023\/11\/AZUL-400x254.jpeg 400w, https:\/\/wp.ufpel.edu.br\/esef\/files\/2023\/11\/AZUL-1024x651.jpeg 1024w, https:\/\/wp.ufpel.edu.br\/esef\/files\/2023\/11\/AZUL-768x488.jpeg 768w, https:\/\/wp.ufpel.edu.br\/esef\/files\/2023\/11\/AZUL.jpeg 1280w\" sizes=\"(max-width: 400px) 100vw, 400px\" \/><\/a> <a href=\"https:\/\/wp.ufpel.edu.br\/esef\/files\/2023\/11\/VERMELHA.jpeg\"><img class=\"alignnone size-medium wp-image-4811\" src=\"https:\/\/wp.ufpel.edu.br\/esef\/files\/2023\/11\/VERMELHA-400x254.jpeg\" alt=\"\" width=\"400\" height=\"254\" srcset=\"https:\/\/wp.ufpel.edu.br\/esef\/files\/2023\/11\/VERMELHA-400x254.jpeg 400w, https:\/\/wp.ufpel.edu.br\/esef\/files\/2023\/11\/VERMELHA-1024x651.jpeg 1024w, https:\/\/wp.ufpel.edu.br\/esef\/files\/2023\/11\/VERMELHA-768x488.jpeg 768w, https:\/\/wp.ufpel.edu.br\/esef\/files\/2023\/11\/VERMELHA.jpeg 1280w\" sizes=\"(max-width: 400px) 100vw, 400px\" \/><\/a> <a href=\"https:\/\/wp.ufpel.edu.br\/esef\/files\/2023\/11\/VERDE_3.jpeg\"><img class=\"alignnone size-medium wp-image-4812\" src=\"https:\/\/wp.ufpel.edu.br\/esef\/files\/2023\/11\/VERDE_3-400x254.jpeg\" alt=\"\" width=\"400\" height=\"254\" srcset=\"https:\/\/wp.ufpel.edu.br\/esef\/files\/2023\/11\/VERDE_3-400x254.jpeg 400w, https:\/\/wp.ufpel.edu.br\/esef\/files\/2023\/11\/VERDE_3-1024x651.jpeg 1024w, https:\/\/wp.ufpel.edu.br\/esef\/files\/2023\/11\/VERDE_3-768x488.jpeg 768w, https:\/\/wp.ufpel.edu.br\/esef\/files\/2023\/11\/VERDE_3.jpeg 1280w\" sizes=\"(max-width: 400px) 100vw, 400px\" \/><\/a> <a href=\"https:\/\/wp.ufpel.edu.br\/esef\/files\/2023\/11\/VERDE_2.jpeg\"><img class=\"alignnone size-medium wp-image-4813\" src=\"https:\/\/wp.ufpel.edu.br\/esef\/files\/2023\/11\/VERDE_2-400x254.jpeg\" alt=\"\" width=\"400\" height=\"254\" srcset=\"https:\/\/wp.ufpel.edu.br\/esef\/files\/2023\/11\/VERDE_2-400x254.jpeg 400w, https:\/\/wp.ufpel.edu.br\/esef\/files\/2023\/11\/VERDE_2-1024x651.jpeg 1024w, https:\/\/wp.ufpel.edu.br\/esef\/files\/2023\/11\/VERDE_2-768x488.jpeg 768w, https:\/\/wp.ufpel.edu.br\/esef\/files\/2023\/11\/VERDE_2.jpeg 1280w\" sizes=\"(max-width: 400px) 100vw, 400px\" \/><\/a> <a href=\"https:\/\/wp.ufpel.edu.br\/esef\/files\/2023\/11\/VERDE_1.jpeg\"><img class=\"alignnone size-medium wp-image-4814\" src=\"https:\/\/wp.ufpel.edu.br\/esef\/files\/2023\/11\/VERDE_1-400x254.jpeg\" alt=\"\" width=\"400\" height=\"254\" srcset=\"https:\/\/wp.ufpel.edu.br\/esef\/files\/2023\/11\/VERDE_1-400x254.jpeg 400w, https:\/\/wp.ufpel.edu.br\/esef\/files\/2023\/11\/VERDE_1-1024x651.jpeg 1024w, https:\/\/wp.ufpel.edu.br\/esef\/files\/2023\/11\/VERDE_1-768x488.jpeg 768w, https:\/\/wp.ufpel.edu.br\/esef\/files\/2023\/11\/VERDE_1.jpeg 1280w\" sizes=\"(max-width: 400px) 100vw, 400px\" \/><\/a> <a href=\"https:\/\/wp.ufpel.edu.br\/esef\/files\/2023\/11\/ROXA.jpeg\"><img class=\"alignnone size-medium wp-image-4815\" src=\"https:\/\/wp.ufpel.edu.br\/esef\/files\/2023\/11\/ROXA-400x254.jpeg\" alt=\"\" width=\"400\" height=\"254\" srcset=\"https:\/\/wp.ufpel.edu.br\/esef\/files\/2023\/11\/ROXA-400x254.jpeg 400w, https:\/\/wp.ufpel.edu.br\/esef\/files\/2023\/11\/ROXA-1024x651.jpeg 1024w, https:\/\/wp.ufpel.edu.br\/esef\/files\/2023\/11\/ROXA-768x488.jpeg 768w, https:\/\/wp.ufpel.edu.br\/esef\/files\/2023\/11\/ROXA.jpeg 1280w\" sizes=\"(max-width: 400px) 100vw, 400px\" \/><\/a> <a href=\"https:\/\/wp.ufpel.edu.br\/esef\/files\/2023\/11\/PRETA.jpeg\"><img class=\"alignnone size-medium wp-image-4816\" src=\"https:\/\/wp.ufpel.edu.br\/esef\/files\/2023\/11\/PRETA-400x254.jpeg\" alt=\"\" width=\"400\" height=\"254\" srcset=\"https:\/\/wp.ufpel.edu.br\/esef\/files\/2023\/11\/PRETA-400x254.jpeg 400w, https:\/\/wp.ufpel.edu.br\/esef\/files\/2023\/11\/PRETA-1024x651.jpeg 1024w, https:\/\/wp.ufpel.edu.br\/esef\/files\/2023\/11\/PRETA-768x488.jpeg 768w, https:\/\/wp.ufpel.edu.br\/esef\/files\/2023\/11\/PRETA.jpeg 1280w\" sizes=\"(max-width: 400px) 100vw, 400px\" \/><\/a> <a href=\"https:\/\/wp.ufpel.edu.br\/esef\/files\/2023\/11\/LARANJA.jpeg\"><img class=\"alignnone size-medium wp-image-4817\" src=\"https:\/\/wp.ufpel.edu.br\/esef\/files\/2023\/11\/LARANJA-400x254.jpeg\" alt=\"\" width=\"400\" height=\"254\" srcset=\"https:\/\/wp.ufpel.edu.br\/esef\/files\/2023\/11\/LARANJA-400x254.jpeg 400w, https:\/\/wp.ufpel.edu.br\/esef\/files\/2023\/11\/LARANJA-1024x651.jpeg 1024w, https:\/\/wp.ufpel.edu.br\/esef\/files\/2023\/11\/LARANJA-768x488.jpeg 768w, https:\/\/wp.ufpel.edu.br\/esef\/files\/2023\/11\/LARANJA.jpeg 1280w\" sizes=\"(max-width: 400px) 100vw, 400px\" \/><\/a><\/p>\n<p>&nbsp;<\/p>\n<p>&nbsp;<\/p>\n","protected":false},"excerpt":{"rendered":"<p>&nbsp; &nbsp; &nbsp; A atualiza\u00e7\u00e3o do nome da ESEF foi aprovada durante a reuni\u00e3o do CONSUN, ocorrida dia 14\/11\/2023, passando de ESCOLA SUPERIOR DE EDUCA\u00c7\u00c3O F\u00cdSICA para ESCOLA SUPERIOR DE EDUCA\u00c7\u00c3O F\u00cdSICA E FISIOTERAPIA. A sigla (ESEF) permanece inalterada. Abaixo seguem os novo modelos de logos que j\u00e1 podem ser utilizados: &nbsp; &nbsp;<\/p>\n","protected":false},"author":289,"featured_media":0,"parent":6,"menu_order":8,"comment_status":"closed","ping_status":"closed","template":"","meta":{"footnotes":""},"class_list":["post-105","page","type-page","status-publish","hentry"],"_links":{"self":[{"href":"https:\/\/wp.ufpel.edu.br\/esef\/wp-json\/wp\/v2\/pages\/105","targetHints":{"allow":["GET"]}}],"collection":[{"href":"https:\/\/wp.ufpel.edu.br\/esef\/wp-json\/wp\/v2\/pages"}],"about":[{"href":"https:\/\/wp.ufpel.edu.br\/esef\/wp-json\/wp\/v2\/types\/page"}],"author":[{"embeddable":true,"href":"https:\/\/wp.ufpel.edu.br\/esef\/wp-json\/wp\/v2\/users\/289"}],"replies":[{"embeddable":true,"href":"https:\/\/wp.ufpel.edu.br\/esef\/wp-json\/wp\/v2\/comments?post=105"}],"version-history":[{"count":11,"href":"https:\/\/wp.ufpel.edu.br\/esef\/wp-json\/wp\/v2\/pages\/105\/revisions"}],"predecessor-version":[{"id":4819,"href":"https:\/\/wp.ufpel.edu.br\/esef\/wp-json\/wp\/v2\/pages\/105\/revisions\/4819"}],"up":[{"embeddable":true,"href":"https:\/\/wp.ufpel.edu.br\/esef\/wp-json\/wp\/v2\/pages\/6"}],"wp:attachment":[{"href":"https:\/\/wp.ufpel.edu.br\/esef\/wp-json\/wp\/v2\/media?parent=105"}],"curies":[{"name":"wp","href":"https:\/\/api.w.org\/{rel}","templated":true}]}}