{"id":1037,"date":"2014-06-13T21:03:33","date_gmt":"2014-06-14T00:03:33","guid":{"rendered":"https:\/\/wp.ufpel.edu.br\/esef\/?page_id=1037"},"modified":"2014-06-13T21:03:33","modified_gmt":"2014-06-14T00:03:33","slug":"educacao-fisica-educacao-saude-e-escola","status":"publish","type":"page","link":"https:\/\/wp.ufpel.edu.br\/esef\/laboratoriosgrupos-de-pesquisa\/educacao-fisica-educacao-saude-e-escola\/","title":{"rendered":"Educa\u00e7\u00e3o F\u00edsica: educa\u00e7\u00e3o, sa\u00fade e escola"},"content":{"rendered":"<p>Coordenadores: Fl\u00e1vio Pereira e Mariangela Afonso<br \/>\n\u00c1rea: Ci\u00eancias da sa\u00fade: Educa\u00e7\u00e3o F\u00edsica<br \/>\nLinhas de Pesquisa: Educa\u00e7\u00e3o F\u00edsica e Qualidade de Vida, Educa\u00e7\u00e3o F\u00edsica Escolar, Forma\u00e7\u00e3o de Professores;<br \/>\nDocentes: Fl\u00e1vio Pereira, Mariangela Afonso, Jos\u00e9 Francisco Schild, Jos\u00e9 Francisco P. Tavares, Maria Helena Oehlschalaeger e Katia Berni.<br \/>\nAlunos:\u00a0 Carla Machado, Mauricio Razeira, Carim Teixeira,\u00a0 Danieal Alves, Fabiana Montiel, Flavia Nascimento, Fabrio Renato Costa, Helder Quadros, Marcel Cardoso, Rafael Os\u00f3rio, Silvia Pinho.<\/p>\n","protected":false},"excerpt":{"rendered":"<p>Coordenadores: Fl\u00e1vio Pereira e Mariangela Afonso \u00c1rea: Ci\u00eancias da sa\u00fade: Educa\u00e7\u00e3o F\u00edsica Linhas de Pesquisa: Educa\u00e7\u00e3o F\u00edsica e Qualidade de Vida, Educa\u00e7\u00e3o F\u00edsica Escolar, Forma\u00e7\u00e3o de Professores; Docentes: Fl\u00e1vio Pereira, Mariangela Afonso, Jos\u00e9 Francisco Schild, Jos\u00e9 Francisco P. Tavares, Maria Helena Oehlschalaeger e Katia Berni. Alunos:\u00a0 Carla Machado, Mauricio Razeira, Carim Teixeira,\u00a0 Danieal Alves, Fabiana [&hellip;]<\/p>\n","protected":false},"author":289,"featured_media":0,"parent":17,"menu_order":0,"comment_status":"closed","ping_status":"closed","template":"","meta":{"footnotes":""},"class_list":["post-1037","page","type-page","status-publish","hentry"],"_links":{"self":[{"href":"https:\/\/wp.ufpel.edu.br\/esef\/wp-json\/wp\/v2\/pages\/1037","targetHints":{"allow":["GET"]}}],"collection":[{"href":"https:\/\/wp.ufpel.edu.br\/esef\/wp-json\/wp\/v2\/pages"}],"about":[{"href":"https:\/\/wp.ufpel.edu.br\/esef\/wp-json\/wp\/v2\/types\/page"}],"author":[{"embeddable":true,"href":"https:\/\/wp.ufpel.edu.br\/esef\/wp-json\/wp\/v2\/users\/289"}],"replies":[{"embeddable":true,"href":"https:\/\/wp.ufpel.edu.br\/esef\/wp-json\/wp\/v2\/comments?post=1037"}],"version-history":[{"count":1,"href":"https:\/\/wp.ufpel.edu.br\/esef\/wp-json\/wp\/v2\/pages\/1037\/revisions"}],"predecessor-version":[{"id":1038,"href":"https:\/\/wp.ufpel.edu.br\/esef\/wp-json\/wp\/v2\/pages\/1037\/revisions\/1038"}],"up":[{"embeddable":true,"href":"https:\/\/wp.ufpel.edu.br\/esef\/wp-json\/wp\/v2\/pages\/17"}],"wp:attachment":[{"href":"https:\/\/wp.ufpel.edu.br\/esef\/wp-json\/wp\/v2\/media?parent=1037"}],"curies":[{"name":"wp","href":"https:\/\/api.w.org\/{rel}","templated":true}]}}