{"id":103,"date":"2013-07-25T19:29:23","date_gmt":"2013-07-25T22:29:23","guid":{"rendered":"https:\/\/wp.ufpel.edu.br\/esef\/?page_id=103"},"modified":"2019-07-08T15:05:56","modified_gmt":"2019-07-08T18:05:56","slug":"historico","status":"publish","type":"page","link":"https:\/\/wp.ufpel.edu.br\/esef\/administracao\/historico\/","title":{"rendered":"Hist\u00f3rico"},"content":{"rendered":"<p style=\"text-align: justify\">\u00a0 \u00a0 A Escola Superior de Educa\u00e7\u00e3o F\u00edsica \u2013 ESEF da Universidade Federal de Pelotas \u2013 UFPel foi criada em 1971 sendo reconhecida pelo Decreto n\u00ba. 79.873, em 27 de junho de 1977.<\/p>\n<p style=\"text-align: justify\">\u00a0 \u00a0 Administrativamente comp\u00f5e-se de: Dire\u00e7\u00e3o e Vice-Dire\u00e7\u00e3o da Unidade, Conselho Departamental, Departamento de Desportos, Departamento de Gin\u00e1stica e Sa\u00fade, Colegiado do Curso de Bacharelado, Colegiado dos Cursos de Licenciatura e Colegiado de Curso de P\u00f3s-Gradua\u00e7\u00e3o.<\/p>\n<p style=\"text-align: justify\">\u00a0 \u00a0Em termos de gradua\u00e7\u00e3o oferece os cursos de Licenciatura, diurno e noturno, e de Bacharelado &#8211; diurno. Na p\u00f3s-gradua\u00e7\u00e3o oferece cursos de Especializa\u00e7\u00e3o em Educa\u00e7\u00e3o F\u00edsica Escolar, Mestrado e Doutorado em Educa\u00e7\u00e3o F\u00edsica.<\/p>\n<p style=\"text-align: justify\">\u00a0 \u00a0 Al\u00e9m dos projetos de ensino que fortalecem o trabalho desenvolvido nas diferentes disciplinas voltadas a alunos da Unidade ou de outros cursos da UFPel, a ESEF desenvolve uma s\u00e9rie de a\u00e7\u00f5es de extens\u00e3o universit\u00e1ria, com longa tradi\u00e7\u00e3o de presta\u00e7\u00e3o de servi\u00e7os \u00e0 comunidade, abrangendo popula\u00e7\u00f5es de crian\u00e7as, jovens, adultos, idosos, pessoas com defici\u00eancia e\/ou\u00a0 necessidades especiais. Especialmente a partir da consolida\u00e7\u00e3o do Programa de P\u00f3s-Gradua\u00e7\u00e3o, cresceu consideravelmente o n\u00famero de projetos de pesquisa desenvolvidos a partir da vincula\u00e7\u00e3o com os grupos, laborat\u00f3rios e linhas de pesquisa da Unidade.<\/p>\n<p><strong>Contribui\u00e7\u00e3o \u00e0 Miss\u00e3o e Vis\u00e3o da UFPel<\/strong><\/p>\n<p style=\"text-align: justify\">\u00a0 \u00a0 As a\u00e7\u00f5es da ESEF se alinham a miss\u00e3o e vis\u00e3o institucionais. Neste sentido vem promovendo a forma\u00e7\u00e3o integral comprometida com o progresso da sociedade, atrav\u00e9s do ensino, pesquisa e prestando servi\u00e7os de qualidade junto \u00e0 comunidade.<\/p>\n","protected":false},"excerpt":{"rendered":"<p>\u00a0 \u00a0 A Escola Superior de Educa\u00e7\u00e3o F\u00edsica \u2013 ESEF da Universidade Federal de Pelotas \u2013 UFPel foi criada em 1971 sendo reconhecida pelo Decreto n\u00ba. 79.873, em 27 de junho de 1977. \u00a0 \u00a0 Administrativamente comp\u00f5e-se de: Dire\u00e7\u00e3o e Vice-Dire\u00e7\u00e3o da Unidade, Conselho Departamental, Departamento de Desportos, Departamento de Gin\u00e1stica e Sa\u00fade, Colegiado do [&hellip;]<\/p>\n","protected":false},"author":289,"featured_media":0,"parent":6,"menu_order":7,"comment_status":"closed","ping_status":"closed","template":"","meta":{"footnotes":""},"class_list":["post-103","page","type-page","status-publish","hentry"],"_links":{"self":[{"href":"https:\/\/wp.ufpel.edu.br\/esef\/wp-json\/wp\/v2\/pages\/103","targetHints":{"allow":["GET"]}}],"collection":[{"href":"https:\/\/wp.ufpel.edu.br\/esef\/wp-json\/wp\/v2\/pages"}],"about":[{"href":"https:\/\/wp.ufpel.edu.br\/esef\/wp-json\/wp\/v2\/types\/page"}],"author":[{"embeddable":true,"href":"https:\/\/wp.ufpel.edu.br\/esef\/wp-json\/wp\/v2\/users\/289"}],"replies":[{"embeddable":true,"href":"https:\/\/wp.ufpel.edu.br\/esef\/wp-json\/wp\/v2\/comments?post=103"}],"version-history":[{"count":6,"href":"https:\/\/wp.ufpel.edu.br\/esef\/wp-json\/wp\/v2\/pages\/103\/revisions"}],"predecessor-version":[{"id":3181,"href":"https:\/\/wp.ufpel.edu.br\/esef\/wp-json\/wp\/v2\/pages\/103\/revisions\/3181"}],"up":[{"embeddable":true,"href":"https:\/\/wp.ufpel.edu.br\/esef\/wp-json\/wp\/v2\/pages\/6"}],"wp:attachment":[{"href":"https:\/\/wp.ufpel.edu.br\/esef\/wp-json\/wp\/v2\/media?parent=103"}],"curies":[{"name":"wp","href":"https:\/\/api.w.org\/{rel}","templated":true}]}}