{"id":84,"date":"2018-02-22T14:08:42","date_gmt":"2018-02-22T17:08:42","guid":{"rendered":"https:\/\/wp.ufpel.edu.br\/escritoriodeprocessos\/?page_id=84"},"modified":"2022-10-21T11:23:21","modified_gmt":"2022-10-21T14:23:21","slug":"mapeamento-de-processos","status":"publish","type":"page","link":"https:\/\/wp.ufpel.edu.br\/escritoriodeprocessos\/mapeamento-de-processos\/","title":{"rendered":"Mapeamento de Processos UFPel"},"content":{"rendered":"<p>Mapeamento de processos \u00e9 uma ferramenta de gest\u00e3o e planejamento onde atrav\u00e9s de um fluxograma \u00e9 poss\u00edvel visualizar todas as etapas do processo, identificando melhorias a serem implantadas.<\/p>\n<p>No Escrit\u00f3rio, o mapeamento \u00e9 elaborado em 7 etapas, sendo essas:<\/p>\n<p><img loading=\"lazy\" decoding=\"async\" class=\"aligncenter wp-image-1204 size-full\" src=\"https:\/\/wp.ufpel.edu.br\/escritoriodeprocessos\/files\/2022\/10\/Etapas-resumidas.png\" alt=\"\" width=\"1024\" height=\"768\" srcset=\"https:\/\/wp.ufpel.edu.br\/escritoriodeprocessos\/files\/2022\/10\/Etapas-resumidas.png 1024w, https:\/\/wp.ufpel.edu.br\/escritoriodeprocessos\/files\/2022\/10\/Etapas-resumidas-400x300.png 400w, https:\/\/wp.ufpel.edu.br\/escritoriodeprocessos\/files\/2022\/10\/Etapas-resumidas-768x576.png 768w, https:\/\/wp.ufpel.edu.br\/escritoriodeprocessos\/files\/2022\/10\/Etapas-resumidas-267x200.png 267w\" sizes=\"auto, (max-width: 1024px) 100vw, 1024px\" \/><\/p>\n<p style=\"text-align: center;\">Fonte: Escrit\u00f3rio de Processos<\/p>\n","protected":false},"excerpt":{"rendered":"<p>Mapeamento de processos \u00e9 uma ferramenta de gest\u00e3o e planejamento onde atrav\u00e9s de um fluxograma \u00e9 poss\u00edvel visualizar todas as etapas do processo, identificando melhorias a serem&hellip; <span class=\"read-more\"><a class=\"more-link\" href=\"https:\/\/wp.ufpel.edu.br\/escritoriodeprocessos\/mapeamento-de-processos\/\" rel=\"bookmark\">Leia Mais <span class=\"screen-reader-text\">&#8220;Mapeamento de Processos UFPel&#8221;<\/span><\/a><\/span><\/p>\n","protected":false},"author":823,"featured_media":0,"parent":0,"menu_order":4,"comment_status":"closed","ping_status":"closed","template":"","meta":{"footnotes":""},"class_list":["post-84","page","type-page","status-publish","hentry"],"_links":{"self":[{"href":"https:\/\/wp.ufpel.edu.br\/escritoriodeprocessos\/wp-json\/wp\/v2\/pages\/84","targetHints":{"allow":["GET"]}}],"collection":[{"href":"https:\/\/wp.ufpel.edu.br\/escritoriodeprocessos\/wp-json\/wp\/v2\/pages"}],"about":[{"href":"https:\/\/wp.ufpel.edu.br\/escritoriodeprocessos\/wp-json\/wp\/v2\/types\/page"}],"author":[{"embeddable":true,"href":"https:\/\/wp.ufpel.edu.br\/escritoriodeprocessos\/wp-json\/wp\/v2\/users\/823"}],"replies":[{"embeddable":true,"href":"https:\/\/wp.ufpel.edu.br\/escritoriodeprocessos\/wp-json\/wp\/v2\/comments?post=84"}],"version-history":[{"count":8,"href":"https:\/\/wp.ufpel.edu.br\/escritoriodeprocessos\/wp-json\/wp\/v2\/pages\/84\/revisions"}],"predecessor-version":[{"id":1373,"href":"https:\/\/wp.ufpel.edu.br\/escritoriodeprocessos\/wp-json\/wp\/v2\/pages\/84\/revisions\/1373"}],"wp:attachment":[{"href":"https:\/\/wp.ufpel.edu.br\/escritoriodeprocessos\/wp-json\/wp\/v2\/media?parent=84"}],"curies":[{"name":"wp","href":"https:\/\/api.w.org\/{rel}","templated":true}]}}