{"id":22,"date":"2018-02-16T09:45:56","date_gmt":"2018-02-16T11:45:56","guid":{"rendered":"https:\/\/wp.ufpel.edu.br\/escritoriodeprocessos\/?page_id=22"},"modified":"2022-10-27T13:37:11","modified_gmt":"2022-10-27T16:37:11","slug":"materialdeapoio","status":"publish","type":"page","link":"https:\/\/wp.ufpel.edu.br\/escritoriodeprocessos\/materialdeapoio\/","title":{"rendered":"Material de Apoio T\u00e9cnico"},"content":{"rendered":"<p style=\"text-align: justify;\"><span style=\"font-size: 12pt;\">O Escrit\u00f3rio de Processos (EP) disponibiliza o manual e o tutorial sobre os padr\u00f5es de mapeamento que segue.<\/span><\/p>\n<p style=\"text-align: justify;\"><span style=\"font-family: georgia, palatino, serif; font-size: 12pt;\">Para acessar o Manual de Gest\u00e3o por Processos, vers\u00e3o 2022, clique aqui:<span style=\"color: #0000ff;\">\u00a0<\/span><a href=\"https:\/\/drive.google.com\/file\/d\/1r_chQD26nzCtPdKzKdHo2NKFAMCsoBoI\/view?usp=sharing\"><span style=\"color: #0000ff;\"><span style=\"color: #74b7c4;\">Manual de Gest\u00e3o por Processos<\/span><\/span><\/a><\/span><\/p>\n<p style=\"text-align: justify;\"><span style=\"font-family: georgia, palatino, serif; font-size: 12pt;\">Para acessar o tutorial \u00a0vers\u00e3o 2022, clique aqui: <a href=\"https:\/\/drive.google.com\/file\/d\/19ao3R2v4kxWW-WDmiTyNEpUJIAf8tHh-\/view?usp=sharing\"><span style=\"color: #74b7c4;\">Tutorial Mapeamento 2022<\/span><\/a><\/span><\/p>\n","protected":false},"excerpt":{"rendered":"<p>O Escrit\u00f3rio de Processos (EP) disponibiliza o manual e o tutorial sobre os padr\u00f5es de mapeamento que segue. Para acessar o Manual de Gest\u00e3o por Processos, vers\u00e3o&hellip; <span class=\"read-more\"><a class=\"more-link\" href=\"https:\/\/wp.ufpel.edu.br\/escritoriodeprocessos\/materialdeapoio\/\" rel=\"bookmark\">Leia Mais <span class=\"screen-reader-text\">&#8220;Material de Apoio T\u00e9cnico&#8221;<\/span><\/a><\/span><\/p>\n","protected":false},"author":823,"featured_media":0,"parent":0,"menu_order":0,"comment_status":"closed","ping_status":"closed","template":"","meta":{"footnotes":""},"class_list":["post-22","page","type-page","status-publish","hentry"],"_links":{"self":[{"href":"https:\/\/wp.ufpel.edu.br\/escritoriodeprocessos\/wp-json\/wp\/v2\/pages\/22","targetHints":{"allow":["GET"]}}],"collection":[{"href":"https:\/\/wp.ufpel.edu.br\/escritoriodeprocessos\/wp-json\/wp\/v2\/pages"}],"about":[{"href":"https:\/\/wp.ufpel.edu.br\/escritoriodeprocessos\/wp-json\/wp\/v2\/types\/page"}],"author":[{"embeddable":true,"href":"https:\/\/wp.ufpel.edu.br\/escritoriodeprocessos\/wp-json\/wp\/v2\/users\/823"}],"replies":[{"embeddable":true,"href":"https:\/\/wp.ufpel.edu.br\/escritoriodeprocessos\/wp-json\/wp\/v2\/comments?post=22"}],"version-history":[{"count":18,"href":"https:\/\/wp.ufpel.edu.br\/escritoriodeprocessos\/wp-json\/wp\/v2\/pages\/22\/revisions"}],"predecessor-version":[{"id":1423,"href":"https:\/\/wp.ufpel.edu.br\/escritoriodeprocessos\/wp-json\/wp\/v2\/pages\/22\/revisions\/1423"}],"wp:attachment":[{"href":"https:\/\/wp.ufpel.edu.br\/escritoriodeprocessos\/wp-json\/wp\/v2\/media?parent=22"}],"curies":[{"name":"wp","href":"https:\/\/api.w.org\/{rel}","templated":true}]}}