{"id":2063,"date":"2024-11-26T14:52:28","date_gmt":"2024-11-26T17:52:28","guid":{"rendered":"https:\/\/wp.ufpel.edu.br\/escritoriodeprocessos\/?page_id=2063"},"modified":"2024-11-28T09:16:59","modified_gmt":"2024-11-28T12:16:59","slug":"cadeia-de-valor","status":"publish","type":"page","link":"https:\/\/wp.ufpel.edu.br\/escritoriodeprocessos\/cadeia-de-valor\/","title":{"rendered":"Cadeia de valor"},"content":{"rendered":"<p>A <strong>cadeia de valor do Escrit\u00f3rio de Processos da UFPEL<\/strong> representa um mapa estrat\u00e9gico das atividades realizadas para garantir a efici\u00eancia e melhoria cont\u00ednua dos processos institucionais. Ela abrange desde a identifica\u00e7\u00e3o e an\u00e1lise de processos existentes at\u00e9 a implementa\u00e7\u00e3o de melhorias e atualiza\u00e7\u00f5es, sempre com foco na transpar\u00eancia e na otimiza\u00e7\u00e3o das opera\u00e7\u00f5es administrativas.<\/p>\n<p>Abaixo est\u00e1 o painel de visualiza\u00e7\u00e3o dos processos mapeados\/novos processos:<\/p>\n<p><iframe loading=\"lazy\" src=\"https:\/\/docs.google.com\/spreadsheets\/d\/e\/2PACX-1vRQ8SnB6_5BDtIvrwqXhy2SPqJJN3iAnszh_DbhbT_21V7Wybnn4oizTfRcYJd-5g\/pubchart?oid=920311600&amp;format=interactive\" width=\"1451\" height=\"786\" frameborder=\"0\" scrolling=\"no\" seamless=\"\"><\/iframe><\/p>\n","protected":false},"excerpt":{"rendered":"<p>A cadeia de valor do Escrit\u00f3rio de Processos da UFPEL representa um mapa estrat\u00e9gico das atividades realizadas para garantir a efici\u00eancia e melhoria cont\u00ednua dos processos institucionais.&hellip; <span class=\"read-more\"><a class=\"more-link\" href=\"https:\/\/wp.ufpel.edu.br\/escritoriodeprocessos\/cadeia-de-valor\/\" rel=\"bookmark\">Leia Mais <span class=\"screen-reader-text\">&#8220;Cadeia de valor&#8221;<\/span><\/a><\/span><\/p>\n","protected":false},"author":823,"featured_media":0,"parent":0,"menu_order":0,"comment_status":"closed","ping_status":"closed","template":"","meta":{"footnotes":""},"class_list":["post-2063","page","type-page","status-publish","hentry"],"_links":{"self":[{"href":"https:\/\/wp.ufpel.edu.br\/escritoriodeprocessos\/wp-json\/wp\/v2\/pages\/2063","targetHints":{"allow":["GET"]}}],"collection":[{"href":"https:\/\/wp.ufpel.edu.br\/escritoriodeprocessos\/wp-json\/wp\/v2\/pages"}],"about":[{"href":"https:\/\/wp.ufpel.edu.br\/escritoriodeprocessos\/wp-json\/wp\/v2\/types\/page"}],"author":[{"embeddable":true,"href":"https:\/\/wp.ufpel.edu.br\/escritoriodeprocessos\/wp-json\/wp\/v2\/users\/823"}],"replies":[{"embeddable":true,"href":"https:\/\/wp.ufpel.edu.br\/escritoriodeprocessos\/wp-json\/wp\/v2\/comments?post=2063"}],"version-history":[{"count":19,"href":"https:\/\/wp.ufpel.edu.br\/escritoriodeprocessos\/wp-json\/wp\/v2\/pages\/2063\/revisions"}],"predecessor-version":[{"id":2091,"href":"https:\/\/wp.ufpel.edu.br\/escritoriodeprocessos\/wp-json\/wp\/v2\/pages\/2063\/revisions\/2091"}],"wp:attachment":[{"href":"https:\/\/wp.ufpel.edu.br\/escritoriodeprocessos\/wp-json\/wp\/v2\/media?parent=2063"}],"curies":[{"name":"wp","href":"https:\/\/api.w.org\/{rel}","templated":true}]}}