{"id":1151,"date":"2022-10-14T15:23:08","date_gmt":"2022-10-14T18:23:08","guid":{"rendered":"https:\/\/wp.ufpel.edu.br\/escritoriodeprocessos\/?page_id=1151"},"modified":"2022-10-17T13:56:21","modified_gmt":"2022-10-17T16:56:21","slug":"sistema-eletronico-de-informacoes-sei","status":"publish","type":"page","link":"https:\/\/wp.ufpel.edu.br\/escritoriodeprocessos\/sistema-eletronico-de-informacoes-sei\/","title":{"rendered":"Sistema Eletr\u00f4nico de Informa\u00e7\u00f5es (SEI)"},"content":{"rendered":"<p style=\"text-align: center;\"><img loading=\"lazy\" decoding=\"async\" class=\"alignnone wp-image-1208\" src=\"https:\/\/wp.ufpel.edu.br\/escritoriodeprocessos\/files\/2022\/10\/SEI-400x189.png\" alt=\"\" width=\"317\" height=\"150\" srcset=\"https:\/\/wp.ufpel.edu.br\/escritoriodeprocessos\/files\/2022\/10\/SEI-400x189.png 400w, https:\/\/wp.ufpel.edu.br\/escritoriodeprocessos\/files\/2022\/10\/SEI-1024x485.png 1024w, https:\/\/wp.ufpel.edu.br\/escritoriodeprocessos\/files\/2022\/10\/SEI-768x364.png 768w, https:\/\/wp.ufpel.edu.br\/escritoriodeprocessos\/files\/2022\/10\/SEI-1536x727.png 1536w, https:\/\/wp.ufpel.edu.br\/escritoriodeprocessos\/files\/2022\/10\/SEI-2048x970.png 2048w, https:\/\/wp.ufpel.edu.br\/escritoriodeprocessos\/files\/2022\/10\/SEI-422x200.png 422w\" sizes=\"auto, (max-width: 317px) 100vw, 317px\" \/><\/p>\n<p>O que \u00e9 o Sistema Eletr\u00f4nico de Informa\u00e7\u00f5es (SEI)?<\/p>\n<p>Para saber mais sobre o SEI, acesse: <a href=\"https:\/\/wp.ufpel.edu.br\/sei\/?page_id=180\">https:\/\/wp.ufpel.edu.br\/sei\/<\/a><\/p>\n<p>&nbsp;<\/p>\n<p style=\"padding-left: 40px; text-align: center;\"><strong>Quais atividades s\u00e3o executadas no SEI pelo Escrit\u00f3rio de Processos?<\/strong><\/p>\n<hr \/>\n<p><b>Cria\u00e7\u00e3o e altera\u00e7\u00e3o de Base de conhecimento\u00a0<\/b><\/p>\n<p style=\"text-align: justify;\">\u00a0A base de conhecimento \u00e9 onde se encontra o manual passo-a-passo do tipo de processo a ser utilizado a fim de minimizar erros. Cont\u00e9m uma breve descri\u00e7\u00e3o do processo, juntamente com seu fluxograma, agentes atuantes, condi\u00e7\u00f5es necess\u00e1rias para realiza\u00e7\u00e3o, documentos e Base Legal. Esses dados est\u00e3o inseridos no Sistema Eletr\u00f4nico de Informa\u00e7\u00f5es (SEI) a fim de orientar os usu\u00e1rios na tramita\u00e7\u00e3o de documentos.<\/p>\n<p><b>Cria\u00e7\u00e3o e altera\u00e7\u00e3o de Documentos<\/b><\/p>\n<p style=\"text-align: justify;\">\u00a0Dentro de cada processo no SEI h\u00e1 documentos padronizados necess\u00e1rios para cada atividade. A fun\u00e7\u00e3o do EP \u00e9 alterar informa\u00e7\u00f5es necess\u00e1rias e incluir novos documentos quando solicitado.<\/p>\n<p><b>Cria\u00e7\u00e3o e altera\u00e7\u00e3o de Tipos de Processos<\/b><\/p>\n<p style=\"text-align: justify;\">\u00a0A fim de tramitar documentos de forma padronizada entre Unidades, s\u00e3o criados processos de diversos tipos.<\/p>\n","protected":false},"excerpt":{"rendered":"<p>O que \u00e9 o Sistema Eletr\u00f4nico de Informa\u00e7\u00f5es (SEI)? Para saber mais sobre o SEI, acesse: https:\/\/wp.ufpel.edu.br\/sei\/ &nbsp; Quais atividades s\u00e3o executadas no SEI pelo Escrit\u00f3rio de&hellip; <span class=\"read-more\"><a class=\"more-link\" href=\"https:\/\/wp.ufpel.edu.br\/escritoriodeprocessos\/sistema-eletronico-de-informacoes-sei\/\" rel=\"bookmark\">Leia Mais <span class=\"screen-reader-text\">&#8220;Sistema Eletr\u00f4nico de Informa\u00e7\u00f5es (SEI)&#8221;<\/span><\/a><\/span><\/p>\n","protected":false},"author":823,"featured_media":0,"parent":0,"menu_order":0,"comment_status":"closed","ping_status":"closed","template":"","meta":{"footnotes":""},"class_list":["post-1151","page","type-page","status-publish","hentry"],"_links":{"self":[{"href":"https:\/\/wp.ufpel.edu.br\/escritoriodeprocessos\/wp-json\/wp\/v2\/pages\/1151","targetHints":{"allow":["GET"]}}],"collection":[{"href":"https:\/\/wp.ufpel.edu.br\/escritoriodeprocessos\/wp-json\/wp\/v2\/pages"}],"about":[{"href":"https:\/\/wp.ufpel.edu.br\/escritoriodeprocessos\/wp-json\/wp\/v2\/types\/page"}],"author":[{"embeddable":true,"href":"https:\/\/wp.ufpel.edu.br\/escritoriodeprocessos\/wp-json\/wp\/v2\/users\/823"}],"replies":[{"embeddable":true,"href":"https:\/\/wp.ufpel.edu.br\/escritoriodeprocessos\/wp-json\/wp\/v2\/comments?post=1151"}],"version-history":[{"count":8,"href":"https:\/\/wp.ufpel.edu.br\/escritoriodeprocessos\/wp-json\/wp\/v2\/pages\/1151\/revisions"}],"predecessor-version":[{"id":1311,"href":"https:\/\/wp.ufpel.edu.br\/escritoriodeprocessos\/wp-json\/wp\/v2\/pages\/1151\/revisions\/1311"}],"wp:attachment":[{"href":"https:\/\/wp.ufpel.edu.br\/escritoriodeprocessos\/wp-json\/wp\/v2\/media?parent=1151"}],"curies":[{"name":"wp","href":"https:\/\/api.w.org\/{rel}","templated":true}]}}