{"id":1135,"date":"2022-10-14T15:19:39","date_gmt":"2022-10-14T18:19:39","guid":{"rendered":"https:\/\/wp.ufpel.edu.br\/escritoriodeprocessos\/?page_id=1135"},"modified":"2026-01-14T11:06:08","modified_gmt":"2026-01-14T14:06:08","slug":"ferramentas-utilizadas","status":"publish","type":"page","link":"https:\/\/wp.ufpel.edu.br\/escritoriodeprocessos\/ferramentas-utilizadas\/","title":{"rendered":"Ferramentas utilizadas"},"content":{"rendered":"<p style=\"text-align: center;\"><img loading=\"lazy\" decoding=\"async\" class=\"alignnone size-full wp-image-2224\" src=\"https:\/\/wp.ufpel.edu.br\/escritoriodeprocessos\/files\/2026\/01\/logo-Bizagi.jpg\" alt=\"\" width=\"120\" height=\"47\" \/><\/p>\n<p style=\"text-align: center;\"><strong>Bizagi<\/strong><\/p>\n<p><strong>Dispon\u00edvel em:<\/strong><\/p>\n<p><a href=\"https:\/\/www.bizagi.com\/pt\/plataforma\/modeler\">https:\/\/www.bizagi.com\/pt\/plataforma\/modeler<\/a><\/p>\n<p style=\"text-align: justify;\">\u00a0Bizagi Modeler \u00e9 um software gratuito de nota\u00e7\u00e3o e modelagem de processos de neg\u00f3cio (BPMN), com ferramentas totalmente baseadas em nota\u00e7\u00e3o BPMN capazes de oferecer simplicidade na hora de modelar processos. Desenvolvido para sistemas operacionais <a href=\"http:\/\/www.techtudo.com.br\/tudo-sobre\/windows.html\">Windows<\/a> e tamb\u00e9m dispon\u00edvel em portugu\u00eas.<\/p>\n<p>&nbsp;<\/p>\n<p style=\"text-align: justify;\"><strong>\u00a0Como interpretar o Bizagi:<\/strong><\/p>\n<p style=\"text-align: center;\"><img loading=\"lazy\" decoding=\"async\" class=\"aligncenter wp-image-1196 size-full\" src=\"https:\/\/wp.ufpel.edu.br\/escritoriodeprocessos\/files\/2022\/10\/Interpretacao-do-Bizagi.png\" alt=\"\" width=\"1464\" height=\"1024\" srcset=\"https:\/\/wp.ufpel.edu.br\/escritoriodeprocessos\/files\/2022\/10\/Interpretacao-do-Bizagi.png 1464w, https:\/\/wp.ufpel.edu.br\/escritoriodeprocessos\/files\/2022\/10\/Interpretacao-do-Bizagi-400x280.png 400w, https:\/\/wp.ufpel.edu.br\/escritoriodeprocessos\/files\/2022\/10\/Interpretacao-do-Bizagi-1024x716.png 1024w, https:\/\/wp.ufpel.edu.br\/escritoriodeprocessos\/files\/2022\/10\/Interpretacao-do-Bizagi-768x537.png 768w, https:\/\/wp.ufpel.edu.br\/escritoriodeprocessos\/files\/2022\/10\/Interpretacao-do-Bizagi-286x200.png 286w\" sizes=\"auto, (max-width: 1464px) 100vw, 1464px\" \/><\/p>\n<p>&nbsp;<\/p>\n<p style=\"text-align: center;\"><img loading=\"lazy\" decoding=\"async\" class=\"alignnone wp-image-1200\" src=\"https:\/\/wp.ufpel.edu.br\/escritoriodeprocessos\/files\/2022\/10\/Free_Mind-logo1-400x164.png\" alt=\"\" width=\"83\" height=\"34\" srcset=\"https:\/\/wp.ufpel.edu.br\/escritoriodeprocessos\/files\/2022\/10\/Free_Mind-logo1-400x164.png 400w, https:\/\/wp.ufpel.edu.br\/escritoriodeprocessos\/files\/2022\/10\/Free_Mind-logo1.png 440w\" sizes=\"auto, (max-width: 83px) 100vw, 83px\" \/><\/p>\n<p style=\"text-align: center;\"><strong>FreeMind<\/strong><\/p>\n<p><strong>Dispon\u00edvel em:<\/strong><\/p>\n<p><a href=\"https:\/\/sourceforge.net\/projects\/freemind\/\">https:\/\/sourceforge.net\/projects\/freemind\/<\/a><\/p>\n<p>Freemind \u00e9 um programa de <a href=\"https:\/\/pt.wikipedia.org\/wiki\/Software_livre\">Software Livre<\/a> para criar <a href=\"https:\/\/pt.wikipedia.org\/wiki\/Mapas_mentais\">Mapa mental<\/a>, recomendado para \u00e1rea de estudos, solu\u00e7\u00e3o de problemas, desenvolvimento de projetos, gest\u00e3o de neg\u00f3cios e outras aplica\u00e7\u00f5es para facilitar a memoriza\u00e7\u00e3o e gest\u00e3o dos fatos.<\/p>\n<p>&nbsp;<\/p>\n<p style=\"text-align: center;\"><img loading=\"lazy\" decoding=\"async\" class=\"aligncenter wp-image-1199\" src=\"https:\/\/wp.ufpel.edu.br\/escritoriodeprocessos\/files\/2022\/10\/logo-trello-app-desktop-400x123.png\" alt=\"\" width=\"111\" height=\"34\" srcset=\"https:\/\/wp.ufpel.edu.br\/escritoriodeprocessos\/files\/2022\/10\/logo-trello-app-desktop-400x123.png 400w, https:\/\/wp.ufpel.edu.br\/escritoriodeprocessos\/files\/2022\/10\/logo-trello-app-desktop-1024x315.png 1024w, https:\/\/wp.ufpel.edu.br\/escritoriodeprocessos\/files\/2022\/10\/logo-trello-app-desktop-768x236.png 768w, https:\/\/wp.ufpel.edu.br\/escritoriodeprocessos\/files\/2022\/10\/logo-trello-app-desktop-1536x472.png 1536w, https:\/\/wp.ufpel.edu.br\/escritoriodeprocessos\/files\/2022\/10\/logo-trello-app-desktop-2048x629.png 2048w, https:\/\/wp.ufpel.edu.br\/escritoriodeprocessos\/files\/2022\/10\/logo-trello-app-desktop-651x200.png 651w\" sizes=\"auto, (max-width: 111px) 100vw, 111px\" \/><\/p>\n<p style=\"text-align: center;\"><strong>Trello<\/strong><\/p>\n<p><strong>Dispon\u00edvel em:<\/strong><\/p>\n<p><a href=\"https:\/\/trello.com\/pt-BR\/tour\">https:\/\/trello.com\/pt-BR\/tour<\/a><\/p>\n<p>O Trello \u00e9 uma ferramenta visual que possibilita \u00e0 equipe o gerenciamento de projetos, fluxo de trabalho ou monitoramento de tarefas.<\/p>\n","protected":false},"excerpt":{"rendered":"<p>Bizagi Dispon\u00edvel em: https:\/\/www.bizagi.com\/pt\/plataforma\/modeler \u00a0Bizagi Modeler \u00e9 um software gratuito de nota\u00e7\u00e3o e modelagem de processos de neg\u00f3cio (BPMN), com ferramentas totalmente baseadas em nota\u00e7\u00e3o BPMN capazes&hellip; <span class=\"read-more\"><a class=\"more-link\" href=\"https:\/\/wp.ufpel.edu.br\/escritoriodeprocessos\/ferramentas-utilizadas\/\" rel=\"bookmark\">Leia Mais <span class=\"screen-reader-text\">&#8220;Ferramentas utilizadas&#8221;<\/span><\/a><\/span><\/p>\n","protected":false},"author":823,"featured_media":0,"parent":0,"menu_order":0,"comment_status":"closed","ping_status":"closed","template":"","meta":{"footnotes":""},"class_list":["post-1135","page","type-page","status-publish","hentry"],"_links":{"self":[{"href":"https:\/\/wp.ufpel.edu.br\/escritoriodeprocessos\/wp-json\/wp\/v2\/pages\/1135","targetHints":{"allow":["GET"]}}],"collection":[{"href":"https:\/\/wp.ufpel.edu.br\/escritoriodeprocessos\/wp-json\/wp\/v2\/pages"}],"about":[{"href":"https:\/\/wp.ufpel.edu.br\/escritoriodeprocessos\/wp-json\/wp\/v2\/types\/page"}],"author":[{"embeddable":true,"href":"https:\/\/wp.ufpel.edu.br\/escritoriodeprocessos\/wp-json\/wp\/v2\/users\/823"}],"replies":[{"embeddable":true,"href":"https:\/\/wp.ufpel.edu.br\/escritoriodeprocessos\/wp-json\/wp\/v2\/comments?post=1135"}],"version-history":[{"count":3,"href":"https:\/\/wp.ufpel.edu.br\/escritoriodeprocessos\/wp-json\/wp\/v2\/pages\/1135\/revisions"}],"predecessor-version":[{"id":2226,"href":"https:\/\/wp.ufpel.edu.br\/escritoriodeprocessos\/wp-json\/wp\/v2\/pages\/1135\/revisions\/2226"}],"wp:attachment":[{"href":"https:\/\/wp.ufpel.edu.br\/escritoriodeprocessos\/wp-json\/wp\/v2\/media?parent=1135"}],"curies":[{"name":"wp","href":"https:\/\/api.w.org\/{rel}","templated":true}]}}