{"id":1134,"date":"2022-10-14T15:19:39","date_gmt":"2022-10-14T18:19:39","guid":{"rendered":"https:\/\/wp.ufpel.edu.br\/escritoriodeprocessos\/?page_id=1134"},"modified":"2022-10-21T11:23:50","modified_gmt":"2022-10-21T14:23:50","slug":"metodologia","status":"publish","type":"page","link":"https:\/\/wp.ufpel.edu.br\/escritoriodeprocessos\/metodologia\/","title":{"rendered":"Metodologia"},"content":{"rendered":"<p>A estrat\u00e9gia utilizada pelo Escrit\u00f3rio de Processos abrange as metodologias de sensibiliza\u00e7\u00e3o, do mapeamento inicial e da melhoria dos processos, sendo estruturada em etapas distintas, descritas a seguir:<\/p>\n<p><img loading=\"lazy\" decoding=\"async\" class=\"aligncenter wp-image-1235 size-full\" src=\"https:\/\/wp.ufpel.edu.br\/escritoriodeprocessos\/files\/2022\/10\/Etapas-explicadas_page-0001-scaled.jpg\" alt=\"\" width=\"1024\" height=\"2560\" srcset=\"https:\/\/wp.ufpel.edu.br\/escritoriodeprocessos\/files\/2022\/10\/Etapas-explicadas_page-0001-scaled.jpg 1024w, https:\/\/wp.ufpel.edu.br\/escritoriodeprocessos\/files\/2022\/10\/Etapas-explicadas_page-0001-160x400.jpg 160w, https:\/\/wp.ufpel.edu.br\/escritoriodeprocessos\/files\/2022\/10\/Etapas-explicadas_page-0001-410x1024.jpg 410w, https:\/\/wp.ufpel.edu.br\/escritoriodeprocessos\/files\/2022\/10\/Etapas-explicadas_page-0001-768x1920.jpg 768w, https:\/\/wp.ufpel.edu.br\/escritoriodeprocessos\/files\/2022\/10\/Etapas-explicadas_page-0001-614x1536.jpg 614w, https:\/\/wp.ufpel.edu.br\/escritoriodeprocessos\/files\/2022\/10\/Etapas-explicadas_page-0001-819x2048.jpg 819w, https:\/\/wp.ufpel.edu.br\/escritoriodeprocessos\/files\/2022\/10\/Etapas-explicadas_page-0001-80x200.jpg 80w\" sizes=\"auto, (max-width: 1024px) 100vw, 1024px\" \/><\/p>\n<p style=\"text-align: center;\">Fonte: Escrit\u00f3rio de Processos<\/p>\n","protected":false},"excerpt":{"rendered":"<p>A estrat\u00e9gia utilizada pelo Escrit\u00f3rio de Processos abrange as metodologias de sensibiliza\u00e7\u00e3o, do mapeamento inicial e da melhoria dos processos, sendo estruturada em etapas distintas, descritas a&hellip; <span class=\"read-more\"><a class=\"more-link\" href=\"https:\/\/wp.ufpel.edu.br\/escritoriodeprocessos\/metodologia\/\" rel=\"bookmark\">Leia Mais <span class=\"screen-reader-text\">&#8220;Metodologia&#8221;<\/span><\/a><\/span><\/p>\n","protected":false},"author":823,"featured_media":0,"parent":0,"menu_order":0,"comment_status":"closed","ping_status":"closed","template":"","meta":{"footnotes":""},"class_list":["post-1134","page","type-page","status-publish","hentry"],"_links":{"self":[{"href":"https:\/\/wp.ufpel.edu.br\/escritoriodeprocessos\/wp-json\/wp\/v2\/pages\/1134","targetHints":{"allow":["GET"]}}],"collection":[{"href":"https:\/\/wp.ufpel.edu.br\/escritoriodeprocessos\/wp-json\/wp\/v2\/pages"}],"about":[{"href":"https:\/\/wp.ufpel.edu.br\/escritoriodeprocessos\/wp-json\/wp\/v2\/types\/page"}],"author":[{"embeddable":true,"href":"https:\/\/wp.ufpel.edu.br\/escritoriodeprocessos\/wp-json\/wp\/v2\/users\/823"}],"replies":[{"embeddable":true,"href":"https:\/\/wp.ufpel.edu.br\/escritoriodeprocessos\/wp-json\/wp\/v2\/comments?post=1134"}],"version-history":[{"count":7,"href":"https:\/\/wp.ufpel.edu.br\/escritoriodeprocessos\/wp-json\/wp\/v2\/pages\/1134\/revisions"}],"predecessor-version":[{"id":1374,"href":"https:\/\/wp.ufpel.edu.br\/escritoriodeprocessos\/wp-json\/wp\/v2\/pages\/1134\/revisions\/1374"}],"wp:attachment":[{"href":"https:\/\/wp.ufpel.edu.br\/escritoriodeprocessos\/wp-json\/wp\/v2\/media?parent=1134"}],"curies":[{"name":"wp","href":"https:\/\/api.w.org\/{rel}","templated":true}]}}