{"id":1133,"date":"2022-10-14T15:19:39","date_gmt":"2022-10-14T18:19:39","guid":{"rendered":"https:\/\/wp.ufpel.edu.br\/escritoriodeprocessos\/?page_id=1133"},"modified":"2023-03-29T15:38:12","modified_gmt":"2023-03-29T18:38:12","slug":"servicos","status":"publish","type":"page","link":"https:\/\/wp.ufpel.edu.br\/escritoriodeprocessos\/servicos\/","title":{"rendered":"Servi\u00e7os"},"content":{"rendered":"<p>Os servi\u00e7os prestados pelo Escrit\u00f3rio de Processos (EP) s\u00e3o elencados a seguir:<\/p>\n<p><img loading=\"lazy\" decoding=\"async\" class=\"aligncenter wp-image-1627 size-full\" src=\"https:\/\/wp.ufpel.edu.br\/escritoriodeprocessos\/files\/2023\/03\/SERVICOS_page-0001-1-1.jpg\" alt=\"\" width=\"1600\" height=\"1200\" srcset=\"https:\/\/wp.ufpel.edu.br\/escritoriodeprocessos\/files\/2023\/03\/SERVICOS_page-0001-1-1.jpg 1600w, https:\/\/wp.ufpel.edu.br\/escritoriodeprocessos\/files\/2023\/03\/SERVICOS_page-0001-1-1-400x300.jpg 400w, https:\/\/wp.ufpel.edu.br\/escritoriodeprocessos\/files\/2023\/03\/SERVICOS_page-0001-1-1-1024x768.jpg 1024w, https:\/\/wp.ufpel.edu.br\/escritoriodeprocessos\/files\/2023\/03\/SERVICOS_page-0001-1-1-768x576.jpg 768w, https:\/\/wp.ufpel.edu.br\/escritoriodeprocessos\/files\/2023\/03\/SERVICOS_page-0001-1-1-1536x1152.jpg 1536w, https:\/\/wp.ufpel.edu.br\/escritoriodeprocessos\/files\/2023\/03\/SERVICOS_page-0001-1-1-267x200.jpg 267w\" sizes=\"auto, (max-width: 1600px) 100vw, 1600px\" \/><\/p>\n<p style=\"text-align: center;\">Fonte: Escrit\u00f3rio de Processos<\/p>\n","protected":false},"excerpt":{"rendered":"<p>Os servi\u00e7os prestados pelo Escrit\u00f3rio de Processos (EP) s\u00e3o elencados a seguir: Fonte: Escrit\u00f3rio de Processos<\/p>\n","protected":false},"author":823,"featured_media":0,"parent":0,"menu_order":0,"comment_status":"closed","ping_status":"closed","template":"page-templates\/template-grid.php","meta":{"footnotes":""},"class_list":["post-1133","page","type-page","status-publish","hentry","pique-template-grid"],"_links":{"self":[{"href":"https:\/\/wp.ufpel.edu.br\/escritoriodeprocessos\/wp-json\/wp\/v2\/pages\/1133","targetHints":{"allow":["GET"]}}],"collection":[{"href":"https:\/\/wp.ufpel.edu.br\/escritoriodeprocessos\/wp-json\/wp\/v2\/pages"}],"about":[{"href":"https:\/\/wp.ufpel.edu.br\/escritoriodeprocessos\/wp-json\/wp\/v2\/types\/page"}],"author":[{"embeddable":true,"href":"https:\/\/wp.ufpel.edu.br\/escritoriodeprocessos\/wp-json\/wp\/v2\/users\/823"}],"replies":[{"embeddable":true,"href":"https:\/\/wp.ufpel.edu.br\/escritoriodeprocessos\/wp-json\/wp\/v2\/comments?post=1133"}],"version-history":[{"count":15,"href":"https:\/\/wp.ufpel.edu.br\/escritoriodeprocessos\/wp-json\/wp\/v2\/pages\/1133\/revisions"}],"predecessor-version":[{"id":1629,"href":"https:\/\/wp.ufpel.edu.br\/escritoriodeprocessos\/wp-json\/wp\/v2\/pages\/1133\/revisions\/1629"}],"wp:attachment":[{"href":"https:\/\/wp.ufpel.edu.br\/escritoriodeprocessos\/wp-json\/wp\/v2\/media?parent=1133"}],"curies":[{"name":"wp","href":"https:\/\/api.w.org\/{rel}","templated":true}]}}