{"id":1114,"date":"2022-10-14T15:08:20","date_gmt":"2022-10-14T18:08:20","guid":{"rendered":"https:\/\/wp.ufpel.edu.br\/escritoriodeprocessos\/?page_id=1114"},"modified":"2022-10-21T11:22:07","modified_gmt":"2022-10-21T14:22:07","slug":"missao-visao-e-valores","status":"publish","type":"page","link":"https:\/\/wp.ufpel.edu.br\/escritoriodeprocessos\/missao-visao-e-valores\/","title":{"rendered":"Miss\u00e3o, Vis\u00e3o e Valores"},"content":{"rendered":"<p>O Escrit\u00f3rio de Processos tem estipulados sua miss\u00e3o, vis\u00e3o e valores, expressos a seguir.<\/p>\n<p><img loading=\"lazy\" decoding=\"async\" class=\"alignnone wp-image-1222 size-full\" src=\"https:\/\/wp.ufpel.edu.br\/escritoriodeprocessos\/files\/2022\/10\/Missao-visao-e-valores_page-0001-scaled.jpg\" alt=\"\" width=\"2560\" height=\"2048\" srcset=\"https:\/\/wp.ufpel.edu.br\/escritoriodeprocessos\/files\/2022\/10\/Missao-visao-e-valores_page-0001-scaled.jpg 2560w, https:\/\/wp.ufpel.edu.br\/escritoriodeprocessos\/files\/2022\/10\/Missao-visao-e-valores_page-0001-400x320.jpg 400w, https:\/\/wp.ufpel.edu.br\/escritoriodeprocessos\/files\/2022\/10\/Missao-visao-e-valores_page-0001-1024x819.jpg 1024w, https:\/\/wp.ufpel.edu.br\/escritoriodeprocessos\/files\/2022\/10\/Missao-visao-e-valores_page-0001-768x614.jpg 768w, https:\/\/wp.ufpel.edu.br\/escritoriodeprocessos\/files\/2022\/10\/Missao-visao-e-valores_page-0001-1536x1229.jpg 1536w, https:\/\/wp.ufpel.edu.br\/escritoriodeprocessos\/files\/2022\/10\/Missao-visao-e-valores_page-0001-2048x1638.jpg 2048w, https:\/\/wp.ufpel.edu.br\/escritoriodeprocessos\/files\/2022\/10\/Missao-visao-e-valores_page-0001-250x200.jpg 250w\" sizes=\"auto, (max-width: 2560px) 100vw, 2560px\" \/><\/p>\n<p style=\"text-align: center;\">Fonte: Escrit\u00f3rio de Processos<\/p>\n","protected":false},"excerpt":{"rendered":"<p>O Escrit\u00f3rio de Processos tem estipulados sua miss\u00e3o, vis\u00e3o e valores, expressos a seguir. Fonte: Escrit\u00f3rio de Processos<\/p>\n","protected":false},"author":823,"featured_media":0,"parent":0,"menu_order":0,"comment_status":"closed","ping_status":"closed","template":"","meta":{"footnotes":""},"class_list":["post-1114","page","type-page","status-publish","hentry"],"_links":{"self":[{"href":"https:\/\/wp.ufpel.edu.br\/escritoriodeprocessos\/wp-json\/wp\/v2\/pages\/1114","targetHints":{"allow":["GET"]}}],"collection":[{"href":"https:\/\/wp.ufpel.edu.br\/escritoriodeprocessos\/wp-json\/wp\/v2\/pages"}],"about":[{"href":"https:\/\/wp.ufpel.edu.br\/escritoriodeprocessos\/wp-json\/wp\/v2\/types\/page"}],"author":[{"embeddable":true,"href":"https:\/\/wp.ufpel.edu.br\/escritoriodeprocessos\/wp-json\/wp\/v2\/users\/823"}],"replies":[{"embeddable":true,"href":"https:\/\/wp.ufpel.edu.br\/escritoriodeprocessos\/wp-json\/wp\/v2\/comments?post=1114"}],"version-history":[{"count":8,"href":"https:\/\/wp.ufpel.edu.br\/escritoriodeprocessos\/wp-json\/wp\/v2\/pages\/1114\/revisions"}],"predecessor-version":[{"id":1371,"href":"https:\/\/wp.ufpel.edu.br\/escritoriodeprocessos\/wp-json\/wp\/v2\/pages\/1114\/revisions\/1371"}],"wp:attachment":[{"href":"https:\/\/wp.ufpel.edu.br\/escritoriodeprocessos\/wp-json\/wp\/v2\/media?parent=1114"}],"curies":[{"name":"wp","href":"https:\/\/api.w.org\/{rel}","templated":true}]}}