{"id":1113,"date":"2022-10-14T15:08:20","date_gmt":"2022-10-14T18:08:20","guid":{"rendered":"https:\/\/wp.ufpel.edu.br\/escritoriodeprocessos\/?page_id=1113"},"modified":"2022-10-21T11:21:24","modified_gmt":"2022-10-21T14:21:24","slug":"historico","status":"publish","type":"page","link":"https:\/\/wp.ufpel.edu.br\/escritoriodeprocessos\/historico\/","title":{"rendered":"Hist\u00f3rico"},"content":{"rendered":"<p style=\"text-align: justify;\">\u00a0O Escrit\u00f3rio de Processos (EP) foi regulamentado na Universidade Federal de Pelotas \u2013 UFPel em junho de 2017 atrav\u00e9s da <a href=\"https:\/\/wp.ufpel.edu.br\/scs\/files\/2010\/08\/Nova-Estrutura.pdf\">Resolu\u00e7\u00e3o CONSUN n\u00b0 6.\u00a0<\/a><\/p>\n<p style=\"text-align: justify;\">\u00a0Tem como finalidade entender como os processos funcionam e quais os diferentes tipos existentes, fazendo-se importante para compreender a melhor maneira de gerenci\u00e1-los obtendo a maximiza\u00e7\u00e3o dos seus resultados. Sendo assim, busca-se obter conhecimento de todos os processos dentro da Universidade.<\/p>\n<p><img loading=\"lazy\" decoding=\"async\" class=\"aligncenter wp-image-1229 size-full\" src=\"https:\/\/wp.ufpel.edu.br\/escritoriodeprocessos\/files\/2022\/10\/Historico_page-0001-scaled.jpg\" alt=\"\" width=\"2560\" height=\"1440\" srcset=\"https:\/\/wp.ufpel.edu.br\/escritoriodeprocessos\/files\/2022\/10\/Historico_page-0001-scaled.jpg 2560w, https:\/\/wp.ufpel.edu.br\/escritoriodeprocessos\/files\/2022\/10\/Historico_page-0001-400x225.jpg 400w, https:\/\/wp.ufpel.edu.br\/escritoriodeprocessos\/files\/2022\/10\/Historico_page-0001-1024x576.jpg 1024w, https:\/\/wp.ufpel.edu.br\/escritoriodeprocessos\/files\/2022\/10\/Historico_page-0001-768x432.jpg 768w, https:\/\/wp.ufpel.edu.br\/escritoriodeprocessos\/files\/2022\/10\/Historico_page-0001-1536x864.jpg 1536w, https:\/\/wp.ufpel.edu.br\/escritoriodeprocessos\/files\/2022\/10\/Historico_page-0001-2048x1152.jpg 2048w, https:\/\/wp.ufpel.edu.br\/escritoriodeprocessos\/files\/2022\/10\/Historico_page-0001-355x200.jpg 355w\" sizes=\"auto, (max-width: 2560px) 100vw, 2560px\" \/><\/p>\n<p style=\"text-align: center;\">Fonte: Escrit\u00f3rio de Processos<\/p>\n","protected":false},"excerpt":{"rendered":"<p>\u00a0O Escrit\u00f3rio de Processos (EP) foi regulamentado na Universidade Federal de Pelotas \u2013 UFPel em junho de 2017 atrav\u00e9s da Resolu\u00e7\u00e3o CONSUN n\u00b0 6.\u00a0 \u00a0Tem como finalidade&hellip; <span class=\"read-more\"><a class=\"more-link\" href=\"https:\/\/wp.ufpel.edu.br\/escritoriodeprocessos\/historico\/\" rel=\"bookmark\">Leia Mais <span class=\"screen-reader-text\">&#8220;Hist\u00f3rico&#8221;<\/span><\/a><\/span><\/p>\n","protected":false},"author":823,"featured_media":0,"parent":0,"menu_order":0,"comment_status":"closed","ping_status":"closed","template":"","meta":{"footnotes":""},"class_list":["post-1113","page","type-page","status-publish","hentry"],"_links":{"self":[{"href":"https:\/\/wp.ufpel.edu.br\/escritoriodeprocessos\/wp-json\/wp\/v2\/pages\/1113","targetHints":{"allow":["GET"]}}],"collection":[{"href":"https:\/\/wp.ufpel.edu.br\/escritoriodeprocessos\/wp-json\/wp\/v2\/pages"}],"about":[{"href":"https:\/\/wp.ufpel.edu.br\/escritoriodeprocessos\/wp-json\/wp\/v2\/types\/page"}],"author":[{"embeddable":true,"href":"https:\/\/wp.ufpel.edu.br\/escritoriodeprocessos\/wp-json\/wp\/v2\/users\/823"}],"replies":[{"embeddable":true,"href":"https:\/\/wp.ufpel.edu.br\/escritoriodeprocessos\/wp-json\/wp\/v2\/comments?post=1113"}],"version-history":[{"count":8,"href":"https:\/\/wp.ufpel.edu.br\/escritoriodeprocessos\/wp-json\/wp\/v2\/pages\/1113\/revisions"}],"predecessor-version":[{"id":1370,"href":"https:\/\/wp.ufpel.edu.br\/escritoriodeprocessos\/wp-json\/wp\/v2\/pages\/1113\/revisions\/1370"}],"wp:attachment":[{"href":"https:\/\/wp.ufpel.edu.br\/escritoriodeprocessos\/wp-json\/wp\/v2\/media?parent=1113"}],"curies":[{"name":"wp","href":"https:\/\/api.w.org\/{rel}","templated":true}]}}