{"id":21,"date":"2023-01-21T16:23:25","date_gmt":"2023-01-21T19:23:25","guid":{"rendered":"https:\/\/wp.ufpel.edu.br\/escravidaoeliberdade2023\/?page_id=21"},"modified":"2023-07-25T19:59:41","modified_gmt":"2023-07-25T22:59:41","slug":"inscricoes","status":"publish","type":"page","link":"https:\/\/wp.ufpel.edu.br\/escravidaoeliberdade2023\/inscricoes\/","title":{"rendered":"INSCRI\u00c7\u00d5ES"},"content":{"rendered":"<p style=\"text-align: justify;\">O\u00a0<strong><em>11\u00ba Encontro Escravid\u00e3o e Liberdade no Brasil Meridional<\/em><\/strong>\u00a0acolher\u00e1 propostas de trabalho, comunica\u00e7\u00e3o ou p\u00f4ster, que contemplem as diversas dimens\u00f5es da hist\u00f3ria social, econ\u00f4mica e cultural da escravid\u00e3o e da liberdade entre os s\u00e9culos XVI e XX, dentre as quais:<\/p>\n<ul style=\"text-align: justify;\">\n<li>A diversidade das condi\u00e7\u00f5es jur\u00eddicas dos trabalhadores e dos arranjos de trabalho considerando a rela\u00e7\u00e3o de seus diferentes agentes: africanos, ind\u00edgenas, brasileiros e demais imigrantes;<\/li>\n<li>G\u00eanero, inf\u00e2ncia, velhice e gera\u00e7\u00e3o: categorias para pensar a hist\u00f3ria da escravid\u00e3o e da liberdade;<\/li>\n<li>Escravid\u00e3o e hierarquia: rela\u00e7\u00f5es entre senhores e escravizados, escravizados e livres, rela\u00e7\u00f5es entre escravizados;<\/li>\n<li>O tr\u00e1fico de escravizados em suas modalidades e suas transforma\u00e7\u00f5es (o tr\u00e1fico atl\u00e2ntico, o tr\u00e1fico regional e interprovincial);<\/li>\n<li>O abolicionismo e as din\u00e2micas pol\u00edticas e sociais da aboli\u00e7\u00e3o da escravid\u00e3o;<\/li>\n<li>O destino dos descendentes de africanos no p\u00f3s-emancipa\u00e7\u00e3o: rela\u00e7\u00f5es de trabalho, autonomia, cidadania, mem\u00f3ria e cultura;<\/li>\n<li>Ra\u00e7a, etnicidade e sa\u00fade na escravid\u00e3o e no p\u00f3s-aboli\u00e7\u00e3o;<\/li>\n<li>Fronteiras entre trabalho \u201clivre\u201d e \u201cn\u00e3o livre\u201d;<\/li>\n<li>Dimens\u00f5es comparativas, conectadas e \u201cglobais\u201d da hist\u00f3ria da escravid\u00e3o e da liberdade;<\/li>\n<li>Dimens\u00f5es historiogr\u00e1ficas e conceituais presentes no debate sobre escravid\u00e3o e liberdade.<\/li>\n<li>Fontes documentais sobre a hist\u00f3ria da escravid\u00e3o e da liberdade;<\/li>\n<li>Difus\u00e3o do conhecimento sobre a escravid\u00e3o e a liberdade no ensino;<\/li>\n<li>Escravid\u00e3o, liberdade e as conex\u00f5es com a hist\u00f3ria p\u00fablica;<\/li>\n<li>Escravid\u00e3o, liberdade e suas rela\u00e7\u00f5es com a Lei e o Estado;<\/li>\n<li>Redes de sociabilidade e parentesco na escravid\u00e3o e na liberdade;<\/li>\n<li>Trajet\u00f3rias individuais, geracionais e de grupos;<\/li>\n<li>Revoltas, rebeli\u00f5es e culturas africanas;<\/li>\n<li>As pr\u00e1ticas de manumiss\u00e3o e os significados da liberdade.<\/li>\n<li>Historiografia da \u00c1frica produzida no Brasil;<\/li>\n<li>Quilombos e quilombolas: territ\u00f3rios, hist\u00f3rias, mem\u00f3rias e narrativas.<\/li>\n<\/ul>\n<h2 style=\"text-align: justify;\"><strong>Modalidades<\/strong>:<\/h2>\n<p style=\"text-align: justify;\"><em><strong><u>Comunica\u00e7\u00e3o<\/u><\/strong><\/em>: INSCRI\u00c7\u00d5ES ENCERRADAS<\/p>\n<p style=\"text-align: justify;\"><em><strong><u>P\u00f4ster<\/u><\/strong><\/em>: INSCRI\u00c7\u00d5ES ENCERRADAS<\/p>\n<p style=\"text-align: justify;\"><em><strong><u>Ouvintes<\/u><\/strong><\/em>: est\u00e3o abertas para toda a comunidade.<\/p>\n<p style=\"text-align: justify;\">Para se inscrever acesse o formul\u00e1rio no link abaixo e informe os seguintes dados:<\/p>\n<p style=\"text-align: justify;\">Nome completo, E-mail e Nacionalidade. Institui\u00e7\u00e3o de v\u00ednculo, \u00e1rea de atua\u00e7\u00e3o e titula\u00e7\u00e3o s\u00e3o itens opcionais para inscri\u00e7\u00e3o de ouvintes.<\/p>\n<p style=\"text-align: justify;\">Observa\u00e7\u00e3o: inscri\u00e7\u00f5es para comunica\u00e7\u00e3o ou p\u00f4ster j\u00e1 caracteriza inscri\u00e7\u00e3o como ouvinte n\u00e3o necessitando do envio deste formul\u00e1rio.<\/p>\n<p><a href=\"https:\/\/forms.gle\/wqh4uTQShoggQwTv5\">https:\/\/forms.gle\/wqh4uTQShoggQwTv5<\/a><\/p>\n<h2 style=\"text-align: justify;\"><strong>Valores<\/strong>:<\/h2>\n<p style=\"text-align: justify;\"><u>Comunica\u00e7\u00e3o<\/u>:<\/p>\n<p style=\"text-align: justify;\">Professores universit\u00e1rios e pesquisadores: R$200,00<\/p>\n<p style=\"text-align: justify;\">Estudantes de p\u00f3s-gradua\u00e7\u00e3o\/professores da rede p\u00fablica e privada\/pesquisadores e\/ou professores independentes: R$ 80,00<\/p>\n<p style=\"text-align: justify;\"><u>P\u00f4ster<\/u>: R$ 50,00<\/p>\n<p style=\"text-align: justify;\"><u>Ouvintes<\/u>: R$ 20,00 (o inscrito ouvinte deve enviar o comprovante do dep\u00f3sito para o e-mail\u00a0<a href=\"mailto:escravidaoeliberdade2023@gmail.com\" target=\"_blank\" rel=\"noopener\">escravidaoeliberdade2023@<wbr \/>gmail.com<\/a> ).<\/p>\n<div dir=\"ltr\"><\/div>\n<h2>Dados para Pagamento das inscri\u00e7\u00f5es:<\/h2>\n<p style=\"margin: 0cm;\">Titular: FUNDACAO 11 E ESCRAVIDAO<\/p>\n<p style=\"margin: 0cm;\">Banco do Brasil<br \/>\nAg\u00eancia: 3798-2<br \/>\nConta corrente: 6971-X<br \/>\nO pagamento tamb\u00e9m poder\u00e1 ser realizado por PIX.<\/p>\n<p style=\"margin: 0cm;\">A chave \u00e9 o e-mail do encontro:<br \/>\nescravidaoeliberdade2023@gmail.com<\/p>\n","protected":false},"excerpt":{"rendered":"<p>O\u00a011\u00ba Encontro Escravid\u00e3o e Liberdade no Brasil Meridional\u00a0acolher\u00e1 propostas de trabalho, comunica\u00e7\u00e3o ou p\u00f4ster, que contemplem as diversas dimens\u00f5es da hist\u00f3ria social, econ\u00f4mica e cultural da escravid\u00e3o e da liberdade entre os s\u00e9culos XVI e XX, dentre as quais: A diversidade das condi\u00e7\u00f5es jur\u00eddicas dos trabalhadores e dos arranjos de trabalho considerando a rela\u00e7\u00e3o de [&hellip;]<\/p>\n","protected":false},"author":1007,"featured_media":0,"parent":0,"menu_order":0,"comment_status":"closed","ping_status":"closed","template":"","meta":{"footnotes":""},"class_list":["post-21","page","type-page","status-publish","hentry"],"_links":{"self":[{"href":"https:\/\/wp.ufpel.edu.br\/escravidaoeliberdade2023\/wp-json\/wp\/v2\/pages\/21","targetHints":{"allow":["GET"]}}],"collection":[{"href":"https:\/\/wp.ufpel.edu.br\/escravidaoeliberdade2023\/wp-json\/wp\/v2\/pages"}],"about":[{"href":"https:\/\/wp.ufpel.edu.br\/escravidaoeliberdade2023\/wp-json\/wp\/v2\/types\/page"}],"author":[{"embeddable":true,"href":"https:\/\/wp.ufpel.edu.br\/escravidaoeliberdade2023\/wp-json\/wp\/v2\/users\/1007"}],"replies":[{"embeddable":true,"href":"https:\/\/wp.ufpel.edu.br\/escravidaoeliberdade2023\/wp-json\/wp\/v2\/comments?post=21"}],"version-history":[{"count":9,"href":"https:\/\/wp.ufpel.edu.br\/escravidaoeliberdade2023\/wp-json\/wp\/v2\/pages\/21\/revisions"}],"predecessor-version":[{"id":183,"href":"https:\/\/wp.ufpel.edu.br\/escravidaoeliberdade2023\/wp-json\/wp\/v2\/pages\/21\/revisions\/183"}],"wp:attachment":[{"href":"https:\/\/wp.ufpel.edu.br\/escravidaoeliberdade2023\/wp-json\/wp\/v2\/media?parent=21"}],"curies":[{"name":"wp","href":"https:\/\/api.w.org\/{rel}","templated":true}]}}