{"id":154,"date":"2023-03-20T16:22:08","date_gmt":"2023-03-20T19:22:08","guid":{"rendered":"https:\/\/wp.ufpel.edu.br\/escravidaoeliberdade2023\/?page_id=154"},"modified":"2023-09-08T20:04:46","modified_gmt":"2023-09-08T23:04:46","slug":"lancamento-de-livros","status":"publish","type":"page","link":"https:\/\/wp.ufpel.edu.br\/escravidaoeliberdade2023\/lancamento-de-livros\/","title":{"rendered":"LAN\u00c7AMENTO DE LIVROS"},"content":{"rendered":"<h3 style=\"text-align: center;\">Livros que ser\u00e3o lan\u00e7ados\/ apresentados no 11\u00ba Encontro Escravid\u00e3o e Liberdade no Brasil Meridional<\/h3>\n<p style=\"text-align: justify;\">Dia 15\/09 (sexta-feira) \u00e0s 18h.<\/p>\n<p style=\"text-align: justify;\">Autor: Gian Carlo de Melo Silva (org). <strong><em>Os Crimes e a Hist\u00f3ria do Brasil<\/em><\/strong>. 2\u00aa Ed.\u00a0Macei\u00f3: Edufal, 2023.<\/p>\n<p style=\"text-align: justify;\">Autor: Gian Carlo de Melo Silva Silva (org).<strong> <em>Ensaios sobre Escravid\u00e3o e Sociedade no Per\u00edodo Colonial e Imperial.<\/em><\/strong> Macei\u00f3: Edufal, 2022.<\/p>\n<p style=\"text-align: justify;\">Autora: Gislaine Borba Ramos, <strong><em>Discursos de liberdade: Partido Liberal e abolicionismo em Porto Alegre<\/em><\/strong>. Porto Alegre: Editora Coragem, 2022.<\/p>\n<p style=\"text-align: justify;\">Autores: Henrique Espada Lima, Waldomiro Louren\u00e7o da Silva Jr. e Beatriz G. Mamigonian (ed.) <strong><em>Hist\u00f3rias de Escravid\u00e3o e P\u00f3s-Emancipa\u00e7\u00e3o no Atl\u00e2ntico (s\u00e9culos XVIII-XX)<\/em><\/strong>. S\u00e3o Leopoldo: Ed. Casa Leiria, 2022.<\/p>\n<p style=\"text-align: justify;\">Autores: Jaime Rodrigues, L\u00facia Helena Oliveira Silva e Airton Felix Sila Souza (orgs). <strong><em>Escravid\u00e3o e liberdade: estudos sobre g\u00eanero &amp; corpo, mem\u00f3ria &amp; trabalho<\/em><\/strong>. S\u00e3o Paulo: FFLCH\/USP, 2023.<\/p>\n<p style=\"text-align: justify;\">Autor: Jaime Rodrigues. <strong><em>De Costa a Costa: escravos, marinheiros e intermedi\u00e1rios do tr\u00e1fico de escravos para o Brasil<\/em><\/strong>. 2\u00aa edi\u00e7\u00e3o. S\u00e3o Paulo: Companhia das Letras, 2022.<\/p>\n<p>Autor: Jos\u00e9 Ricardo Resende Jr. <strong><em>\u201cInf\u00e2ncias de sal e areia\u201d uma hist\u00f3ria das crian\u00e7as escravizadas em Pelotas e Rio Grande (1820-1870)<\/em><\/strong>. Porto Alegre: Mundo Acad\u00eamico, 2023.<\/p>\n<p style=\"text-align: justify;\">Autora: Maria do Carmo Moreira Aguilar. <strong><em>Linha F\u00e3o e Rinc\u00e3o dos Caix\u00f5es: Uma hist\u00f3ria de quilombos no Rio Grande do Sul<\/em><\/strong>. Porto Alegre: Pragmatha, 2022.<\/p>\n<p style=\"text-align: justify;\">Autora: Renata Figueiredo Moraes. <strong><em>As Festas da Aboli\u00e7\u00e3o no Rio de Janeiro (1888-1908)<\/em><\/strong>. Rio de Janeiro: FGV, 2023.<\/p>\n<p style=\"text-align: justify;\">Autor: Wagner de Azevedo Pedroso. <strong><em>Naz\u00e1rio e um plano de rebeli\u00e3o escrava na Aldeia dos Anjos<\/em><\/strong>. Porto Alegre: Editora Coragem, 2022.<\/p>\n","protected":false},"excerpt":{"rendered":"<p>Livros que ser\u00e3o lan\u00e7ados\/ apresentados no 11\u00ba Encontro Escravid\u00e3o e Liberdade no Brasil Meridional Dia 15\/09 (sexta-feira) \u00e0s 18h. Autor: Gian Carlo de Melo Silva (org). Os Crimes e a Hist\u00f3ria do Brasil. 2\u00aa Ed.\u00a0Macei\u00f3: Edufal, 2023. Autor: Gian Carlo de Melo Silva Silva (org). Ensaios sobre Escravid\u00e3o e Sociedade no Per\u00edodo Colonial e Imperial. [&hellip;]<\/p>\n","protected":false},"author":1007,"featured_media":0,"parent":0,"menu_order":0,"comment_status":"closed","ping_status":"closed","template":"","meta":{"footnotes":""},"class_list":["post-154","page","type-page","status-publish","hentry"],"_links":{"self":[{"href":"https:\/\/wp.ufpel.edu.br\/escravidaoeliberdade2023\/wp-json\/wp\/v2\/pages\/154","targetHints":{"allow":["GET"]}}],"collection":[{"href":"https:\/\/wp.ufpel.edu.br\/escravidaoeliberdade2023\/wp-json\/wp\/v2\/pages"}],"about":[{"href":"https:\/\/wp.ufpel.edu.br\/escravidaoeliberdade2023\/wp-json\/wp\/v2\/types\/page"}],"author":[{"embeddable":true,"href":"https:\/\/wp.ufpel.edu.br\/escravidaoeliberdade2023\/wp-json\/wp\/v2\/users\/1007"}],"replies":[{"embeddable":true,"href":"https:\/\/wp.ufpel.edu.br\/escravidaoeliberdade2023\/wp-json\/wp\/v2\/comments?post=154"}],"version-history":[{"count":6,"href":"https:\/\/wp.ufpel.edu.br\/escravidaoeliberdade2023\/wp-json\/wp\/v2\/pages\/154\/revisions"}],"predecessor-version":[{"id":234,"href":"https:\/\/wp.ufpel.edu.br\/escravidaoeliberdade2023\/wp-json\/wp\/v2\/pages\/154\/revisions\/234"}],"wp:attachment":[{"href":"https:\/\/wp.ufpel.edu.br\/escravidaoeliberdade2023\/wp-json\/wp\/v2\/media?parent=154"}],"curies":[{"name":"wp","href":"https:\/\/api.w.org\/{rel}","templated":true}]}}