{"id":138,"date":"2023-03-15T20:58:42","date_gmt":"2023-03-15T23:58:42","guid":{"rendered":"https:\/\/wp.ufpel.edu.br\/escravidaoeliberdade2023\/?page_id=138"},"modified":"2023-03-15T21:45:11","modified_gmt":"2023-03-16T00:45:11","slug":"pelotas","status":"publish","type":"page","link":"https:\/\/wp.ufpel.edu.br\/escravidaoeliberdade2023\/pelotas\/","title":{"rendered":"PELOTAS"},"content":{"rendered":"<h3><strong>Como chegar?<\/strong><\/h3>\n<p style=\"text-align: justify;\">O munic\u00edpio de Pelotas est\u00e1 localizado a 260 quil\u00f4metros da capital, Porto Alegre. As companhias a\u00e9reas Gol e Azul operam voos para Pelotas, enquanto o deslocamento terrestre, para quem chega ao Rio Grande do Sul por Porto Alegre, \u00e9 realizado pela empresa Expresso Embaixador. Mais informa\u00e7\u00f5es podem ser consultadas nas p\u00e1ginas do aeroporto de Pelotas (<a href=\"https:\/\/www.ccraeroportos.com.br\/pelotas-rs\">https:\/\/www.ccraeroportos.com.br\/pelotas-rs<\/a>) e da Expresso Embaixador (<a href=\"https:\/\/www.expressoembaixador.com.br\/\">https:\/\/www.expressoembaixador.com.br\/<\/a>).<\/p>\n<p><img loading=\"lazy\" decoding=\"async\" class=\"size-medium wp-image-140 aligncenter\" src=\"https:\/\/wp.ufpel.edu.br\/escravidaoeliberdade2023\/files\/2023\/03\/Mapa-1-400x391.png\" alt=\"\" width=\"400\" height=\"391\" srcset=\"https:\/\/wp.ufpel.edu.br\/escravidaoeliberdade2023\/files\/2023\/03\/Mapa-1-400x391.png 400w, https:\/\/wp.ufpel.edu.br\/escravidaoeliberdade2023\/files\/2023\/03\/Mapa-1.png 470w\" sizes=\"auto, (max-width: 400px) 100vw, 400px\" \/><\/p>\n<p>&nbsp;<\/p>\n<h3><strong>Onde se hospedar?<\/strong><\/h3>\n<p><strong>\u00a0HOT\u00c9IS<\/strong><\/p>\n<p><strong>Jacques Georges Tower<\/strong><\/p>\n<p>Rua Almirante Barroso, 2069 \u2013 Centro<\/p>\n<p><strong>Jacques Georges Hotel<\/strong><\/p>\n<p>Rua Gon\u00e7alves Chaves, 512\u00a0\u2013 Centro<\/p>\n<p><strong>Curi Palace Hotel<\/strong><\/p>\n<p>Rua General Neto, 1279 \u2013 Centro<\/p>\n<p><strong>Hotel Curi Executive<\/strong><\/p>\n<p>Rua General Os\u00f3rio, 719 \u2013 Centro<\/p>\n<p><strong>Hotel Alles Blau<\/strong><\/p>\n<p>Rua Sete de Setembro, 354 \u2013 Centro<\/p>\n<p><strong>Hotel Manta<\/strong><\/p>\n<p>Rua General Neto, 1131 \u2013 Centro<\/p>\n<p><strong>M.Tower Hotel<\/strong><\/p>\n<p>Rua Felix da Cunha, 213 \u2013 Centro<\/p>\n<p><strong>Hotel Estoril<\/strong><\/p>\n<p>Rua General Os\u00f3rio, 718 \u2013 Centro<\/p>\n<p><strong>Prov\u00edncia Casa Hotel<\/strong><\/p>\n<p>Avenida Adolfo Fetter, 2994 \u2013 Recanto de Portugal<\/p>\n<p>&nbsp;<\/p>\n<p><strong>HOSTELS E POUSADAS<\/strong><\/p>\n<p><strong>Pousada do Estudante<\/strong><\/p>\n<p>Rua 15 de Novembro, 311 \u2013 Centro<\/p>\n<p><strong>Vila Santa Eul\u00e1lia Hostel e Pousada<\/strong><\/p>\n<p>Rua Quinze de Novembro, 209 \u2013 Centro<\/p>\n<p><strong>Hello Hostel Pelotas<\/strong><\/p>\n<p>Rua Quinze de Novembro, 958\u00a0\u2013 Centro<\/p>\n<p><strong>Hostel Ateli\u00ea Marli Marques<\/strong><\/p>\n<p>Rua Padre Ozy, 51 \u2013 Centro<\/p>\n<p><strong>Pousada Brum<\/strong><\/p>\n<p>Rua Bar\u00e3o de Santa Tecla, 119 \u2013 Centro<\/p>\n<p><strong>Pelotas Bier Hostel<\/strong><\/p>\n<p>Rua F\u00e9lix da Cunha, 568 \u2013 Centro<\/p>\n<p>&nbsp;<\/p>\n<h3><strong>Localiza\u00e7\u00e3o das atividades do 11\u00ba Encontro<\/strong><\/h3>\n<p>Campos das Ci\u00eancias Humanas e Sociais (CCHS).<\/p>\n<p>Centro de Pesquisa e P\u00f3s-Gradua\u00e7\u00e3o (CEHUS) segundo andar da Biblioteca das Ci\u00eancias Sociais.<\/p>\n<p>Instituto de Ci\u00eancias Humanas (ICH).<\/p>\n<p>Rua Alberto Rosa, 154.<\/p>\n<p><img loading=\"lazy\" decoding=\"async\" class=\" wp-image-141 aligncenter\" src=\"https:\/\/wp.ufpel.edu.br\/escravidaoeliberdade2023\/files\/2023\/03\/mapa-2-400x197.png\" alt=\"\" width=\"686\" height=\"338\" srcset=\"https:\/\/wp.ufpel.edu.br\/escravidaoeliberdade2023\/files\/2023\/03\/mapa-2-400x197.png 400w, https:\/\/wp.ufpel.edu.br\/escravidaoeliberdade2023\/files\/2023\/03\/mapa-2-768x379.png 768w, https:\/\/wp.ufpel.edu.br\/escravidaoeliberdade2023\/files\/2023\/03\/mapa-2.png 886w\" sizes=\"auto, (max-width: 686px) 100vw, 686px\" \/><\/p>\n<p>&nbsp;<\/p>\n<h3><strong>Museus<\/strong><\/h3>\n<p><strong>Museu do Doce<\/strong><\/p>\n<p>Pra\u00e7a Cel. Pedro Os\u00f3rio, Casar\u00e3o 8 \u2013 Centro<\/p>\n<p><a href=\"https:\/\/wp.ufpel.edu.br\/museudodoce\/\">https:\/\/wp.ufpel.edu.br\/museudodoce\/<\/a><\/p>\n<p><strong>Museu de Arte Leopoldo Gotuzzo<\/strong><\/p>\n<p>Pra\u00e7a 7 de Julho, 180 \u2013 Centro<\/p>\n<p><a href=\"https:\/\/wp.ufpel.edu.br\/malg\/\">https:\/\/wp.ufpel.edu.br\/malg\/<\/a><\/p>\n<p><strong>Museu de Ci\u00eancias Naturais Carlos Ritter<\/strong><\/p>\n<p>Pra\u00e7a Cel. Pedro Os\u00f3rio, 1 \u2013 Centro<\/p>\n<p><a href=\"https:\/\/wp.ufpel.edu.br\/carlosritter\/\">https:\/\/wp.ufpel.edu.br\/carlosritter\/<\/a><\/p>\n<p><strong>Museu da Baronesa<\/strong><\/p>\n<p>Av. Domingos de Almeida, 1490 \u2013 Areal<\/p>\n<p>(atualmente fechado para restaura\u00e7\u00e3o)<\/p>\n<p>&nbsp;<\/p>\n<p style=\"text-align: justify;\">Para saber mais sobre outros museus, cole\u00e7\u00f5es, acervos e museus virtuais, consulte a p\u00e1gina da Rede de Museus da UFPel:<\/p>\n<p style=\"text-align: justify;\"><a href=\"https:\/\/wp.ufpel.edu.br\/rededemuseusdaufpel\/\">https:\/\/wp.ufpel.edu.br\/rededemuseusdaufpel\/<\/a><\/p>\n<p style=\"text-align: justify;\">Informa\u00e7\u00f5es tur\u00edsticas de Pelotas, consulte:<\/p>\n<p style=\"text-align: justify;\"><a href=\"https:\/\/www.pelotasturismo.com.br\/\">https:\/\/www.pelotasturismo.com.br\/<\/a><\/p>\n<p style=\"text-align: justify;\">Para saber mais sobre a hist\u00f3ria de Pelotas e sobre a Universidade Federal de Pelotas, consulte as seguintes p\u00e1ginas:<\/p>\n<p style=\"text-align: justify;\"><a href=\"https:\/\/www.pelotas.com.br\/cidade\/historia\">https:\/\/www.pelotas.com.br\/cidade\/historia<\/a><\/p>\n<p style=\"text-align: justify;\"><a href=\"https:\/\/portal.ufpel.edu.br\/\">https:\/\/portal.ufpel.edu.br\/<\/a><\/p>\n<p style=\"text-align: justify;\"><a href=\"https:\/\/wp.ufpel.edu.br\/ndh\/\">https:\/\/wp.ufpel.edu.br\/ndh\/<\/a><\/p>\n<p style=\"text-align: justify;\"><a href=\"https:\/\/wp.ufpel.edu.br\/ndh\/publicacoes\/\">https:\/\/wp.ufpel.edu.br\/ndh\/publicacoes\/<\/a><\/p>\n<p style=\"text-align: justify;\"><a href=\"https:\/\/wp.ufpel.edu.br\/ppgh\/\">https:\/\/wp.ufpel.edu.br\/ppgh\/<\/a><\/p>\n<p style=\"text-align: justify;\">\n","protected":false},"excerpt":{"rendered":"<p>Como chegar? O munic\u00edpio de Pelotas est\u00e1 localizado a 260 quil\u00f4metros da capital, Porto Alegre. As companhias a\u00e9reas Gol e Azul operam voos para Pelotas, enquanto o deslocamento terrestre, para quem chega ao Rio Grande do Sul por Porto Alegre, \u00e9 realizado pela empresa Expresso Embaixador. Mais informa\u00e7\u00f5es podem ser consultadas nas p\u00e1ginas do aeroporto [&hellip;]<\/p>\n","protected":false},"author":1007,"featured_media":0,"parent":0,"menu_order":0,"comment_status":"closed","ping_status":"closed","template":"","meta":{"footnotes":""},"class_list":["post-138","page","type-page","status-publish","hentry"],"_links":{"self":[{"href":"https:\/\/wp.ufpel.edu.br\/escravidaoeliberdade2023\/wp-json\/wp\/v2\/pages\/138","targetHints":{"allow":["GET"]}}],"collection":[{"href":"https:\/\/wp.ufpel.edu.br\/escravidaoeliberdade2023\/wp-json\/wp\/v2\/pages"}],"about":[{"href":"https:\/\/wp.ufpel.edu.br\/escravidaoeliberdade2023\/wp-json\/wp\/v2\/types\/page"}],"author":[{"embeddable":true,"href":"https:\/\/wp.ufpel.edu.br\/escravidaoeliberdade2023\/wp-json\/wp\/v2\/users\/1007"}],"replies":[{"embeddable":true,"href":"https:\/\/wp.ufpel.edu.br\/escravidaoeliberdade2023\/wp-json\/wp\/v2\/comments?post=138"}],"version-history":[{"count":6,"href":"https:\/\/wp.ufpel.edu.br\/escravidaoeliberdade2023\/wp-json\/wp\/v2\/pages\/138\/revisions"}],"predecessor-version":[{"id":153,"href":"https:\/\/wp.ufpel.edu.br\/escravidaoeliberdade2023\/wp-json\/wp\/v2\/pages\/138\/revisions\/153"}],"wp:attachment":[{"href":"https:\/\/wp.ufpel.edu.br\/escravidaoeliberdade2023\/wp-json\/wp\/v2\/media?parent=138"}],"curies":[{"name":"wp","href":"https:\/\/api.w.org\/{rel}","templated":true}]}}