{"id":65,"date":"2017-03-22T09:19:43","date_gmt":"2017-03-22T12:19:43","guid":{"rendered":"https:\/\/wp.ufpel.edu.br\/escolaqueeuquero\/?page_id=65"},"modified":"2017-03-22T21:46:09","modified_gmt":"2017-03-23T00:46:09","slug":"gravacao-do-filme","status":"publish","type":"page","link":"https:\/\/wp.ufpel.edu.br\/escolaqueeuquero\/gravacao-do-filme\/","title":{"rendered":"Grava\u00e7\u00e3o do Filme"},"content":{"rendered":"<p>Nossa grava\u00e7\u00e3o sera feita entre os meses de junho e julho no momento estamos ensaiando com os atores e organizando a produ\u00e7\u00e3o.<\/p>\n<p>&nbsp;<\/p>\n","protected":false},"excerpt":{"rendered":"<p>Nossa grava\u00e7\u00e3o sera feita entre os meses de junho e julho no momento estamos ensaiando com os atores e organizando a produ\u00e7\u00e3o. &nbsp;<\/p>\n","protected":false},"author":578,"featured_media":0,"parent":0,"menu_order":0,"comment_status":"closed","ping_status":"closed","template":"","meta":{"footnotes":""},"class_list":["post-65","page","type-page","status-publish","hentry"],"_links":{"self":[{"href":"https:\/\/wp.ufpel.edu.br\/escolaqueeuquero\/wp-json\/wp\/v2\/pages\/65","targetHints":{"allow":["GET"]}}],"collection":[{"href":"https:\/\/wp.ufpel.edu.br\/escolaqueeuquero\/wp-json\/wp\/v2\/pages"}],"about":[{"href":"https:\/\/wp.ufpel.edu.br\/escolaqueeuquero\/wp-json\/wp\/v2\/types\/page"}],"author":[{"embeddable":true,"href":"https:\/\/wp.ufpel.edu.br\/escolaqueeuquero\/wp-json\/wp\/v2\/users\/578"}],"replies":[{"embeddable":true,"href":"https:\/\/wp.ufpel.edu.br\/escolaqueeuquero\/wp-json\/wp\/v2\/comments?post=65"}],"version-history":[{"count":3,"href":"https:\/\/wp.ufpel.edu.br\/escolaqueeuquero\/wp-json\/wp\/v2\/pages\/65\/revisions"}],"predecessor-version":[{"id":98,"href":"https:\/\/wp.ufpel.edu.br\/escolaqueeuquero\/wp-json\/wp\/v2\/pages\/65\/revisions\/98"}],"wp:attachment":[{"href":"https:\/\/wp.ufpel.edu.br\/escolaqueeuquero\/wp-json\/wp\/v2\/media?parent=65"}],"curies":[{"name":"wp","href":"https:\/\/api.w.org\/{rel}","templated":true}]}}