{"id":32,"date":"2017-03-22T06:38:01","date_gmt":"2017-03-22T09:38:01","guid":{"rendered":"https:\/\/wp.ufpel.edu.br\/escolaqueeuquero\/?page_id=32"},"modified":"2017-03-22T09:11:44","modified_gmt":"2017-03-22T12:11:44","slug":"quem-somos","status":"publish","type":"page","link":"https:\/\/wp.ufpel.edu.br\/escolaqueeuquero\/quem-somos\/","title":{"rendered":"Quem Somos"},"content":{"rendered":"<p>Oi gente meu nome \u00e9 Josias Pereira e sou docente do curso de Cinema e Audiovisual e coordeno o projeto de extens\u00e3o &#8220;Produ\u00e7\u00e3o de video Estudantil&#8221; que tem por objetivo ajudar professores a realizar v\u00eddeo com os alunos.<\/p>\n<p>Ano passado fizemos o filme SEM HPV onde uma menina de 12 anos tenta fazer um filme com a ajuda de amigos e mostra para os professores que pode aprender fazendo v\u00eddeo.<\/p>\n<p>&nbsp;<\/p>\n<blockquote class=\"wp-embedded-content\" data-secret=\"2E7hNMs1Hp\"><p><a href=\"https:\/\/wp.ufpel.edu.br\/semhpv\/filme-completo\/\">Filme completo<\/a><\/p><\/blockquote>\n<p><iframe loading=\"lazy\" class=\"wp-embedded-content\" sandbox=\"allow-scripts\" security=\"restricted\" style=\"position: absolute; clip: rect(1px, 1px, 1px, 1px);\" title=\"&#8220;Filme completo&#8221; &#8212; SEM HPV  - o Filme\" src=\"https:\/\/wp.ufpel.edu.br\/semhpv\/filme-completo\/embed\/#?secret=EnRXA9q90m#?secret=2E7hNMs1Hp\" data-secret=\"2E7hNMs1Hp\" width=\"584\" height=\"329\" frameborder=\"0\" marginwidth=\"0\" marginheight=\"0\" scrolling=\"no\"><\/iframe><\/p>\n<p>o nosso site no you tube ja chegou a 12 milh\u00f5es de acessos!<\/p>\n<p>o nosso link do you tube \u00e9 esse<\/p>\n<p><a href=\"https:\/\/www.youtube.com\/user\/producaovideoescolar\">https:\/\/www.youtube.com\/user\/producaovideoescolar<\/a><\/p>\n<p>&nbsp;<\/p>\n","protected":false},"excerpt":{"rendered":"<p>Oi gente meu nome \u00e9 Josias Pereira e sou docente do curso de Cinema e Audiovisual e coordeno o projeto de extens\u00e3o &#8220;Produ\u00e7\u00e3o de video Estudantil&#8221; que tem por objetivo ajudar professores a realizar v\u00eddeo com os alunos. Ano passado &hellip; <a href=\"https:\/\/wp.ufpel.edu.br\/escolaqueeuquero\/quem-somos\/\">Continue lendo <span class=\"meta-nav\">&rarr;<\/span><\/a><\/p>\n","protected":false},"author":578,"featured_media":0,"parent":0,"menu_order":0,"comment_status":"closed","ping_status":"closed","template":"","meta":{"footnotes":""},"class_list":["post-32","page","type-page","status-publish","hentry"],"_links":{"self":[{"href":"https:\/\/wp.ufpel.edu.br\/escolaqueeuquero\/wp-json\/wp\/v2\/pages\/32","targetHints":{"allow":["GET"]}}],"collection":[{"href":"https:\/\/wp.ufpel.edu.br\/escolaqueeuquero\/wp-json\/wp\/v2\/pages"}],"about":[{"href":"https:\/\/wp.ufpel.edu.br\/escolaqueeuquero\/wp-json\/wp\/v2\/types\/page"}],"author":[{"embeddable":true,"href":"https:\/\/wp.ufpel.edu.br\/escolaqueeuquero\/wp-json\/wp\/v2\/users\/578"}],"replies":[{"embeddable":true,"href":"https:\/\/wp.ufpel.edu.br\/escolaqueeuquero\/wp-json\/wp\/v2\/comments?post=32"}],"version-history":[{"count":3,"href":"https:\/\/wp.ufpel.edu.br\/escolaqueeuquero\/wp-json\/wp\/v2\/pages\/32\/revisions"}],"predecessor-version":[{"id":63,"href":"https:\/\/wp.ufpel.edu.br\/escolaqueeuquero\/wp-json\/wp\/v2\/pages\/32\/revisions\/63"}],"wp:attachment":[{"href":"https:\/\/wp.ufpel.edu.br\/escolaqueeuquero\/wp-json\/wp\/v2\/media?parent=32"}],"curies":[{"name":"wp","href":"https:\/\/api.w.org\/{rel}","templated":true}]}}