{"id":19,"date":"2017-03-22T06:36:21","date_gmt":"2017-03-22T09:36:21","guid":{"rendered":"https:\/\/wp.ufpel.edu.br\/escolaqueeuquero\/?page_id=19"},"modified":"2017-03-22T08:58:01","modified_gmt":"2017-03-22T11:58:01","slug":"participe","status":"publish","type":"page","link":"https:\/\/wp.ufpel.edu.br\/escolaqueeuquero\/participe\/","title":{"rendered":"Participe"},"content":{"rendered":"<p>O Document\u00e1rio \u00e9 sobre \u00a0como voc\u00ea aluno v\u00ea a escola \u00a0e como vc\u00ea acha que a escola poderia ser.<\/p>\n<p>O que voc\u00ea mudaria na escola?<\/p>\n<p>Voc\u00ea gosta da escola como ela \u00e9 hoje?<\/p>\n<p>Pensa nisso e mande o seu depoimento!<\/p>\n<p>&nbsp;<\/p>\n","protected":false},"excerpt":{"rendered":"<p>O Document\u00e1rio \u00e9 sobre \u00a0como voc\u00ea aluno v\u00ea a escola \u00a0e como vc\u00ea acha que a escola poderia ser. O que voc\u00ea mudaria na escola? Voc\u00ea gosta da escola como ela \u00e9 hoje? Pensa nisso e mande o seu depoimento! &hellip; <a href=\"https:\/\/wp.ufpel.edu.br\/escolaqueeuquero\/participe\/\">Continue lendo <span class=\"meta-nav\">&rarr;<\/span><\/a><\/p>\n","protected":false},"author":578,"featured_media":0,"parent":0,"menu_order":0,"comment_status":"closed","ping_status":"closed","template":"","meta":{"footnotes":""},"class_list":["post-19","page","type-page","status-publish","hentry"],"_links":{"self":[{"href":"https:\/\/wp.ufpel.edu.br\/escolaqueeuquero\/wp-json\/wp\/v2\/pages\/19","targetHints":{"allow":["GET"]}}],"collection":[{"href":"https:\/\/wp.ufpel.edu.br\/escolaqueeuquero\/wp-json\/wp\/v2\/pages"}],"about":[{"href":"https:\/\/wp.ufpel.edu.br\/escolaqueeuquero\/wp-json\/wp\/v2\/types\/page"}],"author":[{"embeddable":true,"href":"https:\/\/wp.ufpel.edu.br\/escolaqueeuquero\/wp-json\/wp\/v2\/users\/578"}],"replies":[{"embeddable":true,"href":"https:\/\/wp.ufpel.edu.br\/escolaqueeuquero\/wp-json\/wp\/v2\/comments?post=19"}],"version-history":[{"count":3,"href":"https:\/\/wp.ufpel.edu.br\/escolaqueeuquero\/wp-json\/wp\/v2\/pages\/19\/revisions"}],"predecessor-version":[{"id":58,"href":"https:\/\/wp.ufpel.edu.br\/escolaqueeuquero\/wp-json\/wp\/v2\/pages\/19\/revisions\/58"}],"wp:attachment":[{"href":"https:\/\/wp.ufpel.edu.br\/escolaqueeuquero\/wp-json\/wp\/v2\/media?parent=19"}],"curies":[{"name":"wp","href":"https:\/\/api.w.org\/{rel}","templated":true}]}}