{"id":18,"date":"2017-03-22T06:36:20","date_gmt":"2017-03-22T09:36:20","guid":{"rendered":"https:\/\/wp.ufpel.edu.br\/escolaqueeuquero\/?page_id=18"},"modified":"2017-03-22T08:33:22","modified_gmt":"2017-03-22T11:33:22","slug":"o-documentario","status":"publish","type":"page","link":"https:\/\/wp.ufpel.edu.br\/escolaqueeuquero\/o-documentario\/","title":{"rendered":"o Document\u00e1rio"},"content":{"rendered":"<p>Convidamos qualquer aluno do Brasil a enviar um v\u00eddeo falando sobre a sua vis\u00e3o de como \u00e9 a escola.<\/p>\n<p>Pode gravar com um celular e depois enviar o video para josiasufpel@gmail.com<\/p>\n<p>Sobre o que voc\u00ea pode falar? Qualquer coisa sobre a escola que voce tem, o objetivo n\u00e3o \u00e9 falar de u professor ou de um diretor de escola mas como voc\u00ea como estudante v\u00ea a escola hoje e como voc\u00ea acha que a escola poderia ser?<\/p>\n<p>Pense nisso. Voc\u00ea pode enviar o v\u00eddeo at\u00e9 o dia 31 de Agosto!<\/p>\n<p>Participe!<\/p>\n","protected":false},"excerpt":{"rendered":"<p>Convidamos qualquer aluno do Brasil a enviar um v\u00eddeo falando sobre a sua vis\u00e3o de como \u00e9 a escola. Pode gravar com um celular e depois enviar o video para josiasufpel@gmail.com Sobre o que voc\u00ea pode falar? Qualquer coisa sobre &hellip; <a href=\"https:\/\/wp.ufpel.edu.br\/escolaqueeuquero\/o-documentario\/\">Continue lendo <span class=\"meta-nav\">&rarr;<\/span><\/a><\/p>\n","protected":false},"author":578,"featured_media":0,"parent":0,"menu_order":0,"comment_status":"closed","ping_status":"closed","template":"","meta":{"footnotes":""},"class_list":["post-18","page","type-page","status-publish","hentry"],"_links":{"self":[{"href":"https:\/\/wp.ufpel.edu.br\/escolaqueeuquero\/wp-json\/wp\/v2\/pages\/18","targetHints":{"allow":["GET"]}}],"collection":[{"href":"https:\/\/wp.ufpel.edu.br\/escolaqueeuquero\/wp-json\/wp\/v2\/pages"}],"about":[{"href":"https:\/\/wp.ufpel.edu.br\/escolaqueeuquero\/wp-json\/wp\/v2\/types\/page"}],"author":[{"embeddable":true,"href":"https:\/\/wp.ufpel.edu.br\/escolaqueeuquero\/wp-json\/wp\/v2\/users\/578"}],"replies":[{"embeddable":true,"href":"https:\/\/wp.ufpel.edu.br\/escolaqueeuquero\/wp-json\/wp\/v2\/comments?post=18"}],"version-history":[{"count":3,"href":"https:\/\/wp.ufpel.edu.br\/escolaqueeuquero\/wp-json\/wp\/v2\/pages\/18\/revisions"}],"predecessor-version":[{"id":56,"href":"https:\/\/wp.ufpel.edu.br\/escolaqueeuquero\/wp-json\/wp\/v2\/pages\/18\/revisions\/56"}],"wp:attachment":[{"href":"https:\/\/wp.ufpel.edu.br\/escolaqueeuquero\/wp-json\/wp\/v2\/media?parent=18"}],"curies":[{"name":"wp","href":"https:\/\/api.w.org\/{rel}","templated":true}]}}