{"id":932,"date":"2010-10-14T14:14:16","date_gmt":"2010-10-14T16:14:16","guid":{"rendered":"https:\/\/wp.ufpel.edu.br\/esa\/"},"modified":"2011-09-19T18:28:37","modified_gmt":"2011-09-19T21:28:37","slug":"palestrantes","status":"publish","type":"page","link":"https:\/\/wp.ufpel.edu.br\/esa\/eventos\/2-semana-academica\/palestrantes\/","title":{"rendered":"Palestrantes"},"content":{"rendered":"<li><strong>Jos\u00e9 Bruno Chies<\/strong> (Conselho Regional de Desenvolvimento da Regi\u00e3o Sul)<br \/>\nEngenheiro Agr\u00f4nomo<\/li>\n<p>______________________________________________________________<\/p>\n<li><strong>Vidal \u00c1ureo Mendon\u00e7a<\/strong><br \/>\nEngenheiro Civil e Economista<\/li>\n<p>______________________________________________________________<\/p>\n<li><strong>Masato Kobiyama<\/strong> (UFSC)<br \/>\nDoutor em Engenharia Florestal &#8211; UFPR<br \/>\n<a href=\"http:\/\/lattes.cnpq.br\/7494734600375087\">Curr\u00edculo Lattes<\/a><\/li>\n<p><a href=\"https:\/\/wp.ufpel.edu.br\/esa\/files\/2010\/10\/masato-kobiyama-site.jpg\"><img class=\"aligncenter size-medium wp-image-987\" src=\"https:\/\/wp.ufpel.edu.br\/esa\/files\/2010\/10\/masato-kobiyama-site-211x300.jpg\" alt=\"\" width=\"211\" height=\"300\" \/><\/a><br \/>\n______________________________________________________________<\/p>\n<li><strong>Fl\u00e1vio Goulart<\/strong> (Gerente Souza Cruz)<br \/>\nEngenheiro Agr\u00f4nomo<\/li>\n<p>______________________________________________________________<\/p>\n<li><strong>Glauber Acunha Gon\u00e7alves<\/strong> (FURG)<br \/>\nDoutor em Ci\u00eancias Geod\u00e9sicas &#8211; UFPR<br \/>\n<a href=\"http:\/\/lattes.cnpq.br\/2814370196736373\">Curr\u00edculo Lattes<\/a><\/li>\n<p>______________________________________________________________<\/p>\n<li><strong>Jos\u00e9 Weykamp da Cruz<\/strong> (UCPel)<br \/>\nMestre em Desenvolvimento Regional &#8211; UNISC<br \/>\n<a href=\"http:\/\/lattes.cnpq.br\/6283755489912537\">Curr\u00edculo Lattes<\/a><\/li>\n<p>______________________________________________________________<\/p>\n<li><strong>Paulo Ricardo Oppa<\/strong><br \/>\nArquiteto<\/p>\n<p><a href=\"https:\/\/wp.ufpel.edu.br\/esa\/semanaacademica\/\">Voltar<\/a><\/li>\n","protected":false},"excerpt":{"rendered":"<p>Jos\u00e9 Bruno Chies (Conselho Regional de Desenvolvimento da Regi\u00e3o Sul) Engenheiro Agr\u00f4nomo ______________________________________________________________ Vidal \u00c1ureo Mendon\u00e7a Engenheiro Civil e Economista ______________________________________________________________ Masato Kobiyama (UFSC) Doutor em Engenharia Florestal &#8211; UFPR Curr\u00edculo Lattes ______________________________________________________________ Fl\u00e1vio Goulart (Gerente Souza Cruz) Engenheiro Agr\u00f4nomo ______________________________________________________________ Glauber Acunha Gon\u00e7alves (FURG) Doutor em Ci\u00eancias Geod\u00e9sicas &#8211; UFPR Curr\u00edculo Lattes ______________________________________________________________ Jos\u00e9 [&hellip;]<\/p>\n","protected":false},"author":36,"featured_media":0,"parent":656,"menu_order":0,"comment_status":"closed","ping_status":"closed","template":"","meta":{"footnotes":""},"class_list":["post-932","page","type-page","status-publish","hentry"],"_links":{"self":[{"href":"https:\/\/wp.ufpel.edu.br\/esa\/wp-json\/wp\/v2\/pages\/932","targetHints":{"allow":["GET"]}}],"collection":[{"href":"https:\/\/wp.ufpel.edu.br\/esa\/wp-json\/wp\/v2\/pages"}],"about":[{"href":"https:\/\/wp.ufpel.edu.br\/esa\/wp-json\/wp\/v2\/types\/page"}],"author":[{"embeddable":true,"href":"https:\/\/wp.ufpel.edu.br\/esa\/wp-json\/wp\/v2\/users\/36"}],"replies":[{"embeddable":true,"href":"https:\/\/wp.ufpel.edu.br\/esa\/wp-json\/wp\/v2\/comments?post=932"}],"version-history":[{"count":21,"href":"https:\/\/wp.ufpel.edu.br\/esa\/wp-json\/wp\/v2\/pages\/932\/revisions"}],"predecessor-version":[{"id":1733,"href":"https:\/\/wp.ufpel.edu.br\/esa\/wp-json\/wp\/v2\/pages\/932\/revisions\/1733"}],"up":[{"embeddable":true,"href":"https:\/\/wp.ufpel.edu.br\/esa\/wp-json\/wp\/v2\/pages\/656"}],"wp:attachment":[{"href":"https:\/\/wp.ufpel.edu.br\/esa\/wp-json\/wp\/v2\/media?parent=932"}],"curies":[{"name":"wp","href":"https:\/\/api.w.org\/{rel}","templated":true}]}}