{"id":7811,"date":"2025-10-03T13:57:49","date_gmt":"2025-10-03T16:57:49","guid":{"rendered":"https:\/\/wp.ufpel.edu.br\/esa\/?page_id=7811"},"modified":"2025-10-03T14:10:08","modified_gmt":"2025-10-03T17:10:08","slug":"publicacoes-2","status":"publish","type":"page","link":"https:\/\/wp.ufpel.edu.br\/esa\/publicacoes-2\/","title":{"rendered":"Publica\u00e7\u00f5es"},"content":{"rendered":"<p><a href=\"http:\/\/lattes.cnpq.br\/8387065724345198\"><strong>E SILVA, CL\u00c1UDIA FERNANDA LEMONS<\/strong><\/a>; LEM\u00d5ES, JULIANA SILVA ; ROMANI, RUBIA FLORES ; DE OLIVEIRA, WILLIAM GON\u00c7ALVES ; LEITE, GABRIEL FEITOSA . Activated Carbon from Residual Lignin Used for Color Removal. WATER, AIR AND SOIL POLLUTION (DORDRECHT. ONLINE), v. 233, p. 177-188, 2022.<\/p>\n<p>&nbsp;<\/p>\n<p>BARBOSA, KELVIN TECHERA ; ACOSTA, ANDREY PEREIRA ; LAZAROTTO, MAR\u00cdLIA ; BELTRAME, RAFAEL ;\u00a0<strong>SILVA, CLAUDIA FERNANDA LEMONS E<\/strong>\u00a0; FIOR, CLAUDIMAR SIDNEI . Technological characterisation of wood from Australian red cedar after first thinning of a plantation at five years. Southern Forests-A Journal Of Forest Science, v. 84, p. 1-8, 2022.<\/p>\n<p>&nbsp;<\/p>\n<p>HOFFMANN, L. P. M. ;\u00a0<strong>LEMONS E SILVA, CLAUDIA FERNANDA<\/strong>\u00a0; LEMOES, J. S. ; Manetti, A. G.S. ; SCHMITT, P. O. . Comportamento t\u00e9rmico de lignina residual de pr\u00e9 tratamento de biomassa lignocelul\u00f3sica. Revista Ibero-americana de Ci\u00eancias Ambientais, v. 12, p. 1-5, 2021.<\/p>\n<p>&nbsp;<\/p>\n<p>CERQUEIRA, V. S. ; ADAMOLI, H. J. ;\u00a0<strong>LEMONS E SILVA, CLAUDIA FERNANDA<\/strong>\u00a0; PEDRA JUNIOR, M. F. . A EDUCA\u00c7\u00c3O AMBIENTAL EM AMBIENTE ESCOLAR ATRAV\u00c9S DA PR\u00c1TICA DE VERMICOMPOSTAGEM COMO FORMA DE TRATAMENTO PARA OS RES\u00cdDUOS S\u00d3LIDOS ORG\u00c2NICOS. Revista Ibero-americana de Ci\u00eancias Ambientais, v. 12, p. 0-0, 2021.<\/p>\n<p>&nbsp;<\/p>\n<p>Bes, K. ;\u00a0<a href=\"http:\/\/lattes.cnpq.br\/2437504458494113\">Lemo\u00f5es, J.<\/a>\u00a0;\u00a0<strong>LEMONS E SILVA, CLAUDIA FERNANDA<\/strong>\u00a0;\u00a0<a href=\"http:\/\/lattes.cnpq.br\/2437504458494113\">SILVA, S\u00e9rgio Delmar dos Anjos e<\/a>\u00a0. Extra\u00e7\u00e3o e caracteriza\u00e7\u00e3o da lignina proveniente do pr\u00e9-tratamento de biomassa para produ\u00e7\u00e3o de etanol de 2a gera\u00e7\u00e3o. ENGENHARIA SANIT\u00c1RIA E AMBIENTAL (ONLINE), v. 24, p. 55-60, 2019.<br \/>\n<strong>Cita\u00e7\u00f5es:<\/strong><a href=\"http:\/\/gateway.webofknowledge.com\/gateway\/Gateway.cgi?GWVersion=2&amp;SrcApp=PARTNER_APP&amp;SrcAuth=LinksAMR&amp;KeyUT=WOS:000465570000006&amp;DestLinkType=CitingArticles&amp;DestApp=ALL_WOS&amp;UsrCustomerID=83e8e710a8e621f095e069bfe7c1e2bd\">1<\/a><\/p>\n<p>&nbsp;<\/p>\n<p>AVANCINI, A. R. ; LEMOES, J. S. ; MATOSO, E. S. ; CRUZ, N. D. ;\u00a0<a href=\"http:\/\/lattes.cnpq.br\/2437504458494113\">SILVA, S\u00e9rgio Delmar dos Anjos e<\/a>\u00a0;\u00a0<strong>LEMONS E SILVA, CLAUDIA FERNANDA<\/strong>\u00a0. RESIDUAL LIGNIN FROM BIOMASS PRETREATMENT FOR 2G ETHANOL PRODUCTION AS AN ADSORBENT IN DYE REMOVAL. CI\u00caNCIA E NATURA, v. 41, p. 265-270, 2019.<\/p>\n<p>&nbsp;<\/p>\n<p>POSSA, T. M. ; BRACHER, G. H. ; Manetti, A. G.S. ; Serqueira, V. S. ;\u00a0<strong>LEMONS E SILVA, CLAUDIA FERNANDA<\/strong>\u00a0. EFEITO DA RAZ\u00c3O C\/N E N\/P NA CIN\u00c9TICA DE CRESCIMENTO DA CIANOBACT\u00c9RIA APHANOTHECE MICROSCOPICA N\u00c4GELI. Revista Ibero-americana de Ci\u00eancias Ambientais, v. 9, p. 1, 2018.<\/p>\n<p>&nbsp;<\/p>\n<p><a href=\"http:\/\/lattes.cnpq.br\/2437504458494113\">Lemo\u00f5es, J.<\/a>\u00a0;\u00a0<strong>LEMONS E SILVA, CLAUDIA FERNANDA<\/strong>\u00a0; Avlia ; MONTERO, C\u00e2ndida Raquel Scherer ;\u00a0<a href=\"http:\/\/lattes.cnpq.br\/2437504458494113\">SILVA, S\u00e9rgio Delmar dos Anjos e<\/a>\u00a0; Samios ; PERALBA., M. C. R. . Chemical pretreatment of Arundo donax L. second-generation. ELECTRONIC JOURNAL OF BIOTECHNOLOGY, v. 31, p. 67-74-74, 2018.<\/p>\n","protected":false},"excerpt":{"rendered":"<p>E SILVA, CL\u00c1UDIA FERNANDA LEMONS; LEM\u00d5ES, JULIANA SILVA ; ROMANI, RUBIA FLORES ; DE OLIVEIRA, WILLIAM GON\u00c7ALVES ; LEITE, GABRIEL FEITOSA . Activated Carbon from Residual Lignin Used for Color Removal. WATER, AIR AND SOIL POLLUTION (DORDRECHT. ONLINE), v. 233, p. 177-188, 2022. &nbsp; BARBOSA, KELVIN TECHERA ; ACOSTA, ANDREY PEREIRA ; LAZAROTTO, MAR\u00cdLIA ; [&hellip;]<\/p>\n","protected":false},"author":36,"featured_media":0,"parent":0,"menu_order":0,"comment_status":"closed","ping_status":"closed","template":"","meta":{"footnotes":""},"class_list":["post-7811","page","type-page","status-publish","hentry"],"_links":{"self":[{"href":"https:\/\/wp.ufpel.edu.br\/esa\/wp-json\/wp\/v2\/pages\/7811","targetHints":{"allow":["GET"]}}],"collection":[{"href":"https:\/\/wp.ufpel.edu.br\/esa\/wp-json\/wp\/v2\/pages"}],"about":[{"href":"https:\/\/wp.ufpel.edu.br\/esa\/wp-json\/wp\/v2\/types\/page"}],"author":[{"embeddable":true,"href":"https:\/\/wp.ufpel.edu.br\/esa\/wp-json\/wp\/v2\/users\/36"}],"replies":[{"embeddable":true,"href":"https:\/\/wp.ufpel.edu.br\/esa\/wp-json\/wp\/v2\/comments?post=7811"}],"version-history":[{"count":2,"href":"https:\/\/wp.ufpel.edu.br\/esa\/wp-json\/wp\/v2\/pages\/7811\/revisions"}],"predecessor-version":[{"id":7833,"href":"https:\/\/wp.ufpel.edu.br\/esa\/wp-json\/wp\/v2\/pages\/7811\/revisions\/7833"}],"wp:attachment":[{"href":"https:\/\/wp.ufpel.edu.br\/esa\/wp-json\/wp\/v2\/media?parent=7811"}],"curies":[{"name":"wp","href":"https:\/\/api.w.org\/{rel}","templated":true}]}}