{"id":7810,"date":"2025-10-03T13:57:48","date_gmt":"2025-10-03T16:57:48","guid":{"rendered":"https:\/\/wp.ufpel.edu.br\/esa\/?page_id=7810"},"modified":"2025-10-03T14:04:15","modified_gmt":"2025-10-03T17:04:15","slug":"projetos-vigentes","status":"publish","type":"page","link":"https:\/\/wp.ufpel.edu.br\/esa\/projetos-vigentes\/","title":{"rendered":"Projetos Vigentes"},"content":{"rendered":"<p>Produ\u00e7\u00e3o de etanol de segunda gera\u00e7\u00e3o de variedades selecionadas de arroz.<\/p>\n<p>Produ\u00e7\u00e3o de etanol de segunda gera\u00e7\u00e3o a partir de Arundo donax L.<\/p>\n<p>Reaproveitamento de lignina proveniente do processo de produ\u00e7\u00e3o de etanol de segunda gera\u00e7\u00e3o visando a remo\u00e7\u00e3o de metais e corantes em efluentes.<\/p>\n","protected":false},"excerpt":{"rendered":"<p>Produ\u00e7\u00e3o de etanol de segunda gera\u00e7\u00e3o de variedades selecionadas de arroz. Produ\u00e7\u00e3o de etanol de segunda gera\u00e7\u00e3o a partir de Arundo donax L. Reaproveitamento de lignina proveniente do processo de produ\u00e7\u00e3o de etanol de segunda gera\u00e7\u00e3o visando a remo\u00e7\u00e3o de metais e corantes em efluentes.<\/p>\n","protected":false},"author":36,"featured_media":0,"parent":0,"menu_order":0,"comment_status":"closed","ping_status":"closed","template":"","meta":{"footnotes":""},"class_list":["post-7810","page","type-page","status-publish","hentry"],"_links":{"self":[{"href":"https:\/\/wp.ufpel.edu.br\/esa\/wp-json\/wp\/v2\/pages\/7810","targetHints":{"allow":["GET"]}}],"collection":[{"href":"https:\/\/wp.ufpel.edu.br\/esa\/wp-json\/wp\/v2\/pages"}],"about":[{"href":"https:\/\/wp.ufpel.edu.br\/esa\/wp-json\/wp\/v2\/types\/page"}],"author":[{"embeddable":true,"href":"https:\/\/wp.ufpel.edu.br\/esa\/wp-json\/wp\/v2\/users\/36"}],"replies":[{"embeddable":true,"href":"https:\/\/wp.ufpel.edu.br\/esa\/wp-json\/wp\/v2\/comments?post=7810"}],"version-history":[{"count":2,"href":"https:\/\/wp.ufpel.edu.br\/esa\/wp-json\/wp\/v2\/pages\/7810\/revisions"}],"predecessor-version":[{"id":7832,"href":"https:\/\/wp.ufpel.edu.br\/esa\/wp-json\/wp\/v2\/pages\/7810\/revisions\/7832"}],"wp:attachment":[{"href":"https:\/\/wp.ufpel.edu.br\/esa\/wp-json\/wp\/v2\/media?parent=7810"}],"curies":[{"name":"wp","href":"https:\/\/api.w.org\/{rel}","templated":true}]}}