{"id":7761,"date":"2025-07-18T16:18:51","date_gmt":"2025-07-18T19:18:51","guid":{"rendered":"https:\/\/wp.ufpel.edu.br\/esa\/?page_id=7761"},"modified":"2026-02-03T14:41:25","modified_gmt":"2026-02-03T17:41:25","slug":"horarios-e-salas-2025-2","status":"publish","type":"page","link":"https:\/\/wp.ufpel.edu.br\/esa\/horarios-e-salas-2025-2\/","title":{"rendered":"Hor\u00e1rios e Salas 2025\/2"},"content":{"rendered":"<p><strong>Hor\u00e1rios e Salas 2025\/02<\/strong><\/p>\n<p><a href=\"https:\/\/wp.ufpel.edu.br\/esa\/files\/2025\/09\/Horarios-EAS-2025-02-dia-30.pdf\">Hor\u00e1rios EAS 2025-02 (Atualizado e com salas)<\/a><\/p>\n<p>Observa\u00e7\u00f5es:<\/p>\n<p>&#8211; Teremos 10 vagas na turma 4 de C\u00e1lculo B &#8211; 15000774 nos seguintes hor\u00e1rios: Quinta-Feira (19:00 \u00e0s 22:20) e Sexta-Feira (19:00 \u00e0s 20:40) &#8211; Cotada 800<\/p>\n","protected":false},"excerpt":{"rendered":"<p>Hor\u00e1rios e Salas 2025\/02 Hor\u00e1rios EAS 2025-02 (Atualizado e com salas) Observa\u00e7\u00f5es: &#8211; Teremos 10 vagas na turma 4 de C\u00e1lculo B &#8211; 15000774 nos seguintes hor\u00e1rios: Quinta-Feira (19:00 \u00e0s 22:20) e Sexta-Feira (19:00 \u00e0s 20:40) &#8211; Cotada 800<\/p>\n","protected":false},"author":36,"featured_media":0,"parent":0,"menu_order":0,"comment_status":"closed","ping_status":"closed","template":"","meta":{"footnotes":""},"class_list":["post-7761","page","type-page","status-publish","hentry"],"_links":{"self":[{"href":"https:\/\/wp.ufpel.edu.br\/esa\/wp-json\/wp\/v2\/pages\/7761","targetHints":{"allow":["GET"]}}],"collection":[{"href":"https:\/\/wp.ufpel.edu.br\/esa\/wp-json\/wp\/v2\/pages"}],"about":[{"href":"https:\/\/wp.ufpel.edu.br\/esa\/wp-json\/wp\/v2\/types\/page"}],"author":[{"embeddable":true,"href":"https:\/\/wp.ufpel.edu.br\/esa\/wp-json\/wp\/v2\/users\/36"}],"replies":[{"embeddable":true,"href":"https:\/\/wp.ufpel.edu.br\/esa\/wp-json\/wp\/v2\/comments?post=7761"}],"version-history":[{"count":3,"href":"https:\/\/wp.ufpel.edu.br\/esa\/wp-json\/wp\/v2\/pages\/7761\/revisions"}],"predecessor-version":[{"id":7845,"href":"https:\/\/wp.ufpel.edu.br\/esa\/wp-json\/wp\/v2\/pages\/7761\/revisions\/7845"}],"wp:attachment":[{"href":"https:\/\/wp.ufpel.edu.br\/esa\/wp-json\/wp\/v2\/media?parent=7761"}],"curies":[{"name":"wp","href":"https:\/\/api.w.org\/{rel}","templated":true}]}}