{"id":7651,"date":"2024-11-01T16:34:22","date_gmt":"2024-11-01T19:34:22","guid":{"rendered":"https:\/\/wp.ufpel.edu.br\/esa\/?page_id=7651"},"modified":"2024-12-18T12:16:15","modified_gmt":"2024-12-18T15:16:15","slug":"tcc-2024-1","status":"publish","type":"page","link":"https:\/\/wp.ufpel.edu.br\/esa\/tcc-2024-1\/","title":{"rendered":"TCC 2024\/1"},"content":{"rendered":"<p><strong>1 &#8211; Nome: <\/strong>Tain\u00e1 Rhoden Schneider <strong>&#8211; T\u00edtulo:<\/strong> An\u00e1lise da fragilidade ambiental para o Munic\u00edpio de Jaguar\u00e3o\/RS.<\/p>\n<p><strong>2- Nome:<\/strong> Viviane Rodrigues Dorneles <strong>&#8211; T\u00edtulo:<\/strong> &#8220;Avalia\u00e7\u00e3o dos par\u00e2metros de qualidade da \u00e1gua de esta\u00e7\u00f5es fluviom\u00e9tricas em recursos h\u00eddricos do Munic\u00edpio de Pelotas\/RS&#8221;,<\/p>\n<p><strong>3 &#8211; Nome: <\/strong>Mariana Machado de Souza Dutra &#8211; <strong>T\u00edtulo: <\/strong>&#8220;Processo de licenciamento ambiental do Campus Cotada\/UFPel: memorial descritivo&#8221;.<\/p>\n<p>&nbsp;<\/p>\n","protected":false},"excerpt":{"rendered":"<p>1 &#8211; Nome: Tain\u00e1 Rhoden Schneider &#8211; T\u00edtulo: An\u00e1lise da fragilidade ambiental para o Munic\u00edpio de Jaguar\u00e3o\/RS. 2- Nome: Viviane Rodrigues Dorneles &#8211; T\u00edtulo: &#8220;Avalia\u00e7\u00e3o dos par\u00e2metros de qualidade da \u00e1gua de esta\u00e7\u00f5es fluviom\u00e9tricas em recursos h\u00eddricos do Munic\u00edpio de Pelotas\/RS&#8221;, 3 &#8211; Nome: Mariana Machado de Souza Dutra &#8211; T\u00edtulo: &#8220;Processo de licenciamento ambiental [&hellip;]<\/p>\n","protected":false},"author":36,"featured_media":0,"parent":0,"menu_order":0,"comment_status":"closed","ping_status":"closed","template":"","meta":{"footnotes":""},"class_list":["post-7651","page","type-page","status-publish","hentry"],"_links":{"self":[{"href":"https:\/\/wp.ufpel.edu.br\/esa\/wp-json\/wp\/v2\/pages\/7651","targetHints":{"allow":["GET"]}}],"collection":[{"href":"https:\/\/wp.ufpel.edu.br\/esa\/wp-json\/wp\/v2\/pages"}],"about":[{"href":"https:\/\/wp.ufpel.edu.br\/esa\/wp-json\/wp\/v2\/types\/page"}],"author":[{"embeddable":true,"href":"https:\/\/wp.ufpel.edu.br\/esa\/wp-json\/wp\/v2\/users\/36"}],"replies":[{"embeddable":true,"href":"https:\/\/wp.ufpel.edu.br\/esa\/wp-json\/wp\/v2\/comments?post=7651"}],"version-history":[{"count":5,"href":"https:\/\/wp.ufpel.edu.br\/esa\/wp-json\/wp\/v2\/pages\/7651\/revisions"}],"predecessor-version":[{"id":7667,"href":"https:\/\/wp.ufpel.edu.br\/esa\/wp-json\/wp\/v2\/pages\/7651\/revisions\/7667"}],"wp:attachment":[{"href":"https:\/\/wp.ufpel.edu.br\/esa\/wp-json\/wp\/v2\/media?parent=7651"}],"curies":[{"name":"wp","href":"https:\/\/api.w.org\/{rel}","templated":true}]}}