{"id":7565,"date":"2024-07-05T10:07:34","date_gmt":"2024-07-05T13:07:34","guid":{"rendered":"https:\/\/wp.ufpel.edu.br\/esa\/?page_id=7565"},"modified":"2024-07-05T11:44:04","modified_gmt":"2024-07-05T14:44:04","slug":"tcc-2023-2","status":"publish","type":"page","link":"https:\/\/wp.ufpel.edu.br\/esa\/tcc-2023-2\/","title":{"rendered":"TCC  2023\/2"},"content":{"rendered":"<p><strong>1 &#8211; Nome:<\/strong> Andressa de Medeiros &#8211; <strong>T\u00edtulo:<\/strong> Caracteriza\u00e7\u00e3o de agroflorestas no extremo sul do Rio Grande do Sul sob o aspecto da sustentabilidade.<\/p>\n<p><strong>2 &#8211; Nome:<\/strong> Arlene Fehrenbach &#8211; <strong>T\u00edtulo:<\/strong> Barragem do Canal S\u00e3o Gon\u00e7alo \u2013 comportamento da sua funcionalidade e opera\u00e7\u00e3o frente a intrus\u00e3o salina e suas consequ\u00eancias nos usos m\u00faltiplos da \u00e1gua.<\/p>\n<p><strong>3 &#8211; Nome:<\/strong> Caroline Menezes Pinheiro &#8211; <strong>T\u00edtulo:<\/strong> Influ\u00eancia da rela\u00e7\u00e3o base-altura em colunas de ozoniza\u00e7\u00e3o na remo\u00e7\u00e3o de carga org\u00e2nica de efluente.<\/p>\n<p><strong>4 &#8211; Nome:<\/strong> Grasielle da Silva Fraga &#8211; <strong>T\u00edtulo:<\/strong> Avalia\u00e7\u00e3o toxicol\u00f3gica do herbicida clomazona em solo utilizando como bioindicador minhocas da esp\u00e9cie <em>Eisenia andrei.<\/em><\/p>\n<p><strong>5 &#8211; Nome:<\/strong> Isadora de Lima Chagas Figueiredo &#8211; <strong>T\u00edtulo:<\/strong> Identifica\u00e7\u00e3o de Zonas de Autosalvamento (ZAS) como a\u00e7\u00e3o de resili\u00eancia na zona administrativa do Laranjal Pelotas RS a inunda\u00e7\u00e3o<\/p>\n<p><strong>6 &#8211; Nome:<\/strong> Lismara Carvalho Marques &#8211; <strong>T\u00edtulo:<\/strong> Mapeamento e cadastro na gest\u00e3o da arboriza\u00e7\u00e3o urbana em Pelotas &#8211; RS: benef\u00edcios, conflitos e estrat\u00e9gias para uma cidade mais sustent\u00e1vel.<\/p>\n<p><strong>7 &#8211; Nome:<\/strong> Tainara Goulart Corr\u00eaa &#8211; <strong>T\u00edtulo:<\/strong> An\u00e1lise geoespacial das quedas d&#8217;\u00e1gua na Bacia do Arroio Saraiva &#8211; Cangu\u00e7u\/RS.<\/p>\n<p><strong>8 &#8211; Nome:<\/strong> T\u00e1ssia Parada Sampaio &#8211; <strong>T\u00edtulo:<\/strong> An\u00e1lise Automatizada da Severidade de Queimadas em \u00c1rea de Banhado com \u00edndices de vegeta\u00e7\u00e3o (NDVI e NBR) atrav\u00e9s de JavaScript: Um Estudo de Caso em Pelotas, RS.<\/p>\n<p><strong>9 &#8211; Nome:<\/strong> Vanessa Faria de Oliveira &#8211; <strong>T\u00edtulo:<\/strong> An\u00e1lise multicrit\u00e9rio para determina\u00e7\u00e3o do \u00edndice de fragilidade ambiental parcial para o munic\u00edpio de Santana da Boa Vista.<\/p>\n","protected":false},"excerpt":{"rendered":"<p>1 &#8211; Nome: Andressa de Medeiros &#8211; T\u00edtulo: Caracteriza\u00e7\u00e3o de agroflorestas no extremo sul do Rio Grande do Sul sob o aspecto da sustentabilidade. 2 &#8211; Nome: Arlene Fehrenbach &#8211; T\u00edtulo: Barragem do Canal S\u00e3o Gon\u00e7alo \u2013 comportamento da sua funcionalidade e opera\u00e7\u00e3o frente a intrus\u00e3o salina e suas consequ\u00eancias nos usos m\u00faltiplos da \u00e1gua. [&hellip;]<\/p>\n","protected":false},"author":36,"featured_media":0,"parent":0,"menu_order":0,"comment_status":"closed","ping_status":"closed","template":"","meta":{"footnotes":""},"class_list":["post-7565","page","type-page","status-publish","hentry"],"_links":{"self":[{"href":"https:\/\/wp.ufpel.edu.br\/esa\/wp-json\/wp\/v2\/pages\/7565","targetHints":{"allow":["GET"]}}],"collection":[{"href":"https:\/\/wp.ufpel.edu.br\/esa\/wp-json\/wp\/v2\/pages"}],"about":[{"href":"https:\/\/wp.ufpel.edu.br\/esa\/wp-json\/wp\/v2\/types\/page"}],"author":[{"embeddable":true,"href":"https:\/\/wp.ufpel.edu.br\/esa\/wp-json\/wp\/v2\/users\/36"}],"replies":[{"embeddable":true,"href":"https:\/\/wp.ufpel.edu.br\/esa\/wp-json\/wp\/v2\/comments?post=7565"}],"version-history":[{"count":1,"href":"https:\/\/wp.ufpel.edu.br\/esa\/wp-json\/wp\/v2\/pages\/7565\/revisions"}],"predecessor-version":[{"id":7567,"href":"https:\/\/wp.ufpel.edu.br\/esa\/wp-json\/wp\/v2\/pages\/7565\/revisions\/7567"}],"wp:attachment":[{"href":"https:\/\/wp.ufpel.edu.br\/esa\/wp-json\/wp\/v2\/media?parent=7565"}],"curies":[{"name":"wp","href":"https:\/\/api.w.org\/{rel}","templated":true}]}}