{"id":7441,"date":"2024-01-29T10:51:57","date_gmt":"2024-01-29T13:51:57","guid":{"rendered":"https:\/\/wp.ufpel.edu.br\/esa\/?page_id=7441"},"modified":"2024-01-29T10:51:57","modified_gmt":"2024-01-29T13:51:57","slug":"tcc-2023-1","status":"publish","type":"page","link":"https:\/\/wp.ufpel.edu.br\/esa\/tcc-2023-1\/","title":{"rendered":"TCC 2023\/1"},"content":{"rendered":"<p>NOME:\u00a0<b>ANA\u00cdS FRAN\u00c7A DE MATOS OLIVEIRA<\/b>\u00a0\u2013 T\u00cdTULO:\u00a0<b>COMPOSTAGEM COMO ALTERNATIVA PARA O TRATAMENTO DE RES\u00cdDUOS S\u00d3LIDOS ORG\u00c2NICOS GERADOS POR UM PORTO ARRENDADO NA REGI\u00c3O NORTE DO BRASIL<\/b><\/p>\n","protected":false},"excerpt":{"rendered":"<p>NOME:\u00a0ANA\u00cdS FRAN\u00c7A DE MATOS OLIVEIRA\u00a0\u2013 T\u00cdTULO:\u00a0COMPOSTAGEM COMO ALTERNATIVA PARA O TRATAMENTO DE RES\u00cdDUOS S\u00d3LIDOS ORG\u00c2NICOS GERADOS POR UM PORTO ARRENDADO NA REGI\u00c3O NORTE DO BRASIL<\/p>\n","protected":false},"author":36,"featured_media":0,"parent":0,"menu_order":0,"comment_status":"closed","ping_status":"closed","template":"","meta":{"footnotes":""},"class_list":["post-7441","page","type-page","status-publish","hentry"],"_links":{"self":[{"href":"https:\/\/wp.ufpel.edu.br\/esa\/wp-json\/wp\/v2\/pages\/7441","targetHints":{"allow":["GET"]}}],"collection":[{"href":"https:\/\/wp.ufpel.edu.br\/esa\/wp-json\/wp\/v2\/pages"}],"about":[{"href":"https:\/\/wp.ufpel.edu.br\/esa\/wp-json\/wp\/v2\/types\/page"}],"author":[{"embeddable":true,"href":"https:\/\/wp.ufpel.edu.br\/esa\/wp-json\/wp\/v2\/users\/36"}],"replies":[{"embeddable":true,"href":"https:\/\/wp.ufpel.edu.br\/esa\/wp-json\/wp\/v2\/comments?post=7441"}],"version-history":[{"count":1,"href":"https:\/\/wp.ufpel.edu.br\/esa\/wp-json\/wp\/v2\/pages\/7441\/revisions"}],"predecessor-version":[{"id":7443,"href":"https:\/\/wp.ufpel.edu.br\/esa\/wp-json\/wp\/v2\/pages\/7441\/revisions\/7443"}],"wp:attachment":[{"href":"https:\/\/wp.ufpel.edu.br\/esa\/wp-json\/wp\/v2\/media?parent=7441"}],"curies":[{"name":"wp","href":"https:\/\/api.w.org\/{rel}","templated":true}]}}