{"id":7301,"date":"2023-07-21T08:22:54","date_gmt":"2023-07-21T11:22:54","guid":{"rendered":"https:\/\/wp.ufpel.edu.br\/esa\/?page_id=7301"},"modified":"2023-07-28T19:17:24","modified_gmt":"2023-07-28T22:17:24","slug":"tcc-2022-2","status":"publish","type":"page","link":"https:\/\/wp.ufpel.edu.br\/esa\/tcc-2022-2\/","title":{"rendered":"TCC 2022\/2"},"content":{"rendered":"<p>1 &#8211; NOME: <strong>GUILHERME MAIA URCULINO<\/strong>\u2013 T\u00cdTULO:\u00a0<strong>PANORAMA DA RELA\u00c7\u00c3O MEIO AMBIENTE E OS MOLDES DO DESENVOLVIMENTO A PARTIR DO PROTOCOLO DE KYOTO: UMA REVIS\u00c3O BIBLIOGR\u00c1FICA.<\/strong><\/p>\n<p>2 &#8211; NOME: <strong>JULIA MENDES<\/strong>\u2013 T\u00cdTULO:\u00a0<strong>AVALIA\u00c7\u00c3O DE FOTOCATALISADORES \u00c0 BASE DE NITRETO DE CARBONO GRAF\u00cdTICO (G-C3N4) COM APLICA\u00c7\u00c3O EM FOTOCAT\u00c1LISE HETEROG\u00caNEA SOB IRRADIA\u00c7\u00c3O DE LUZ SOLAR VISANDO A DEGRADA\u00c7\u00c3O DO PARACETAMOL.<\/strong><\/p>\n<p><span style=\"text-align: justify;color: var(--cor-texto);font-family: var(--fonte-corpo)\">3 &#8211; NOME: <\/span><strong style=\"text-align: justify;color: var(--cor-texto);font-family: var(--fonte-corpo)\">LUISA ANGELO DOS ANJOS<\/strong><span style=\"text-align: justify;color: var(--cor-texto);font-family: var(--fonte-corpo)\">\u2013 T\u00cdTULO:\u00a0<\/span><strong style=\"text-align: justify;color: var(--cor-texto);font-family: var(--fonte-corpo)\">AN\u00c1LISE DA REMO\u00c7\u00c3O DE TURBIDEZ E F\u00d3SFORO DE LIXIVIADO POR ESPUMA DE POLIURETANO.<\/strong><\/p>\n<p>4 &#8211; NOME: <strong>RENATA MORENO BUENO<\/strong>\u2013 T\u00cdTULO:\u00a0<strong>PREPARA\u00c7\u00c3O E CARACTERIZA\u00c7\u00c3O DE FILMES POLIM\u00c9RICOS \u00c0 BASE DE GOMA TRAGACANTO PARA APLICA\u00c7\u00c3O EM EMBALAGENS BIODEGRAD\u00c1VEIS.<\/strong><\/p>\n<p>5 &#8211; NOME: <strong>TIFANY MANOELA DE SOUZA<\/strong>\u2013 T\u00cdTULO:\u00a0<strong>PROJETO VERDUCA: COMPOSTAGEM E EDUCA\u00c7\u00c3O AMBIENTAL EM JAGUAR\u00c3O\/RS<\/strong><\/p>\n","protected":false},"excerpt":{"rendered":"<p>1 &#8211; NOME: GUILHERME MAIA URCULINO\u2013 T\u00cdTULO:\u00a0PANORAMA DA RELA\u00c7\u00c3O MEIO AMBIENTE E OS MOLDES DO DESENVOLVIMENTO A PARTIR DO PROTOCOLO DE KYOTO: UMA REVIS\u00c3O BIBLIOGR\u00c1FICA. 2 &#8211; NOME: JULIA MENDES\u2013 T\u00cdTULO:\u00a0AVALIA\u00c7\u00c3O DE FOTOCATALISADORES \u00c0 BASE DE NITRETO DE CARBONO GRAF\u00cdTICO (G-C3N4) COM APLICA\u00c7\u00c3O EM FOTOCAT\u00c1LISE HETEROG\u00caNEA SOB IRRADIA\u00c7\u00c3O DE LUZ SOLAR VISANDO A DEGRADA\u00c7\u00c3O DO [&hellip;]<\/p>\n","protected":false},"author":36,"featured_media":0,"parent":0,"menu_order":0,"comment_status":"closed","ping_status":"closed","template":"","meta":{"footnotes":""},"class_list":["post-7301","page","type-page","status-publish","hentry"],"_links":{"self":[{"href":"https:\/\/wp.ufpel.edu.br\/esa\/wp-json\/wp\/v2\/pages\/7301","targetHints":{"allow":["GET"]}}],"collection":[{"href":"https:\/\/wp.ufpel.edu.br\/esa\/wp-json\/wp\/v2\/pages"}],"about":[{"href":"https:\/\/wp.ufpel.edu.br\/esa\/wp-json\/wp\/v2\/types\/page"}],"author":[{"embeddable":true,"href":"https:\/\/wp.ufpel.edu.br\/esa\/wp-json\/wp\/v2\/users\/36"}],"replies":[{"embeddable":true,"href":"https:\/\/wp.ufpel.edu.br\/esa\/wp-json\/wp\/v2\/comments?post=7301"}],"version-history":[{"count":4,"href":"https:\/\/wp.ufpel.edu.br\/esa\/wp-json\/wp\/v2\/pages\/7301\/revisions"}],"predecessor-version":[{"id":7312,"href":"https:\/\/wp.ufpel.edu.br\/esa\/wp-json\/wp\/v2\/pages\/7301\/revisions\/7312"}],"wp:attachment":[{"href":"https:\/\/wp.ufpel.edu.br\/esa\/wp-json\/wp\/v2\/media?parent=7301"}],"curies":[{"name":"wp","href":"https:\/\/api.w.org\/{rel}","templated":true}]}}