{"id":7298,"date":"2023-07-21T08:22:20","date_gmt":"2023-07-21T11:22:20","guid":{"rendered":"https:\/\/wp.ufpel.edu.br\/esa\/?page_id=7298"},"modified":"2023-07-28T19:19:12","modified_gmt":"2023-07-28T22:19:12","slug":"tcc-2022-1","status":"publish","type":"page","link":"https:\/\/wp.ufpel.edu.br\/esa\/tcc-2022-1\/","title":{"rendered":"TCC 2022\/1"},"content":{"rendered":"<p style=\"font-weight: 400\">1- NOME:<strong>\u00a0ALAN COSTA AREND \u2013\u00a0<\/strong>T\u00cdTULO:<strong> VARIABILIDADE DE PRECIPITA\u00c7\u00c3O DA BACIA HIDROGR\u00c1FICA DO PARAN\u00c1 3 E SUA INFLU\u00caNCIA SOBRE A GERA\u00c7\u00c3O DE ENERGIA HIDREL\u00c9TRICA EM ITAIPU.<\/strong><\/p>\n<p style=\"font-weight: 400\">2- NOME:<strong>\u00a0ANDRESSA ABREU DE SOUSA \u2013\u00a0<\/strong>T\u00cdTULO:<strong> PERCEP\u00c7\u00c3O AMBIENTAL E SEGREGA\u00c7\u00c3O DOS RES\u00cdDUOS S\u00d3LIDOS CLASSE II \u2013 ESTUDO DE CASO EM TERMINAL LOG\u00cdSTICO PORTU\u00c1RIO.<\/strong><\/p>\n<p style=\"font-weight: 400\">3- NOME:<strong>\u00a0CIPRIANE MACIEL VIANA \u2013\u00a0<\/strong>T\u00cdTULO:<strong>\u00a0AVALIA\u00c7\u00c3O DOS PAR\u00c2METROS QUE INTERFEREM O DEP\u00d3SITO DE ESGOTO DOM\u00c9STICO NO RIO ARROIO GRANDE E SUA INFLU\u00caNCIA NA PRAIA DO PONTAL<\/strong><\/p>\n<p style=\"font-weight: 400\">4- NOME:<strong>\u00a0DANIELA VELLAR HEPP<\/strong>\u00a0\u2013\u00a0T\u00cdTULO:\u00a0<strong>INVENT\u00c1RIO DE EMISS\u00d5ES ATMOSF\u00c9RICAS DE UMA IND\u00daSTRIA T\u00caXTIL LOCALIZADA NO NORTE DE SANTA CATARINA.<\/strong><\/p>\n<p style=\"font-weight: 400\">5- NOME:\u00a0<strong>D\u2019ANDR\u00c9A ZAMPIERI MARMITT \u2013\u00a0<\/strong>T\u00cdTULO:<strong> AN\u00c1LISE DA PRODU\u00c7\u00c3O CIENT\u00cdFICA DA REVISTA BRASILEIRA DE EDUCA\u00c7\u00c3O AMBIENTAL (REVBEA) ACERCA DA EDUCA\u00c7\u00c3O AMBIENTAL NA EDUCA\u00c7\u00c3O INFANTIL.<\/strong><\/p>\n<p style=\"font-weight: 400\">6- NOME:<strong>\u00a0ELISA CRISTINA LEAL BORGES \u2013\u00a0<\/strong>T\u00cdTULO:<strong> AN\u00c1LISE E COMPARA\u00c7\u00c3O DO \u00cdNDICE DE QUALIDADE DE \u00c1GUA DA LAGOA MIRIM.<\/strong><\/p>\n<p style=\"font-weight: 400\">7- NOME:<strong>\u00a0FERNANDA DIAS DE \u00c1VILA \u2013\u00a0<\/strong>T\u00cdTULO:<strong>\u00a0CADEIA PRODUTIVA DA PESCA ARTESANAL: UMA PROPOSTA SUSTENT\u00c1VEL PARA A COMUNIDADE Z-3<\/strong><\/p>\n<p style=\"font-weight: 400\">8- NOME:<strong>\u00a0GABRIEL AMERICO ALVES DOS SANTOS \u2013\u00a0<\/strong>T\u00cdTULO:<strong> COMPOSTAGEM DOMICILIAR DE BIOPL\u00c1STICO (PLA) COM RES\u00cdDUOS ALIMENTARES.<\/strong><\/p>\n<p style=\"font-weight: 400\">9- NOME:<strong>\u00a0MARCELA ROCHA MARTINEZ \u2013\u00a0<\/strong>T\u00cdTULO:<strong> EDUCA\u00c7\u00c3O AMBIENTAL NAS ESCOLAS MUNICIPAIS E ESTADUAIS DE JAGUAR\u00c3O\/RS: A PERCEP\u00c7\u00c3O DOS PROFESSORES EM RELA\u00c7\u00c3O AO ENSINO DOS RES\u00cdDUOS S\u00d3LIDOS.<\/strong><\/p>\n<p style=\"font-weight: 400\">10- NOME:<strong>\u00a0MARCELO FERREIRA PEDRA JUNIOR \u2013\u00a0<\/strong>T\u00cdTULO:<strong> AN\u00c1LISE F\u00cdSICA DOS RES\u00cdDUOS S\u00d3LIDOS GERADOS NO MERCADO P\u00daBLICO DO MUNIC\u00cdPIO DE PELOTAS.<\/strong><\/p>\n<p style=\"font-weight: 400\">11- NOME:\u00a0<strong>RAFAEL MOREIRA \u2013\u00a0<\/strong>T\u00cdTULO:<strong>\u00a0IMPACTO AMBIENTAL DE ESTRUTURAS DE RESERVA\u00c7\u00c3O H\u00cdDRICA: ESTUDO DE CASO<\/strong><\/p>\n<p style=\"font-weight: 400\">12- NOME:<strong>\u00a0TIAGO SCHWINGEL \u2013\u00a0<\/strong>T\u00cdTULO:<strong>\u00a0AVALIA\u00c7\u00c3O DOS IMPACTOS CAUSADOS PELA URBANIZA\u00c7\u00c3O NA DRENAGEM URBANA NOS BAIRROS CRUZEIRO E UMUHARAMA, EM PELOTAS-RS<\/strong><\/p>\n<p style=\"font-weight: 400\">13- NOME:<strong>\u00a0THAIS DA SILVEIRA TEIXEIRA \u2013\u00a0<\/strong>T\u00cdTULO:<strong> MONITORAMENTO DE ALGUNS PAR\u00c2METROS F\u00cdSICO-QU\u00cdMICOS DA \u00c1GUA UTILIZADA PARA ABASTECIMENTO HUMANO NA REGI\u00c3O DA CAMPANHA.<\/strong><\/p>\n<p style=\"font-weight: 400\">14- NOME:<strong>\u00a0VINICIUS D\u2019AVILA DUARTE \u2013\u00a0<\/strong>T\u00cdTULO:\u00a0<strong>AN\u00c1LISE DA ESTIAGEM NO RESERVAT\u00d3RIO DO SANTA B\u00c1RBARA.<\/strong><\/p>\n","protected":false},"excerpt":{"rendered":"<p>1- NOME:\u00a0ALAN COSTA AREND \u2013\u00a0T\u00cdTULO: VARIABILIDADE DE PRECIPITA\u00c7\u00c3O DA BACIA HIDROGR\u00c1FICA DO PARAN\u00c1 3 E SUA INFLU\u00caNCIA SOBRE A GERA\u00c7\u00c3O DE ENERGIA HIDREL\u00c9TRICA EM ITAIPU. 2- NOME:\u00a0ANDRESSA ABREU DE SOUSA \u2013\u00a0T\u00cdTULO: PERCEP\u00c7\u00c3O AMBIENTAL E SEGREGA\u00c7\u00c3O DOS RES\u00cdDUOS S\u00d3LIDOS CLASSE II \u2013 ESTUDO DE CASO EM TERMINAL LOG\u00cdSTICO PORTU\u00c1RIO. 3- NOME:\u00a0CIPRIANE MACIEL VIANA \u2013\u00a0T\u00cdTULO:\u00a0AVALIA\u00c7\u00c3O DOS PAR\u00c2METROS [&hellip;]<\/p>\n","protected":false},"author":36,"featured_media":0,"parent":0,"menu_order":0,"comment_status":"closed","ping_status":"closed","template":"","meta":{"footnotes":""},"class_list":["post-7298","page","type-page","status-publish","hentry"],"_links":{"self":[{"href":"https:\/\/wp.ufpel.edu.br\/esa\/wp-json\/wp\/v2\/pages\/7298","targetHints":{"allow":["GET"]}}],"collection":[{"href":"https:\/\/wp.ufpel.edu.br\/esa\/wp-json\/wp\/v2\/pages"}],"about":[{"href":"https:\/\/wp.ufpel.edu.br\/esa\/wp-json\/wp\/v2\/types\/page"}],"author":[{"embeddable":true,"href":"https:\/\/wp.ufpel.edu.br\/esa\/wp-json\/wp\/v2\/users\/36"}],"replies":[{"embeddable":true,"href":"https:\/\/wp.ufpel.edu.br\/esa\/wp-json\/wp\/v2\/comments?post=7298"}],"version-history":[{"count":5,"href":"https:\/\/wp.ufpel.edu.br\/esa\/wp-json\/wp\/v2\/pages\/7298\/revisions"}],"predecessor-version":[{"id":7314,"href":"https:\/\/wp.ufpel.edu.br\/esa\/wp-json\/wp\/v2\/pages\/7298\/revisions\/7314"}],"wp:attachment":[{"href":"https:\/\/wp.ufpel.edu.br\/esa\/wp-json\/wp\/v2\/media?parent=7298"}],"curies":[{"name":"wp","href":"https:\/\/api.w.org\/{rel}","templated":true}]}}