{"id":7123,"date":"2023-04-09T21:19:18","date_gmt":"2023-04-10T00:19:18","guid":{"rendered":"https:\/\/wp.ufpel.edu.br\/esa\/?page_id=7123"},"modified":"2023-07-28T19:26:18","modified_gmt":"2023-07-28T22:26:18","slug":"tcc-2021-2","status":"publish","type":"page","link":"https:\/\/wp.ufpel.edu.br\/esa\/tcc-2021-2\/","title":{"rendered":"TCC 2021\/2"},"content":{"rendered":"<p class=\"v1MsoNormal\">1 &#8211; NOME:<strong> EDUARDA GOMES DE SOUZA &#8211; <\/strong>T\u00cdTULO:<strong> TRANSI\u00c7\u00c3O ENERG\u00c9TICA NA REGI\u00c3O SUL DO BRASIL: POTENCIAL E VIABILIDADE ECON\u00d4MICA DA PRODU\u00c7\u00c3O DE HIDROG\u00caNIO VERDE A PARTIR DA ENERGIA REMANESCENTE EM PEQUENAS CENTRAIS HIDREL\u00c9TRICAS E USINAS E\u00d3LICAS.<\/strong><\/p>\n<p class=\"v1MsoNormal\">2 &#8211; NOME:<strong>\u00a0PATRICIA OLIVEIRA SCHMITT \u2013\u00a0<\/strong>T\u00cdTULO: <strong>DETERMINA\u00c7\u00c3O DO PODER CALOR\u00cdFICO EM GEN\u00d3TIPOS DE CANA-DE-A\u00c7\u00daCAR. HELENA JUNG ADAMOLI &#8211; AN\u00c1LISE QUALI-QUANTITATIVA DOS RES\u00cdDUOS S\u00d3LIDOS GERADOS EM UM PONTO TUR\u00cdSTICO RURAL LOCALIZADO NO INTERIOR DO MUNIC\u00cdPIO DE PELOTAS\/RS.<\/strong><\/p>\n<p class=\"v1MsoNormal\">3 &#8211; NOME:<strong> KARINE FONSECA DE SOUZA &#8211; <\/strong>T\u00cdTULO: <strong>ESTUDO DAS TRANSFORMA\u00c7\u00d5ES AMBIENTAIS DECORRENTES DA DIN\u00c2MICA DO USO SOLO NO ENTORNO DA LAGOA MANGUEIRA.<\/strong><\/p>\n<p class=\"v1MsoNormal\">4 &#8211; NOME: <strong>MARIANA FURTADO RIBEIRO DE N\u00d3BREGA &#8211; <\/strong>T\u00cdTULO: <strong>HIDROG\u00caNIO VERDE: UMA REVIS\u00c3O DE PROCESSOS DE PRODU\u00c7\u00c3O DO HIDROG\u00caNIO ORIUNDOS DE FONTES RENOV\u00c1VEIS DE ENERGIA.<\/strong><\/p>\n<p class=\"v1MsoNormal\">5 &#8211; NOME: <strong>MARTHA FERRUGEM KAISER<\/strong>\u00a0&#8211; T\u00cdTULO: <strong>O PAPEL DA EDUCA\u00c7\u00c3O AMBIENTAL NA PERSPECTIVA DE FUTURO DE JOVENS VINCULADOS \u00c0S ZONAS RURAIS.<\/strong><\/p>\n<p class=\"v1MsoNormal\">6 &#8211; NOME: <strong>PAOLA MULINARI &#8211; <\/strong>T\u00cdTULO:<strong> AVALIA\u00c7\u00c3O DOS DISPOSITIVOS DE DRENAGEM URBANA: AN\u00c1LISE DAS BOCAS DE LOBO DO BAIRRO CIDADE VERDE, ELDORADO DO SUL \u2013 RS.<\/strong><\/p>\n","protected":false},"excerpt":{"rendered":"<p>1 &#8211; NOME: EDUARDA GOMES DE SOUZA &#8211; T\u00cdTULO: TRANSI\u00c7\u00c3O ENERG\u00c9TICA NA REGI\u00c3O SUL DO BRASIL: POTENCIAL E VIABILIDADE ECON\u00d4MICA DA PRODU\u00c7\u00c3O DE HIDROG\u00caNIO VERDE A PARTIR DA ENERGIA REMANESCENTE EM PEQUENAS CENTRAIS HIDREL\u00c9TRICAS E USINAS E\u00d3LICAS. 2 &#8211; NOME:\u00a0PATRICIA OLIVEIRA SCHMITT \u2013\u00a0T\u00cdTULO: DETERMINA\u00c7\u00c3O DO PODER CALOR\u00cdFICO EM GEN\u00d3TIPOS DE CANA-DE-A\u00c7\u00daCAR. HELENA JUNG ADAMOLI &#8211; [&hellip;]<\/p>\n","protected":false},"author":36,"featured_media":0,"parent":0,"menu_order":0,"comment_status":"closed","ping_status":"closed","template":"","meta":{"footnotes":""},"class_list":["post-7123","page","type-page","status-publish","hentry"],"_links":{"self":[{"href":"https:\/\/wp.ufpel.edu.br\/esa\/wp-json\/wp\/v2\/pages\/7123","targetHints":{"allow":["GET"]}}],"collection":[{"href":"https:\/\/wp.ufpel.edu.br\/esa\/wp-json\/wp\/v2\/pages"}],"about":[{"href":"https:\/\/wp.ufpel.edu.br\/esa\/wp-json\/wp\/v2\/types\/page"}],"author":[{"embeddable":true,"href":"https:\/\/wp.ufpel.edu.br\/esa\/wp-json\/wp\/v2\/users\/36"}],"replies":[{"embeddable":true,"href":"https:\/\/wp.ufpel.edu.br\/esa\/wp-json\/wp\/v2\/comments?post=7123"}],"version-history":[{"count":4,"href":"https:\/\/wp.ufpel.edu.br\/esa\/wp-json\/wp\/v2\/pages\/7123\/revisions"}],"predecessor-version":[{"id":7316,"href":"https:\/\/wp.ufpel.edu.br\/esa\/wp-json\/wp\/v2\/pages\/7123\/revisions\/7316"}],"wp:attachment":[{"href":"https:\/\/wp.ufpel.edu.br\/esa\/wp-json\/wp\/v2\/media?parent=7123"}],"curies":[{"name":"wp","href":"https:\/\/api.w.org\/{rel}","templated":true}]}}