{"id":6475,"date":"2021-11-17T10:41:24","date_gmt":"2021-11-17T13:41:24","guid":{"rendered":"https:\/\/wp.ufpel.edu.br\/esa\/?page_id=6475"},"modified":"2021-11-17T22:14:58","modified_gmt":"2021-11-18T01:14:58","slug":"formacao-em-extensao","status":"publish","type":"page","link":"https:\/\/wp.ufpel.edu.br\/esa\/formacao-em-extensao\/","title":{"rendered":"Forma\u00e7\u00e3o em Extens\u00e3o"},"content":{"rendered":"<p style=\"text-align: justify\">Em edi\u00e7\u00e3o<\/p>\n<p style=\"text-align: justify\"><span style=\"font-weight: 400\">No Curso de Engenharia Ambiental e Sanit\u00e1ria a forma de curriculariza\u00e7\u00e3o das atividades de extens\u00e3o ser\u00e1 atrav\u00e9s de:\u00a0<\/span><span style=\"font-weight: 400\">a) Disciplinas e;\u00a0<\/span><span style=\"font-weight: 400\">b) Atividades Curriculares em Extens\u00e3o (ACE). <\/span><\/p>\n<p style=\"text-align: justify\"><span style=\"font-weight: 400\">A carga hor\u00e1ria m\u00ednima \u00e9 de xxx horas (10% da carga hor\u00e1ria total do curso), sendo de car\u00e1ter obrigat\u00f3rio.<\/span><span style=\"font-weight: 400\">\u00a0<\/span><\/p>\n<p style=\"text-align: justify\"><b>a) Disciplinas: As disciplinas que far\u00e3o parte da Curriculariza\u00e7\u00e3o da Extens\u00e3o:<\/b><\/p>\n<ul style=\"text-align: justify\">\n<li style=\"font-weight: 400\"><span style=\"font-weight: 400\">Tutoria II &#8211; 2\u00ba semestre (2 Cr Total, sendo: 2 Cr EXT);<\/span><\/li>\n<li style=\"font-weight: 400\"><span style=\"font-weight: 400\">Educa\u00e7\u00e3o Ambiental \u2013 4\u00ba semestre (4 Cr total, sendo: 2 Cr te\u00f3ricos, 1 pr\u00e1tico e 1 Cr EXT);<\/span><\/li>\n<li style=\"font-weight: 400\"><span style=\"font-weight: 400\">Biologia da Conserva\u00e7\u00e3o &#8211; 8\u00ba semestre (3 Cr total, sendo 1 Cr te\u00f3rico, 1 pr\u00e1tico\u00a0 e 1 Cr EXT;<\/span><\/li>\n<\/ul>\n<p style=\"text-align: justify\"><b>b)<\/b> <b>Atividades Curriculares de Extens\u00e3o (ACE):<\/b><\/p>\n<p style=\"text-align: justify\"><span style=\"font-weight: 400\">As ACEs estar\u00e3o vinculadas ao Programa \u201cEngenheiro Sanitarista e Ambiental em Extens\u00e3o\u201d, cadastrado com o C\u00f3digo 126 no sistema Cobalto. \u00c9 importante ressaltar que os Projetos de Extens\u00e3o contemplar\u00e3o as \u00e1reas profissionalizantes e espec\u00edficas previstas do Curso de Engenharia Ambiental e Sanit\u00e1ria e ser\u00e3o coordenados por professores do Curso, de forma alternada, ou seja, os Projetos ser\u00e3o ofertados por 2 anos, em formato de rod\u00edzio, vinculados ao Programa (ACE), portanto, os mesmos t\u00eam volume de horas suficientes para que o aluno possa concluir a carga hor\u00e1ria em extens\u00e3o exigida.\u00a0\u00a0\u00a0<\/span><\/p>\n<p>&nbsp;<\/p>\n<p><a href=\"https:\/\/wp.ufpel.edu.br\/esa\/files\/2021\/11\/FORMULARIO-Atividade-Extensao.docx\">FORMUL\u00c1RIO &#8211; Forma\u00e7\u00e3o em Extens\u00e3o<\/a><\/p>\n<p><a href=\"https:\/\/wp.ufpel.edu.br\/esa\/files\/2021\/11\/Relatorio-de-Atividade-Extensao-ACE-EXTERNA.docx\">RELAT\u00d3RIO &#8211; Forma\u00e7\u00e3o em Extens\u00e3o<\/a><\/p>\n","protected":false},"excerpt":{"rendered":"<p>Em edi\u00e7\u00e3o No Curso de Engenharia Ambiental e Sanit\u00e1ria a forma de curriculariza\u00e7\u00e3o das atividades de extens\u00e3o ser\u00e1 atrav\u00e9s de:\u00a0a) Disciplinas e;\u00a0b) Atividades Curriculares em Extens\u00e3o (ACE). A carga hor\u00e1ria m\u00ednima \u00e9 de xxx horas (10% da carga hor\u00e1ria total do curso), sendo de car\u00e1ter obrigat\u00f3rio.\u00a0 a) Disciplinas: As disciplinas que far\u00e3o parte da Curriculariza\u00e7\u00e3o [&hellip;]<\/p>\n","protected":false},"author":36,"featured_media":0,"parent":0,"menu_order":0,"comment_status":"closed","ping_status":"closed","template":"","meta":{"footnotes":""},"class_list":["post-6475","page","type-page","status-publish","hentry"],"_links":{"self":[{"href":"https:\/\/wp.ufpel.edu.br\/esa\/wp-json\/wp\/v2\/pages\/6475","targetHints":{"allow":["GET"]}}],"collection":[{"href":"https:\/\/wp.ufpel.edu.br\/esa\/wp-json\/wp\/v2\/pages"}],"about":[{"href":"https:\/\/wp.ufpel.edu.br\/esa\/wp-json\/wp\/v2\/types\/page"}],"author":[{"embeddable":true,"href":"https:\/\/wp.ufpel.edu.br\/esa\/wp-json\/wp\/v2\/users\/36"}],"replies":[{"embeddable":true,"href":"https:\/\/wp.ufpel.edu.br\/esa\/wp-json\/wp\/v2\/comments?post=6475"}],"version-history":[{"count":10,"href":"https:\/\/wp.ufpel.edu.br\/esa\/wp-json\/wp\/v2\/pages\/6475\/revisions"}],"predecessor-version":[{"id":6480,"href":"https:\/\/wp.ufpel.edu.br\/esa\/wp-json\/wp\/v2\/pages\/6475\/revisions\/6480"}],"wp:attachment":[{"href":"https:\/\/wp.ufpel.edu.br\/esa\/wp-json\/wp\/v2\/media?parent=6475"}],"curies":[{"name":"wp","href":"https:\/\/api.w.org\/{rel}","templated":true}]}}