{"id":6460,"date":"2021-11-16T11:51:44","date_gmt":"2021-11-16T14:51:44","guid":{"rendered":"https:\/\/wp.ufpel.edu.br\/esa\/?page_id=6460"},"modified":"2021-11-27T09:04:33","modified_gmt":"2021-11-27T12:04:33","slug":"tcc-2021-1-2","status":"publish","type":"page","link":"https:\/\/wp.ufpel.edu.br\/esa\/tcc-2021-1-2\/","title":{"rendered":"TCC 2021\/1"},"content":{"rendered":"<p style=\"text-align: justify\">1- NOME: <strong>BRUNO CUNHA BARTZ<\/strong> \u2013 T\u00cdTULO: <strong>AVALIA\u00c7\u00c3O DA QUALIDADE DA \u00c1GUA DE UM TRECHO DO CANAL S\u00c3O GON\u00c7ALO, RS, BRASIL.<\/strong><strong>\u00a0<\/strong><\/p>\n<p style=\"text-align: justify\">2- NOME: <strong>GABRIEL PINHEIRO CORR\u00caA<\/strong><strong>\u00a0<\/strong> \u2013 T\u00cdTULO:\u00a0<strong>ESTUDO DE VIABILIDADE T\u00c9CNICA DE UM SISTEMA FOTOVOLTAICO PARA A PRA\u00c7A DA ALF\u00c2NDEGA, PELOTAS &#8211; RS.<\/strong><strong>\u00a0<\/strong><\/p>\n<p>3- Nome: <strong>IVANNA FRANCK KOSCHIER <\/strong>&#8211; T\u00cdTULO: <strong>REMO\u00c7\u00c3O DA DBO DE UM SISTEMA DE TRATAMENTO DE ESGOTO DESCENTRALIZADO DO MUNIC\u00cdPIO DE FRAIBURGO\/SC.<\/strong><\/p>\n<p style=\"text-align: justify\">4- NOME: <strong>MARIA VARGAS LE\u00c3O<\/strong>\u00a0\u2013 T\u00cdTULO:\u00a0<strong>AN\u00c1LISE DO POTENCIAL GERMINATIVO DE COMPOSTOS L\u00cdQUIDOS PROVENIENTES DE COMPOSTAGEM DE RES\u00cdDUOS AGR\u00cdCOLAS.<\/strong><strong>\u00a0<\/strong><\/p>\n<p style=\"text-align: justify\">5- NOME: <strong>RENAN DE FREITAS SANTOS<\/strong><strong>\u00a0<\/strong> \u2013 T\u00cdTULO: <strong>TRANSI\u00c7\u00c3O ENERG\u00c9TICA SUSTENT\u00c1VEL NO BENEFICIAMENTO DE ARROZ: FONTES DE BIOENERGIA E APLICA\u00c7\u00d5ES.<\/strong><\/p>\n<p style=\"text-align: justify\">6- NOME: <strong>VICTORIA HUCH DUARTE<\/strong><strong>\u00a0<\/strong> \u2013 T\u00cdTULO: <strong>BIODIESEL E BIOG\u00c1S: UMA REVIS\u00c3O SOBRE BIOCOMBUST\u00cdVEIS.<\/strong><strong>\u00a0<\/strong><\/p>\n","protected":false},"excerpt":{"rendered":"<p>1- NOME: BRUNO CUNHA BARTZ \u2013 T\u00cdTULO: AVALIA\u00c7\u00c3O DA QUALIDADE DA \u00c1GUA DE UM TRECHO DO CANAL S\u00c3O GON\u00c7ALO, RS, BRASIL.\u00a0 2- NOME: GABRIEL PINHEIRO CORR\u00caA\u00a0 \u2013 T\u00cdTULO:\u00a0ESTUDO DE VIABILIDADE T\u00c9CNICA DE UM SISTEMA FOTOVOLTAICO PARA A PRA\u00c7A DA ALF\u00c2NDEGA, PELOTAS &#8211; RS.\u00a0 3- Nome: IVANNA FRANCK KOSCHIER &#8211; T\u00cdTULO: REMO\u00c7\u00c3O DA DBO DE UM [&hellip;]<\/p>\n","protected":false},"author":36,"featured_media":0,"parent":0,"menu_order":0,"comment_status":"closed","ping_status":"closed","template":"","meta":{"footnotes":""},"class_list":["post-6460","page","type-page","status-publish","hentry"],"_links":{"self":[{"href":"https:\/\/wp.ufpel.edu.br\/esa\/wp-json\/wp\/v2\/pages\/6460","targetHints":{"allow":["GET"]}}],"collection":[{"href":"https:\/\/wp.ufpel.edu.br\/esa\/wp-json\/wp\/v2\/pages"}],"about":[{"href":"https:\/\/wp.ufpel.edu.br\/esa\/wp-json\/wp\/v2\/types\/page"}],"author":[{"embeddable":true,"href":"https:\/\/wp.ufpel.edu.br\/esa\/wp-json\/wp\/v2\/users\/36"}],"replies":[{"embeddable":true,"href":"https:\/\/wp.ufpel.edu.br\/esa\/wp-json\/wp\/v2\/comments?post=6460"}],"version-history":[{"count":3,"href":"https:\/\/wp.ufpel.edu.br\/esa\/wp-json\/wp\/v2\/pages\/6460\/revisions"}],"predecessor-version":[{"id":6502,"href":"https:\/\/wp.ufpel.edu.br\/esa\/wp-json\/wp\/v2\/pages\/6460\/revisions\/6502"}],"wp:attachment":[{"href":"https:\/\/wp.ufpel.edu.br\/esa\/wp-json\/wp\/v2\/media?parent=6460"}],"curies":[{"name":"wp","href":"https:\/\/api.w.org\/{rel}","templated":true}]}}