{"id":6403,"date":"2021-11-12T11:53:10","date_gmt":"2021-11-12T14:53:10","guid":{"rendered":"https:\/\/wp.ufpel.edu.br\/esa\/?page_id=6403"},"modified":"2021-11-14T12:37:46","modified_gmt":"2021-11-14T15:37:46","slug":"tcc-2020-2","status":"publish","type":"page","link":"https:\/\/wp.ufpel.edu.br\/esa\/tcc-2020-2\/","title":{"rendered":"TCC 2020\/2"},"content":{"rendered":"<p style=\"text-align: justify\">1- NOME: <strong>ALESSANDRA MAGNUS LAZUTA<\/strong> \u2013 T\u00cdTULO:\u00a0<strong>An\u00e1lise estat\u00edstica da influ\u00eancia da vaz\u00e3o e precipita\u00e7\u00e3o na qualidade de \u00e1gua do Canal S\u00e3o Gon\u00e7alo &#8211; RS<\/strong><strong>.<\/strong><\/p>\n<p style=\"text-align: justify\">2- NOME: <strong>ANDERSON GABRIEL CORR\u00caA<\/strong> \u2013 T\u00cdTULO: <strong>Valoriza\u00e7\u00e3o energ\u00e9tica de res\u00edduos agroindustriais de vin\u00edcolas e ind\u00fastrias de processamento de p\u00eassego do Rio Grande do Sul.<\/strong><\/p>\n<p style=\"text-align: justify\">3- NOME:<strong>\u00a0DIOVANA DA SILVA GUTERRES<\/strong> \u2013 T\u00cdTULO: <strong>An\u00e1lise e projeto de esgotamento sanit\u00e1rio em propriedades rurais em munic\u00edpios do Rio Grande do Sul.<\/strong><\/p>\n<p style=\"text-align: justify\">4- NOME: <strong>MARIANA PINETTI ANGONESE<\/strong> \u2013 T\u00cdTULO: <strong> An\u00e1lise da cadeia de suprimentos de uma ind\u00fastria moveleira e identifica\u00e7\u00e3o de aspectos ambientais a serem monitorados.<\/strong><\/p>\n","protected":false},"excerpt":{"rendered":"<p>1- NOME: ALESSANDRA MAGNUS LAZUTA \u2013 T\u00cdTULO:\u00a0An\u00e1lise estat\u00edstica da influ\u00eancia da vaz\u00e3o e precipita\u00e7\u00e3o na qualidade de \u00e1gua do Canal S\u00e3o Gon\u00e7alo &#8211; RS. 2- NOME: ANDERSON GABRIEL CORR\u00caA \u2013 T\u00cdTULO: Valoriza\u00e7\u00e3o energ\u00e9tica de res\u00edduos agroindustriais de vin\u00edcolas e ind\u00fastrias de processamento de p\u00eassego do Rio Grande do Sul. 3- NOME:\u00a0DIOVANA DA SILVA GUTERRES \u2013 [&hellip;]<\/p>\n","protected":false},"author":36,"featured_media":0,"parent":0,"menu_order":0,"comment_status":"closed","ping_status":"closed","template":"","meta":{"footnotes":""},"class_list":["post-6403","page","type-page","status-publish","hentry"],"_links":{"self":[{"href":"https:\/\/wp.ufpel.edu.br\/esa\/wp-json\/wp\/v2\/pages\/6403","targetHints":{"allow":["GET"]}}],"collection":[{"href":"https:\/\/wp.ufpel.edu.br\/esa\/wp-json\/wp\/v2\/pages"}],"about":[{"href":"https:\/\/wp.ufpel.edu.br\/esa\/wp-json\/wp\/v2\/types\/page"}],"author":[{"embeddable":true,"href":"https:\/\/wp.ufpel.edu.br\/esa\/wp-json\/wp\/v2\/users\/36"}],"replies":[{"embeddable":true,"href":"https:\/\/wp.ufpel.edu.br\/esa\/wp-json\/wp\/v2\/comments?post=6403"}],"version-history":[{"count":9,"href":"https:\/\/wp.ufpel.edu.br\/esa\/wp-json\/wp\/v2\/pages\/6403\/revisions"}],"predecessor-version":[{"id":6436,"href":"https:\/\/wp.ufpel.edu.br\/esa\/wp-json\/wp\/v2\/pages\/6403\/revisions\/6436"}],"wp:attachment":[{"href":"https:\/\/wp.ufpel.edu.br\/esa\/wp-json\/wp\/v2\/media?parent=6403"}],"curies":[{"name":"wp","href":"https:\/\/api.w.org\/{rel}","templated":true}]}}