{"id":6399,"date":"2021-11-12T11:10:38","date_gmt":"2021-11-12T14:10:38","guid":{"rendered":"https:\/\/wp.ufpel.edu.br\/esa\/?page_id=6399"},"modified":"2023-07-28T19:11:58","modified_gmt":"2023-07-28T22:11:58","slug":"tcc-2019-2","status":"publish","type":"page","link":"https:\/\/wp.ufpel.edu.br\/esa\/tcc-2019-2\/","title":{"rendered":"TCC 2019\/2"},"content":{"rendered":"<p style=\"text-align: justify\">1 \u2013 NOME:<strong> ANDRESSA COUTO TIMM<\/strong> \u2013 T\u00cdTULO: <strong>Res\u00edduos s\u00f3lidos gerados em embarca\u00e7\u00f5es no Porto do munic\u00edpio do Rio Grande\/RS.<\/strong><\/p>\n<p style=\"text-align: justify\">2 \u2013 NOME: <strong>DANIEL FARIAS DA SILVA\u00a0<\/strong> \u2013 T\u00cdTULO:\u00a0<strong>Avalia\u00e7\u00e3o do potencial de produ\u00e7\u00e3o de etanol 2g a partir de diferentes cultivares de arroz.<\/strong><\/p>\n<p>3 &#8211; NOME: <b>DANIELI SARAIVA CARDOSO \u2013\u00a0<\/b>T\u00cdTULO:<b> AVALIA\u00c7\u00c3O AMBIENTAL DO USO DO PAPEL EM UMA INSTITUI\u00c7\u00c3O DE ENSINO SUPERIOR.<\/b><\/p>\n<p style=\"text-align: justify\">4 \u2013 NOME: <strong>DIENIFER ALINE BRAUN BUNDE\u00a0<\/strong> \u2013 T\u00cdTULO: <strong>Biorremo\u00e7\u00e3o de Cr(III) por bact\u00e9rias isoladas da macr\u00f3fita <em>Hymenachne grumosa.<\/em><\/strong><\/p>\n<p style=\"text-align: justify\">5 \u2013 NOME: <strong>HENRIQUE SANCHEZ FRANZ\u00a0<\/strong> \u2013 T\u00cdTULO: <strong>Dimensionamento hidr\u00e1ulico da esta\u00e7\u00e3o de tratamento de \u00e1gua Terras Baixas: estudo de caso.\u00a0<\/strong><\/p>\n<p style=\"text-align: justify\">6 \u2013 NOME: <strong>KEVIN ALEXANDER VELASQUEZ LASSO\u00a0<\/strong> \u2013 T\u00cdTULO:<b> <\/b>A<strong>valia\u00e7\u00e3o da influ\u00eancia das mudan\u00e7as de cobertura vegetal do solo no microclima de \u00e1reas urbanas mediante SIG no munic\u00edpio de Villavicencio\/Meta &#8211; Col\u00f4mbia.<\/strong><\/p>\n<p style=\"text-align: justify\">7 \u2013 NOME: <strong>MARCELLA DO O&#8217; CAT\u00c3O AGRA<\/strong> \u2013 T\u00cdTULO: <strong>Estimativa da distribui\u00e7\u00e3o espacial do Cromo em um solo utilizando krigagem ordin\u00e1ria.<\/strong><\/p>\n<p>8 &#8211; NOME:<strong>\u00a0MICHELI ALINE SCHMITZ BECKER \u2013\u00a0<\/strong>T\u00cdTULO:<strong> AN\u00c1LISE DOS RES\u00cdDUOS S\u00d3LIDOS GERADOS NO MERCADO CENTRAL DE PELOTAS\/RS.<\/strong><\/p>\n<p>9 &#8211; NOME:<strong>\u00a0PATRICIA OLIVEIRA SCHMITT \u2013\u00a0<\/strong>T\u00cdTULO:<strong> DETERMINA\u00c7\u00c3O DO PODER CALOR\u00cdFICO EM GEN\u00d3TIPOS DE CANA-DE-A\u00c7\u00daCAR.<\/strong><\/p>\n<p style=\"text-align: justify\">10 \u2013 NOME: <strong>TAMIRES GARCIA FERREIRA<\/strong> \u2013 T\u00cdTULO: <strong>Estudo de Caso de Ocorr\u00eancia de Doen\u00e7as Relacionadas ao Saneamento na Zona Rural de Arroio do Padre-RS.<\/strong><\/p>\n<p style=\"font-weight: 400\">11 &#8211; NOME:<strong>\u00a0TUANA PEDRA VARGAS \u2013\u00a0<\/strong>T\u00cdTULO:<strong> DIAGN\u00d3STICO DO SISTEMA DE DRENAGEM URBANA DO MUNIC\u00cdPIO DE PELOTAS\/RS: UMA AN\u00c1LISE DOS PRINCIPAIS BAIRROS.<\/strong><\/p>\n","protected":false},"excerpt":{"rendered":"<p>1 \u2013 NOME: ANDRESSA COUTO TIMM \u2013 T\u00cdTULO: Res\u00edduos s\u00f3lidos gerados em embarca\u00e7\u00f5es no Porto do munic\u00edpio do Rio Grande\/RS. 2 \u2013 NOME: DANIEL FARIAS DA SILVA\u00a0 \u2013 T\u00cdTULO:\u00a0Avalia\u00e7\u00e3o do potencial de produ\u00e7\u00e3o de etanol 2g a partir de diferentes cultivares de arroz. 3 &#8211; NOME: DANIELI SARAIVA CARDOSO \u2013\u00a0T\u00cdTULO: AVALIA\u00c7\u00c3O AMBIENTAL DO USO DO [&hellip;]<\/p>\n","protected":false},"author":36,"featured_media":0,"parent":0,"menu_order":0,"comment_status":"closed","ping_status":"closed","template":"","meta":{"footnotes":""},"class_list":["post-6399","page","type-page","status-publish","hentry"],"_links":{"self":[{"href":"https:\/\/wp.ufpel.edu.br\/esa\/wp-json\/wp\/v2\/pages\/6399","targetHints":{"allow":["GET"]}}],"collection":[{"href":"https:\/\/wp.ufpel.edu.br\/esa\/wp-json\/wp\/v2\/pages"}],"about":[{"href":"https:\/\/wp.ufpel.edu.br\/esa\/wp-json\/wp\/v2\/types\/page"}],"author":[{"embeddable":true,"href":"https:\/\/wp.ufpel.edu.br\/esa\/wp-json\/wp\/v2\/users\/36"}],"replies":[{"embeddable":true,"href":"https:\/\/wp.ufpel.edu.br\/esa\/wp-json\/wp\/v2\/comments?post=6399"}],"version-history":[{"count":10,"href":"https:\/\/wp.ufpel.edu.br\/esa\/wp-json\/wp\/v2\/pages\/6399\/revisions"}],"predecessor-version":[{"id":6443,"href":"https:\/\/wp.ufpel.edu.br\/esa\/wp-json\/wp\/v2\/pages\/6399\/revisions\/6443"}],"wp:attachment":[{"href":"https:\/\/wp.ufpel.edu.br\/esa\/wp-json\/wp\/v2\/media?parent=6399"}],"curies":[{"name":"wp","href":"https:\/\/api.w.org\/{rel}","templated":true}]}}