{"id":6389,"date":"2021-11-12T11:01:40","date_gmt":"2021-11-12T14:01:40","guid":{"rendered":"https:\/\/wp.ufpel.edu.br\/esa\/?page_id=6389"},"modified":"2021-11-14T12:32:27","modified_gmt":"2021-11-14T15:32:27","slug":"tcc-2020-1","status":"publish","type":"page","link":"https:\/\/wp.ufpel.edu.br\/esa\/tcc-2020-1\/","title":{"rendered":"TCC 2020\/1"},"content":{"rendered":"<p style=\"text-align: justify\">1- NOME: <strong>DOUGLAS CORREA MIGUES<\/strong> \u2013 T\u00cdTULO: <strong>Avalia\u00e7\u00f5es t\u00e9rmicas em esp\u00e9cies de reflorestamento visando sua utiliza\u00e7\u00e3o energ\u00e9tica.<\/strong><\/p>\n<p style=\"text-align: justify\">2- NOME: <strong>HARTUR XAVIER PINHEIRO<\/strong>\u2013 T\u00cdTULO: <strong>Capacidade instalada em centrais de compostagem na regi\u00e3o sul do Brasil para o tratamento de res\u00edduos agrossilvopastoris e agroindustriais.<\/strong><\/p>\n<p style=\"text-align: justify\">3- NOME: <b>JAYNE DA SILVA ANDRADE<\/b> \u2013 T\u00cdTULO:\u00a0<strong>Atua\u00e7\u00e3o dos profissionais da sa\u00fade de um hospital escola nas etapas do\u00a0gerenciamento de res\u00edduos de servi\u00e7o de sa\u00fade.<\/strong><\/p>\n<p style=\"text-align: justify\">4- NOME: <strong>JUNIOR SILVA MOSCHEN<\/strong> \u2013 T\u00cdTULO:\u00a0 <strong>Avalia\u00e7\u00e3o de Risco \u00e0 Sa\u00fade Humana por Ingest\u00e3o de \u00c1gua Subterr\u00e2nea contaminada em Barcarena\/PA.<\/strong><\/p>\n<p style=\"text-align: justify\">5- NOME: <strong>LARISSA ALDRIGHI DA SILVA<\/strong>\u2013 T\u00cdTULO:\u00a0 <strong>Estudo de vulnerabilidade socioambiental em mesorregi\u00f5es do Rio Grande do Sul.<\/strong><\/p>\n<p style=\"text-align: justify\">6- NOME: <strong>MAIARA MORAES COSTA<\/strong> \u2013 T\u00cdTULO:\u00a0<strong> Gest\u00e3o de Res\u00edduos S\u00f3lidos em um Shopping Center no Sul do Brasil.<\/strong><\/p>\n<p style=\"text-align: justify\">7- NOME: <strong>MARCELO UARTHE GRIMMLER<\/strong> \u2013 T\u00cdTULO: <strong>Avalia\u00e7\u00e3o da influ\u00eancia do uso de trincheiras de infiltra\u00e7\u00e3o no escoamento superficial em um loteamento de Pelotas &#8211; RS.<\/strong><\/p>\n<p style=\"text-align: justify\">8- NOME: <strong>RAFAEL NUNES TEIXEIRA<\/strong> \u2013 T\u00cdTULO:\u00a0 <strong>Gerenciamento de res\u00edduos org\u00e2nicos em condom\u00ednio residencial: compostagem de baixo custo como tecnologia social.<\/strong><\/p>\n<p style=\"text-align: justify\">9- NOME: <strong>ROSINEI SILVA SANTOS <\/strong>\u2013 T\u00cdTULO:\u00a0 <strong>O uso de biocombust\u00edvel no Brasil e sua viabilidade sustent\u00e1vel.<\/strong><\/p>\n","protected":false},"excerpt":{"rendered":"<p>1- NOME: DOUGLAS CORREA MIGUES \u2013 T\u00cdTULO: Avalia\u00e7\u00f5es t\u00e9rmicas em esp\u00e9cies de reflorestamento visando sua utiliza\u00e7\u00e3o energ\u00e9tica. 2- NOME: HARTUR XAVIER PINHEIRO\u2013 T\u00cdTULO: Capacidade instalada em centrais de compostagem na regi\u00e3o sul do Brasil para o tratamento de res\u00edduos agrossilvopastoris e agroindustriais. 3- NOME: JAYNE DA SILVA ANDRADE \u2013 T\u00cdTULO:\u00a0Atua\u00e7\u00e3o dos profissionais da sa\u00fade de [&hellip;]<\/p>\n","protected":false},"author":36,"featured_media":0,"parent":0,"menu_order":0,"comment_status":"closed","ping_status":"closed","template":"","meta":{"footnotes":""},"class_list":["post-6389","page","type-page","status-publish","hentry"],"_links":{"self":[{"href":"https:\/\/wp.ufpel.edu.br\/esa\/wp-json\/wp\/v2\/pages\/6389","targetHints":{"allow":["GET"]}}],"collection":[{"href":"https:\/\/wp.ufpel.edu.br\/esa\/wp-json\/wp\/v2\/pages"}],"about":[{"href":"https:\/\/wp.ufpel.edu.br\/esa\/wp-json\/wp\/v2\/types\/page"}],"author":[{"embeddable":true,"href":"https:\/\/wp.ufpel.edu.br\/esa\/wp-json\/wp\/v2\/users\/36"}],"replies":[{"embeddable":true,"href":"https:\/\/wp.ufpel.edu.br\/esa\/wp-json\/wp\/v2\/comments?post=6389"}],"version-history":[{"count":11,"href":"https:\/\/wp.ufpel.edu.br\/esa\/wp-json\/wp\/v2\/pages\/6389\/revisions"}],"predecessor-version":[{"id":6449,"href":"https:\/\/wp.ufpel.edu.br\/esa\/wp-json\/wp\/v2\/pages\/6389\/revisions\/6449"}],"wp:attachment":[{"href":"https:\/\/wp.ufpel.edu.br\/esa\/wp-json\/wp\/v2\/media?parent=6389"}],"curies":[{"name":"wp","href":"https:\/\/api.w.org\/{rel}","templated":true}]}}