{"id":6039,"date":"2019-08-21T11:21:27","date_gmt":"2019-08-21T14:21:27","guid":{"rendered":"https:\/\/wp.ufpel.edu.br\/esa\/?page_id=6039"},"modified":"2019-08-21T13:44:35","modified_gmt":"2019-08-21T16:44:35","slug":"tcc-2018-02","status":"publish","type":"page","link":"https:\/\/wp.ufpel.edu.br\/esa\/tcc-2018-02\/","title":{"rendered":"TCC 2018\/2"},"content":{"rendered":"<p>1 \u2013 NOME: <strong>Denise Vieira<\/strong>\u2013 T\u00cdTULO: <strong>Diagn\u00f3stico das Bocas de Lobo da Avenida Saldanha Marinho,Pelotas\/RS\u2013 N\u00e3o autorizado pela aluna.<\/strong><\/p>\n<p>2 \u2013 NOME: <strong>Elisandra Engler\u00a0<\/strong> \u2013 T\u00cdTULO: <strong>Efetividade das audi\u00eancias p\u00fablicas comparadas com outras formas de participa\u00e7\u00e3o p\u00fablica no processo de Avalia\u00e7\u00e3o de Impactos Ambientais \u2013 N\u00e3o autorizado pela aluna.<\/strong><\/p>\n<p>3 \u2013 NOME: <strong>Eduardo Gomes <\/strong>\u00a0\u2013 T\u00cdTULO: <strong>Produ\u00e7\u00e3o de carv\u00e3o ativado com \u00e1cido fosf\u00f3rico a partir da lignina residual sob diferentes condi\u00e7\u00f5es de ativa\u00e7\u00e3o\u00a0\u2013 N\u00e3o autorizado pela aluno.<\/strong><\/p>\n<p>4 \u2013 NOME: <strong>Gabriel Leite\u00a0<\/strong> \u2013 T\u00cdTULO: <strong>Caracteriza\u00e7\u00e3o de carv\u00f5es ativados obtidos de diferentes agentes ativos\u00a0 a partir de lignina residual\u2013 N\u00e3o autorizado pela aluno.<\/strong><\/p>\n<p>5 \u2013 NOME: <strong>Guilherme Schoeler\u00a0<\/strong> \u2013 T\u00cdTULO: <strong>Avalia\u00e7\u00e3o do Rejeito da Minera\u00e7\u00e3o do Carv\u00e3o na tratabilidade de Lixiviado de aterro sanit\u00e1rio por ensaio de adsor\u00e7\u00e3o\u00a0\u2013 N\u00e3o autorizado pela aluno.<\/strong><\/p>\n<p>6 \u2013 NOME:<strong> Luane Maciel\u00a0<\/strong> \u2013 T\u00cdTULO: <strong>Comportamento t\u00e9rmico de lignina residual de pr\u00e9- Tratamento de biomassa lignocelul\u00f3sica \u2013 N\u00e3o autorizado pela aluna.<\/strong><\/p>\n<p>7 \u2013 NOME: <strong>Maicon Santiago\u00a0<\/strong> \u2013 T\u00cdTULO: <strong>Estudo da metodologia de Produ\u00e7\u00e3o Mais Limpa(P+L) em um Restaurante Universit\u00e1rio\u00a0\u2013 N\u00e3o autorizado pela aluno.<\/strong><\/p>\n<p>8 \u2013 NOME: <strong>Marcela Afonso\u00a0<\/strong> \u2013 T\u00cdTULO:\u00a0 <strong>Biorremedia\u00e7\u00e3o por biossor\u00e7\u00e3o de CR (III) utilizando a biomassa da Hymenachne grumosa \u2013 N\u00e3o autorizado pela aluna.<\/strong><\/p>\n<p>9 \u2013 NOME: <b>Pierre de Souza<\/b> \u2013 T\u00cdTULO: A<strong>proveitamento do biometano gerado em aterro sanit\u00e1rio:estudo de caso te\u00f3rico da Unidade de Valoriza\u00e7\u00e3o Sustent\u00e1vel de Giru\u00e1\/RS \u2013 N\u00e3o autorizado pela aluno.<\/strong><\/p>\n<p>10 &#8211; NOME: <strong>Samuel Lopes\u00a0<\/strong>\u2013 T\u00cdTULO: <strong>Impactos Ambientais do Uso de Combust\u00edveis Alternativos: Uma revis\u00e3o de Literatura\u00a0\u2013 N\u00e3o autorizado pela aluno.<\/strong><\/p>\n","protected":false},"excerpt":{"rendered":"<p>1 \u2013 NOME: Denise Vieira\u2013 T\u00cdTULO: Diagn\u00f3stico das Bocas de Lobo da Avenida Saldanha Marinho,Pelotas\/RS\u2013 N\u00e3o autorizado pela aluna. 2 \u2013 NOME: Elisandra Engler\u00a0 \u2013 T\u00cdTULO: Efetividade das audi\u00eancias p\u00fablicas comparadas com outras formas de participa\u00e7\u00e3o p\u00fablica no processo de Avalia\u00e7\u00e3o de Impactos Ambientais \u2013 N\u00e3o autorizado pela aluna. 3 \u2013 NOME: Eduardo Gomes \u00a0\u2013 [&hellip;]<\/p>\n","protected":false},"author":36,"featured_media":0,"parent":0,"menu_order":0,"comment_status":"closed","ping_status":"closed","template":"","meta":{"footnotes":""},"class_list":["post-6039","page","type-page","status-publish","hentry"],"_links":{"self":[{"href":"https:\/\/wp.ufpel.edu.br\/esa\/wp-json\/wp\/v2\/pages\/6039","targetHints":{"allow":["GET"]}}],"collection":[{"href":"https:\/\/wp.ufpel.edu.br\/esa\/wp-json\/wp\/v2\/pages"}],"about":[{"href":"https:\/\/wp.ufpel.edu.br\/esa\/wp-json\/wp\/v2\/types\/page"}],"author":[{"embeddable":true,"href":"https:\/\/wp.ufpel.edu.br\/esa\/wp-json\/wp\/v2\/users\/36"}],"replies":[{"embeddable":true,"href":"https:\/\/wp.ufpel.edu.br\/esa\/wp-json\/wp\/v2\/comments?post=6039"}],"version-history":[{"count":11,"href":"https:\/\/wp.ufpel.edu.br\/esa\/wp-json\/wp\/v2\/pages\/6039\/revisions"}],"predecessor-version":[{"id":6052,"href":"https:\/\/wp.ufpel.edu.br\/esa\/wp-json\/wp\/v2\/pages\/6039\/revisions\/6052"}],"wp:attachment":[{"href":"https:\/\/wp.ufpel.edu.br\/esa\/wp-json\/wp\/v2\/media?parent=6039"}],"curies":[{"name":"wp","href":"https:\/\/api.w.org\/{rel}","templated":true}]}}