{"id":6020,"date":"2019-08-21T09:12:49","date_gmt":"2019-08-21T12:12:49","guid":{"rendered":"https:\/\/wp.ufpel.edu.br\/esa\/?page_id=6020"},"modified":"2021-11-16T12:20:45","modified_gmt":"2021-11-16T15:20:45","slug":"tcc-2019-01","status":"publish","type":"page","link":"https:\/\/wp.ufpel.edu.br\/esa\/tcc-2019-01\/","title":{"rendered":"TCC 2019\/1"},"content":{"rendered":"<p>1 \u2013 NOME: <strong>Alexandre Corr\u00eaa\u00a0<\/strong> \u2013 T\u00cdTULO: <strong>Gest\u00e3o de Res\u00edduos S\u00f3lidos de IES: Estudo de Caso do Laborat\u00f3rio de Microbiologia da Faculdade de Nutri\u00e7\u00e3o da UFPEL \u2013 N\u00e3o autorizado pela aluno.<\/strong><\/p>\n<p>2 \u2013 NOME: <strong>Andressa Drosse\u00a0<\/strong> \u2013 T\u00cdTULO: <strong>Utiliza\u00e7\u00e3o de M\u00e9todos Estat\u00edsticos Multivariados no Monitoramento da Lagoa Mirim \u2013 N\u00e3o autorizado pela aluna.<\/strong><\/p>\n<p>3 \u2013 NOME: <strong>Arielle Sousa\u00a0<\/strong> \u2013 T\u00cdTULO: <strong>Percep\u00e7\u00e3o Ambiental dos discentes de uma Institui\u00e7\u00e3o de Ensino Superior: um Estudo sobre a disposi\u00e7\u00e3o inadequada de Res\u00edduos Org\u00e2nicos gerados em um restaurante Universit\u00e1rio<\/strong> <strong>\u00a0\u2013 N\u00e3o autorizado pela aluna.<\/strong><\/p>\n<p>4 \u2013 NOME: <strong>B\u00e1rbara Corr\u00eaa \u00a0<\/strong> \u2013 T\u00cdTULO: <b>Proje\u00e7\u00e3o de \u00cdndices de Precipita\u00e7\u00e3o e Temperatura para avaliar tend\u00eancia \u00e1s mudan\u00e7as Clim\u00e1ticas na Regi\u00e3o Geogr\u00e1fica Imediata de Pelotas, Regi\u00e3o Grande do Sul<\/b>\u00a0<strong>\u00a0\u2013 N\u00e3o autorizado pela aluna.<\/strong><\/p>\n<p>5 \u2013 NOME: <strong>Camila Coelho\u00a0<\/strong> \u2013 T\u00cdTULO: <b>Avalia\u00e7\u00e3o de Qualidade da \u00c1gua Distribu\u00edda em Pr\u00e9dio da UFPEL<\/b>\u00a0<strong>\u00a0\u2013 N\u00e3o autorizado pela aluna.<\/strong><\/p>\n<p>6 \u2013 NOME: <strong>Ewerson Sarto<\/strong> <strong>\u00a0<\/strong> \u2013 T\u00cdTULO: <b>Utiliza\u00e7\u00e3o de \u00d3leo de Soja Residual e \u00f3leo de Mamona para obten\u00e7\u00e3o de Biodiesel<\/b>\u00a0<strong> \u2013 N\u00e3o autorizado pela aluno.<\/strong><\/p>\n<p>7 \u2013 NOME:<strong> Gabriel dos Santos<\/strong> <strong>\u00a0<\/strong> \u2013 T\u00cdTULO: <strong>Avalia\u00e7\u00e3o dos Par\u00e2metros F\u00edsicos- Qu\u00edmicos e Microbiol\u00f3gicos e do \u00edndice de Qualidade da \u00e1gua para o Arroio Moreira\/Fragata \u2013 N\u00e3o autorizado pela aluno.<\/strong><\/p>\n<p>8 \u2013 NOME: <strong>Giulia Tortola<\/strong> <strong>\u00a0<\/strong> \u2013 T\u00cdTULO: <b>Profissionais Higienizadores frente ao manejo dos Res\u00edduos de Servi\u00e7o de Sa\u00fade em uma Institui\u00e7\u00e3o de Ensino Superior<\/b>\u00a0<strong>\u00a0\u2013 N\u00e3o autorizado pela aluna.<\/strong><\/p>\n<p>9\u2013 NOME: <strong>Karoline Maciel\u00a0<\/strong> \u2013 T\u00cdTULO: <strong>Abordagem pr\u00e1tica de Educa\u00e7\u00e3o Ambiental na Educa\u00e7\u00e3o Infantil: Constru\u00e7\u00e3o de Horta mandala e Oficinas Pedag\u00f3gicas \u00a0\u2013 N\u00e3o autorizado pela aluna.<\/strong><\/p>\n<p>10 \u2013 NOME: <strong>Josias da Silva \u00a0<\/strong> \u2013 T\u00cdTULO:\u00a0<b>Caracteriza\u00e7\u00e3o do Res\u00edduos de Baga\u00e7o de Malte Visando Aproveitamento Energ\u00e9tico<\/b>\u00a0<strong> \u2013 N\u00e3o autorizado pela aluno.<\/strong><\/p>\n<p>11 \u2013 NOME: <strong>Larissa Loebens\u00a0\u00a0<\/strong> \u2013 T\u00cdTULO: <strong>Uso de Ozoniza\u00e7\u00e3o catal\u00edtica heterog\u00eanea como tratamento de Lixiviado de aterro sanit\u00e1rio<\/strong>\u00a0<strong> \u2013 N\u00e3o autorizado pela aluna.<\/strong><\/p>\n<p>12 \u2013 NOME: <strong>Lais do Nascimento\u00a0\u00a0<\/strong> \u2013 T\u00cdTULO: <b>Manejo dos Res\u00edduos S\u00f3lidos de Servi\u00e7o de Sa\u00fade do Hospital de Clinicas Veterin\u00e1rias da UFPEL<\/b>\u00a0<strong> \u2013 N\u00e3o autorizado pela aluna.<\/strong><\/p>\n<p>13 &#8211; NOME: <strong>Luiza Sampaio\u00a0\u00a0<\/strong> \u2013 T\u00cdTULO: <strong>Res\u00edduos de servi\u00e7os de sa\u00fade em um hospital universit\u00e1rio: an\u00e1lise da segrega\u00e7\u00e3o do grupo D\u00a0\u2013 N\u00e3o autorizado pela aluna.<\/strong><\/p>\n<p>14 \u2013 NOME: <strong>Marlon Valentini\u00a0\u00a0<\/strong> \u2013 T\u00cdTULO: <b>An\u00e1lise da Qualidade da \u00e1gua da Lagoa atrav\u00e9s do IQA e de M\u00e9todos estat\u00edsticos<\/b>\u00a0<strong> \u2013 N\u00e3o autorizado pela aluno.<\/strong><\/p>\n<p>15 \u2013 NOME: <strong>Nicole da Silva\u00a0\u00a0<\/strong> \u2013 T\u00cdTULO: <strong>Modelos de primeira ordem na estimativa de gera\u00e7\u00e3o de metano de aterro sanit\u00e1rio:Estudo de caso Minas do Le\u00e3o \u2013 N\u00e3o autorizado pela aluna.<\/strong><\/p>\n<p>16 \u2013 NOME: <strong>Vit\u00f3ria da Silveira\u00a0\u00a0<\/strong> \u2013 T\u00cdTULO: <b>\u00cdndice de Qualidade da \u00c1gua e de Estado Tr\u00f3fico da Lagoa Mirim e Afluentes<\/b>\u00a0<strong> \u2013 N\u00e3o autorizado pela aluna.<\/strong><\/p>\n<p>&nbsp;<\/p>\n<p>&nbsp;<\/p>\n","protected":false},"excerpt":{"rendered":"<p>1 \u2013 NOME: Alexandre Corr\u00eaa\u00a0 \u2013 T\u00cdTULO: Gest\u00e3o de Res\u00edduos S\u00f3lidos de IES: Estudo de Caso do Laborat\u00f3rio de Microbiologia da Faculdade de Nutri\u00e7\u00e3o da UFPEL \u2013 N\u00e3o autorizado pela aluno. 2 \u2013 NOME: Andressa Drosse\u00a0 \u2013 T\u00cdTULO: Utiliza\u00e7\u00e3o de M\u00e9todos Estat\u00edsticos Multivariados no Monitoramento da Lagoa Mirim \u2013 N\u00e3o autorizado pela aluna. 3 \u2013 [&hellip;]<\/p>\n","protected":false},"author":36,"featured_media":0,"parent":0,"menu_order":0,"comment_status":"closed","ping_status":"closed","template":"","meta":{"footnotes":""},"class_list":["post-6020","page","type-page","status-publish","hentry"],"_links":{"self":[{"href":"https:\/\/wp.ufpel.edu.br\/esa\/wp-json\/wp\/v2\/pages\/6020","targetHints":{"allow":["GET"]}}],"collection":[{"href":"https:\/\/wp.ufpel.edu.br\/esa\/wp-json\/wp\/v2\/pages"}],"about":[{"href":"https:\/\/wp.ufpel.edu.br\/esa\/wp-json\/wp\/v2\/types\/page"}],"author":[{"embeddable":true,"href":"https:\/\/wp.ufpel.edu.br\/esa\/wp-json\/wp\/v2\/users\/36"}],"replies":[{"embeddable":true,"href":"https:\/\/wp.ufpel.edu.br\/esa\/wp-json\/wp\/v2\/comments?post=6020"}],"version-history":[{"count":20,"href":"https:\/\/wp.ufpel.edu.br\/esa\/wp-json\/wp\/v2\/pages\/6020\/revisions"}],"predecessor-version":[{"id":6472,"href":"https:\/\/wp.ufpel.edu.br\/esa\/wp-json\/wp\/v2\/pages\/6020\/revisions\/6472"}],"wp:attachment":[{"href":"https:\/\/wp.ufpel.edu.br\/esa\/wp-json\/wp\/v2\/media?parent=6020"}],"curies":[{"name":"wp","href":"https:\/\/api.w.org\/{rel}","templated":true}]}}