{"id":5799,"date":"2018-09-06T12:49:32","date_gmt":"2018-09-06T15:49:32","guid":{"rendered":"https:\/\/wp.ufpel.edu.br\/esa\/?page_id=5799"},"modified":"2018-12-07T11:41:11","modified_gmt":"2018-12-07T13:41:11","slug":"tcc-2018-01","status":"publish","type":"page","link":"https:\/\/wp.ufpel.edu.br\/esa\/tcc-2018-01\/","title":{"rendered":"TCC 2018\/1"},"content":{"rendered":"<p style=\"text-align: justify\">1 &#8211; NOME: <strong>Adriane Behling<\/strong> &#8211;\u00a0T\u00cdTULO:\u00a0<strong>Estudo da possibilidade de reuso do efluente na ind\u00fastria de conservas &#8211;\u00a0<a href=\"https:\/\/wp.ufpel.edu.br\/esa\/files\/2018\/09\/ADRIANE-BEHLING-VERSAO-CD.pdf\">TCC- Adriane Behling<\/a><\/strong><\/p>\n<p style=\"text-align: justify\">2 &#8211; NOME: <strong>Angelica Guths\u00a0<\/strong>\u00a0&#8211;\u00a0T\u00cdTULO: <strong>An\u00e1lise da Avalia\u00e7\u00e3o de Impactos Ambientais do Projeto Retiro:\u00a0<\/strong><strong>Diagn\u00f3stico Ambiental e Impactos da Minera\u00e7\u00e3o em S\u00e3o Jos\u00e9 do Norte-<\/strong><strong>RS &#8211;\u00a0<a href=\"https:\/\/wp.ufpel.edu.br\/esa\/files\/2018\/09\/tccfinalcd.pdf\">TCC- Angelica Guths<\/a><\/strong><\/p>\n<p style=\"text-align: justify\">3 &#8211; NOME: <b>Andrei Rei Silveira\u00a0<\/b>&#8211;\u00a0T\u00cdTULO:\u00a0<strong>Potencial e Aproveitamento Bioenerg\u00e9tico de Biog\u00e1s e G\u00e1s de S\u00edntese a partir de Res\u00edduos e Efluentes Gerados nas Ind\u00fastrias de Beneficiamento de Arroz de Pelotas\/RS &#8211;\u00a0<a href=\"https:\/\/wp.ufpel.edu.br\/esa\/files\/2018\/09\/SILVEIRA-R.-R.-Andrei-TCC.pdf\">TCC- Andrei Silveira<\/a><\/strong><\/p>\n<p style=\"text-align: justify\">4 &#8211; NOME: <strong>Daniela Cerbaro\u00a0<\/strong>\u00a0&#8211;\u00a0T\u00cdTULO:\u00a0<strong>Avalia\u00e7\u00e3o de Risco \u00e0 Sa\u00fade Humana por Inala\u00e7\u00e3o de Hidrocarbonetos de Petr\u00f3leo Vol\u00e1teis &#8211; N\u00e3o autorizado pela aluna.<\/strong><\/p>\n<p style=\"text-align: justify\">5 &#8211; NOME: <strong>Eduardo Cardoso<\/strong> &#8211; T\u00cdTULO:\u00a0<strong>Aproveitamento de \u00e1guas pluviais em postos de combust\u00edveis: Estudo de caso para o Munic\u00edpio de Pelotas \u2013 RS. &#8211; N\u00e3o Autorizado pelo Aluno<\/strong><\/p>\n<p style=\"text-align: justify\">6 &#8211; NOME: <strong>Gabriela Nunes\u00a0<\/strong>\u00a0&#8211;\u00a0T\u00cdTULO:\u00a0<strong>Impactos do Novo C\u00f3digo Florestal sobre o meio ambiente &#8211;\u00a0<a href=\"https:\/\/wp.ufpel.edu.br\/esa\/files\/2018\/09\/TCC-Gabriela-Portantiolo-Nunes.pdf\">TCC &#8211; Gabriela Nunes<\/a><\/strong><\/p>\n<p>7 &#8211; NOME: <strong>Gabriela Ponzi<\/strong> &#8211; T\u00cdTULO:\u00a0<strong>Cartografia social: inter-rela\u00e7\u00f5es entre sujeitos invisibilizados e vulnerabilidade socioambiental &#8211;\u00a0<a href=\"https:\/\/wp.ufpel.edu.br\/esa\/files\/2018\/09\/Gabriela-Tombini-Ponzi.pdf\">TCC- Gabriela Ponzi<\/a><\/strong><\/p>\n<p style=\"text-align: justify\">8 &#8211; NOME: <strong>Giordano Ceretta\u00a0<\/strong>\u00a0&#8211;\u00a0T\u00cdTULO:\u00a0<strong>An\u00e1lise da percep\u00e7\u00e3o ambiental frente ao gerenciamento dos res\u00edduos s\u00f3lidos no munic\u00edpio de Santana da Boa Vista\/RS &#8211;\u00a0<a href=\"https:\/\/wp.ufpel.edu.br\/esa\/files\/2018\/09\/TCC.-Giordano-Santos-Ceretta.pdf\">TCC &#8211; Giordano Ceretta<\/a><\/strong><\/p>\n<p style=\"text-align: justify\">9 &#8211; NOME: <strong>Giovana Silva\u00a0<\/strong>\u00a0&#8211;\u00a0T\u00cdTULO:\u00a0<strong>Percep\u00e7\u00e3o Ambiental dos Permission\u00e1rios e An\u00e1lises Quali-Quantitativas de Res\u00edduos S\u00f3lidos Gerados no Mercado Central de Pelotas\/RS &#8211; N\u00e3o autorizado a publica\u00e7\u00e3o.<\/strong><\/p>\n<p style=\"text-align: justify\">10 &#8211;\u00a0NOME: <strong>Jessica dos Santos\u00a0<span style=\"color: #000000;font-family: 'times new roman', times, serif\">\u00a0<\/span><\/strong>\u2013 T\u00cdTULO:\u00a0<strong>Diagn\u00f3stico dos res\u00edduos gerados em oficinas mec\u00e2nicas de ve\u00edculos automotivos do munic\u00edpio de Pelotas &#8211;<a href=\"https:\/\/wp.ufpel.edu.br\/esa\/files\/2018\/09\/TCC-final.pdf\">TCC- Jessica dos Santos<\/a><\/strong><\/p>\n<p style=\"text-align: justify\">11 &#8211;\u00a0NOME: <strong>Nat\u00e1lia Golin\u00a0<span style=\"color: #000000;font-family: 'times new roman', times, serif\">\u00a0\u00a0<\/span><\/strong>\u2013 T\u00cdTULO: <strong>Avalia\u00e7\u00e3o da efici\u00eancia do m\u00e9todo SODIS na desinfec\u00e7\u00e3o da \u00e1gua para consumo humano em Pelotas \u2013 RS\u00a0<\/strong>&#8211;\u00a0<a href=\"https:\/\/wp.ufpel.edu.br\/esa\/files\/2018\/09\/TCC-Natalia-Golin-Vers\u00e3o-Final-29-08.pdf\">TCC &#8211; Natalia Golin<\/a><\/p>\n<p style=\"text-align: justify\">12 &#8211;\u00a0NOME: <strong>Pamela\u00a0 Lais Cabral\u00a0<span style=\"color: #000000;font-family: 'times new roman', times, serif\">\u00a0\u00a0<\/span><\/strong>\u2013 T\u00cdTULO: <strong>An\u00e1lise do potencial de produ\u00e7\u00e3o de fertilizantes org\u00e2nicos atrav\u00e9s da matriz brasileira de res\u00edduos agrossilvopastoris\u00a0<\/strong>&#8211; <strong>N\u00e3o Autorizado pelo Aluna.<\/strong><\/p>\n<p style=\"text-align: justify\">13 &#8211;\u00a0NOME: <strong>Patrick Franz<span style=\"color: #000000;font-family: 'times new roman', times, serif\"><strong>\u00a0<\/strong>\u00a0<\/span><\/strong>\u2013 T\u00cdTULO:\u00a0<strong>Avalia\u00e7\u00e3o da Qualidade da \u00c1gua distribu\u00edda no Campus Cap\u00e3o do Le\u00e3o da Universidade Federal de Pelotas &#8211;\u00a0<a href=\"https:\/\/wp.ufpel.edu.br\/esa\/files\/2018\/09\/TCC-Patrick-Finalizado.pdf\">TCC- Patrick Franz<\/a><\/strong><\/p>\n<p style=\"text-align: justify\">14 &#8211;\u00a0NOME:\u00a0 <strong>Rafaela Martins<span style=\"color: #000000;font-family: 'times new roman', times, serif\">\u00a0\u00a0<\/span><\/strong>\u2013 T\u00cdTULO:\u00a0<strong>Potencial Energ\u00e9tico e Produ\u00e7\u00e3o de Biometano a partir de Res\u00edduos S\u00f3lidos Urbanos e Res\u00edduos Vitivin\u00edcola na cidade de Bento Gon\u00e7alves e Regi\u00e3o<\/strong> &#8211;\u00a0<a href=\"https:\/\/wp.ufpel.edu.br\/esa\/files\/2018\/09\/TCC-MARTINS2c-Rafaela-Dorigon.pdf\">TCC -Rafaela Martins<\/a><\/p>\n<p style=\"text-align: justify\">15 &#8211;\u00a0NOME:\u00a0 <strong>Rachel Mundim\u00a0<span style=\"color: #000000;font-family: 'times new roman', times, serif\">\u00a0\u00a0<\/span><\/strong>\u2013 T\u00cdTULO:\u00a0<strong>Descri\u00e7\u00e3o e Caracteriza\u00e7\u00e3o das Principais Inunda\u00e7\u00f5es Ocorridas no Munic\u00edpio de Lajeado-RS &#8211;\u00a0<a href=\"https:\/\/wp.ufpel.edu.br\/esa\/files\/2018\/09\/TCC-rachel-pronto.pdf\">TCC &#8211; Rachel Mundim<\/a><\/strong><\/p>\n<p style=\"text-align: justify\">16 &#8211;\u00a0NOME:<strong> Renata Sarmento<\/strong>\u00a0<strong>\u00a0<span style=\"color: #000000;font-family: 'times new roman', times, serif\">\u00a0<\/span><\/strong>\u2013 T\u00cdTULO:\u00a0<strong>Estudo sobre o Gerenciamento dos Res\u00edduos S\u00f3lidos do Mercado Central de Pelotas \u2013 RS &#8211; N\u00e3o autorizado a publica\u00e7\u00e3o.<\/strong><\/p>\n<p style=\"text-align: justify\">17 &#8211;\u00a0NOME:\u00a0 <strong>Ritielle\u00a0 Anjos <span style=\"color: #000000;font-family: 'times new roman', times, serif\">\u00a0<\/span><\/strong>\u2013 T\u00cdTULO:\u00a0<strong>Cen\u00e1rios de Mudan\u00e7as clim\u00e1ticas e an\u00e1lise de tend\u00eancias de temperatura e precipita\u00e7\u00e3o para Pelotas\/RS-\u00a0<a href=\"https:\/\/wp.ufpel.edu.br\/esa\/files\/2018\/09\/TCC-Ritielle-Anjos.pdf\">TCC-Ritielle Anjos<\/a><\/strong><\/p>\n<p style=\"text-align: justify\">18- NOME:\u00a0 <strong>William de Oliveira\u00a0<span style=\"color: #000000;font-family: 'times new roman', times, serif\">\u00a0<\/span><\/strong>\u2013 T\u00cdTULO:\u00a0<strong>Produ\u00e7\u00e3o de carv\u00e3o ativado a partir de lignina residual e aplica\u00e7\u00e3o na adsor\u00e7\u00e3o de corantes &#8211;\u00a0N\u00e3o autorizado a publica\u00e7\u00e3o.<\/strong><\/p>\n<p style=\"text-align: justify\">\n","protected":false},"excerpt":{"rendered":"<p>1 &#8211; NOME: Adriane Behling &#8211;\u00a0T\u00cdTULO:\u00a0Estudo da possibilidade de reuso do efluente na ind\u00fastria de conservas &#8211;\u00a0TCC- Adriane Behling 2 &#8211; NOME: Angelica Guths\u00a0\u00a0&#8211;\u00a0T\u00cdTULO: An\u00e1lise da Avalia\u00e7\u00e3o de Impactos Ambientais do Projeto Retiro:\u00a0Diagn\u00f3stico Ambiental e Impactos da Minera\u00e7\u00e3o em S\u00e3o Jos\u00e9 do Norte-RS &#8211;\u00a0TCC- Angelica Guths 3 &#8211; NOME: Andrei Rei Silveira\u00a0&#8211;\u00a0T\u00cdTULO:\u00a0Potencial e Aproveitamento Bioenerg\u00e9tico [&hellip;]<\/p>\n","protected":false},"author":36,"featured_media":0,"parent":0,"menu_order":0,"comment_status":"closed","ping_status":"closed","template":"","meta":{"footnotes":""},"class_list":["post-5799","page","type-page","status-publish","hentry"],"_links":{"self":[{"href":"https:\/\/wp.ufpel.edu.br\/esa\/wp-json\/wp\/v2\/pages\/5799","targetHints":{"allow":["GET"]}}],"collection":[{"href":"https:\/\/wp.ufpel.edu.br\/esa\/wp-json\/wp\/v2\/pages"}],"about":[{"href":"https:\/\/wp.ufpel.edu.br\/esa\/wp-json\/wp\/v2\/types\/page"}],"author":[{"embeddable":true,"href":"https:\/\/wp.ufpel.edu.br\/esa\/wp-json\/wp\/v2\/users\/36"}],"replies":[{"embeddable":true,"href":"https:\/\/wp.ufpel.edu.br\/esa\/wp-json\/wp\/v2\/comments?post=5799"}],"version-history":[{"count":25,"href":"https:\/\/wp.ufpel.edu.br\/esa\/wp-json\/wp\/v2\/pages\/5799\/revisions"}],"predecessor-version":[{"id":5911,"href":"https:\/\/wp.ufpel.edu.br\/esa\/wp-json\/wp\/v2\/pages\/5799\/revisions\/5911"}],"wp:attachment":[{"href":"https:\/\/wp.ufpel.edu.br\/esa\/wp-json\/wp\/v2\/media?parent=5799"}],"curies":[{"name":"wp","href":"https:\/\/api.w.org\/{rel}","templated":true}]}}