{"id":5594,"date":"2018-04-09T12:46:36","date_gmt":"2018-04-09T15:46:36","guid":{"rendered":"https:\/\/wp.ufpel.edu.br\/esa\/?page_id=5594"},"modified":"2019-05-22T13:02:59","modified_gmt":"2019-05-22T16:02:59","slug":"tcc-2017-01","status":"publish","type":"page","link":"https:\/\/wp.ufpel.edu.br\/esa\/tcc-2017-01\/","title":{"rendered":"TCC 2017\/1"},"content":{"rendered":"<p style=\"text-align: justify\">1 &#8211;\u00a0NOME: <strong>Anita Ribas Avancini\u00a0<span style=\"color: #000000;font-family: 'times new roman', times, serif\">\u00a0\u00a0<\/span><\/strong>\u2013 T\u00cdTULO: <strong>Aproveitamento de Lignina Residual do Pr\u00e9-tratamento de Biomassa como Adsorvente na Remo\u00e7\u00e3o de Corantes<\/strong> &#8211; N\u00e3o autorizado pela aluna.<\/p>\n<p style=\"text-align: justify\">2-\u00a0NOME:<strong>\u00a0<span style=\"color: #000000;font-family: 'times new roman', times, serif\"> Ana Luiza Bertani Dall\u2019Agnol\u00a0<\/span><\/strong>\u2013 T\u00cdTULO: <strong>Incid\u00eancia de Doen\u00e7as Relacionadas ao Saneamento Ambiental\u00a0<\/strong><strong>Inadequado\u00a0 (DRSAI) e Indicadores de Saneamento nas Regi\u00f5es Sul e\u00a0<\/strong><strong>Campanha &#8211; N\u00e3o autorizado pela aluna.<\/strong><\/p>\n<p style=\"text-align: justify\">3-\u00a0NOME:<strong>\u00a0<span style=\"color: #000000;font-family: 'times new roman', times, serif\">\u00a0Carolina Gon\u00e7alves\u00a0\u00a0<\/span><\/strong>\u2013 T\u00cdTULO:\u00a0<strong>Influ\u00eancia das rotas da coleta seletiva na ocorr\u00eancia de res\u00edduos de servi\u00e7os de sa\u00fade em cooperativas de catadores<\/strong> &#8211; <strong>N\u00e3o autorizado pela Aluna.<\/strong><\/p>\n<p style=\"text-align: justify\">4-\u00a0NOME:<strong>\u00a0<span style=\"color: #000000;font-family: 'times new roman', times, serif\">\u00a0Daniela Medeiros\u00a0 \u00a0<\/span><\/strong>\u2013 T\u00cdTULO: <strong>Adi\u00e7\u00e3o de vermicomposto na biorremedia\u00e7\u00e3o de solo contaminado com o herbicida glifosato com vistas \u00e0 transi\u00e7\u00e3o agroecol\u00f3gica<\/strong>&#8211;\u00a0<a href=\"https:\/\/wp.ufpel.edu.br\/esa\/files\/2018\/04\/TCC-Dani-vers\u00e3o-5-dezembro.pdf\">TCC-Daniela Medeiros<\/a><\/p>\n<p style=\"text-align: justify\">5-\u00a0NOME:<strong>\u00a0<span style=\"color: #000000;font-family: 'times new roman', times, serif\">\u00a0Joane Quadros\u00a0 \u00a0<\/span><\/strong>\u2013 T\u00cdTULO:<strong> Indicadores de sustentabilidade: aplica\u00e7\u00e3o do Bar\u00f4metro de\u00a0<\/strong><strong>Sustentabilidade para o Munic\u00edpio de Pelotas, RS<\/strong>\u00a0\u00a0<a href=\"https:\/\/wp.ufpel.edu.br\/esa\/files\/2018\/04\/TCC-Joane-Quadros.pdf\">TCC &#8211; Joane Quadros<\/a><\/p>\n<p style=\"text-align: justify\">6- NOME: <strong>Maria Clara Barbosa<\/strong> &#8211; T\u00cdTULO:\u00a0<strong>A transposi\u00e7\u00e3o do leito do canal Santa B\u00e1rbara, Pelotas\/RS: utiliza\u00e7\u00e3o de SIG na an\u00e1lise temporal de uma altera\u00e7\u00e3o de drenagem urbana\u00a0<\/strong>&#8211;\u00a0<a href=\"https:\/\/wp.ufpel.edu.br\/esa\/files\/2018\/04\/TCC-Maria-Clara-01.12.pdf\">TCC-Maria Clara Barbosa<\/a><\/p>\n<p style=\"text-align: justify\">7- NOME: <strong>Maria Eduarda Gervazoni<\/strong> &#8211; T\u00cdTULO:\u00a0<strong>Avalia\u00e7\u00e3o do Tratamento de Lixiviado de Aterro Sanit\u00e1rio por Adsor\u00e7\u00e3o com Carv\u00e3o Ativado proveniente da Cinza da Casca de Arroz e Ensaios de Fitotoxicidade<\/strong>&#8211;\u00a0<a href=\"https:\/\/wp.ufpel.edu.br\/esa\/files\/2018\/04\/TCC-final.pdf\">TCC- Maria Eduarda Gervazoni<\/a><\/p>\n<p style=\"text-align: justify\">8- NOME: <strong>Mateus Nazari<\/strong>\u00a0&#8211; T\u00cdTULO:\u00a0<strong>\u00a0Incid\u00eancia de res\u00edduos de servi\u00e7os de sa\u00fade nas cooperativas de triagem de materiais recicl\u00e1veis do Munic\u00edpio de Pelotas\/RS &#8211; N\u00e3o autorizado pela aluno<\/strong><\/p>\n<p style=\"text-align: justify\">9- NOME: <strong>Matheus Amaro<\/strong>\u00a0&#8211; T\u00cdTULO:\u00a0<strong>\u00a0Avalia\u00e7\u00e3o do re\u00faso do efluente oriundo da ind\u00fastria de latic\u00ednios tratado por Aphanothece microscopica N\u00e4geli-\u00a0<a href=\"https:\/\/wp.ufpel.edu.br\/esa\/files\/2018\/04\/TCC-Matheus-Amaro-1.pdf\">TCC &#8211; Matheus Amaro <\/a><\/strong><\/p>\n<p style=\"text-align: justify\">10 &#8211;\u00a0NOME:<strong>\u00a0<span style=\"color: #000000;font-family: 'times new roman', times, serif\">Micaela\u00a0 Piccoli Terres<\/span><\/strong>\u00a0\u2013 T\u00cdTULO: <strong>Gerenciamento de res\u00edduos de servi\u00e7os de sa\u00fade em Faculdade de\u00a0<\/strong><strong>Odontologia<\/strong> &#8211; N\u00e3o autorizado pelo aluno.<\/p>\n<p style=\"text-align: justify\"><strong>\u00a011-\u00a0<\/strong>NOME:<strong> <span style=\"color: #000000;font-family: 'times new roman', times, serif\">Luiz Alfredo Neto<\/span>\u2013 <\/strong>T\u00cdTULO<strong>:\u00a0Uso de casca de arroz para adsor\u00e7\u00e3o de \u00f3leo lubrificante mineral<\/strong>\u00a0&#8211;\u00a0<a href=\"https:\/\/wp.ufpel.edu.br\/esa\/files\/2018\/04\/TCC_Luiz_Alfredo_Bohlke_Neto.pdf\">TCC- Luiz Alfredo Bohlke Neto<\/a><\/p>\n<p style=\"text-align: justify\"><strong>12 &#8211;\u00a0<\/strong>NOME<strong>: <span style=\"color: #000000;font-family: 'times new roman', times, serif\">Luiza de Paula <\/span>\u2013 <\/strong>T\u00cdTULO<strong>:\u00a0Rela\u00e7\u00e3o dos Eventos extremos com a varia\u00e7\u00e3o da Linha de Costa da Praia do Hermenegildo (RS) &#8211;\u00a0<a href=\"https:\/\/wp.ufpel.edu.br\/esa\/files\/2018\/04\/TCC.pdf\">TCC- Luiza de Paula<\/a><\/strong><\/p>\n<p style=\"text-align: justify\">13 &#8211;\u00a0NOME:<strong>\u00a0<span style=\"color: #000000;font-family: 'times new roman', times, serif\">Rosana Gomes da Rosa<\/span><\/strong>\u00a0\u2013 T\u00cdTULO:\u00a0<strong>An\u00e1lise Etnozool\u00f3gica da Fauna em S\u00e3o Louren\u00e7o do Sul<\/strong>\u00a0&#8211;\u00a0<a href=\"https:\/\/wp.ufpel.edu.br\/esa\/files\/2018\/04\/TCC.EAS_RosanaRosa.pdf\">TCC Rosana Rosa<\/a><\/p>\n<p>&nbsp;<\/p>\n<p>&nbsp;<\/p>\n","protected":false},"excerpt":{"rendered":"<p>1 &#8211;\u00a0NOME: Anita Ribas Avancini\u00a0\u00a0\u00a0\u2013 T\u00cdTULO: Aproveitamento de Lignina Residual do Pr\u00e9-tratamento de Biomassa como Adsorvente na Remo\u00e7\u00e3o de Corantes &#8211; N\u00e3o autorizado pela aluna. 2-\u00a0NOME:\u00a0 Ana Luiza Bertani Dall\u2019Agnol\u00a0\u2013 T\u00cdTULO: Incid\u00eancia de Doen\u00e7as Relacionadas ao Saneamento Ambiental\u00a0Inadequado\u00a0 (DRSAI) e Indicadores de Saneamento nas Regi\u00f5es Sul e\u00a0Campanha &#8211; N\u00e3o autorizado pela aluna. 3-\u00a0NOME:\u00a0\u00a0Carolina Gon\u00e7alves\u00a0\u00a0\u2013 T\u00cdTULO:\u00a0Influ\u00eancia [&hellip;]<\/p>\n","protected":false},"author":36,"featured_media":0,"parent":0,"menu_order":0,"comment_status":"closed","ping_status":"closed","template":"","meta":{"footnotes":""},"class_list":["post-5594","page","type-page","status-publish","hentry"],"_links":{"self":[{"href":"https:\/\/wp.ufpel.edu.br\/esa\/wp-json\/wp\/v2\/pages\/5594","targetHints":{"allow":["GET"]}}],"collection":[{"href":"https:\/\/wp.ufpel.edu.br\/esa\/wp-json\/wp\/v2\/pages"}],"about":[{"href":"https:\/\/wp.ufpel.edu.br\/esa\/wp-json\/wp\/v2\/types\/page"}],"author":[{"embeddable":true,"href":"https:\/\/wp.ufpel.edu.br\/esa\/wp-json\/wp\/v2\/users\/36"}],"replies":[{"embeddable":true,"href":"https:\/\/wp.ufpel.edu.br\/esa\/wp-json\/wp\/v2\/comments?post=5594"}],"version-history":[{"count":22,"href":"https:\/\/wp.ufpel.edu.br\/esa\/wp-json\/wp\/v2\/pages\/5594\/revisions"}],"predecessor-version":[{"id":5955,"href":"https:\/\/wp.ufpel.edu.br\/esa\/wp-json\/wp\/v2\/pages\/5594\/revisions\/5955"}],"wp:attachment":[{"href":"https:\/\/wp.ufpel.edu.br\/esa\/wp-json\/wp\/v2\/media?parent=5594"}],"curies":[{"name":"wp","href":"https:\/\/api.w.org\/{rel}","templated":true}]}}