{"id":5034,"date":"2017-01-25T08:24:26","date_gmt":"2017-01-25T10:24:26","guid":{"rendered":"https:\/\/wp.ufpel.edu.br\/esa\/?page_id=5034"},"modified":"2018-12-07T11:39:28","modified_gmt":"2018-12-07T13:39:28","slug":"tcc-201602","status":"publish","type":"page","link":"https:\/\/wp.ufpel.edu.br\/esa\/tcc-201602\/","title":{"rendered":"TCC 2016\/2"},"content":{"rendered":"<p style=\"text-align: justify\">1 &#8211;\u00a0NOME:<strong>\u00a0<span style=\"color: #000000\"><span style=\"font-family: 'times new roman', times, serif\">Camila<\/span> Torres<\/span><\/strong>\u00a0\u2013 T\u00cdTULO:\u00a0<span style=\"font-family: 'times new roman', times, serif\"><strong><span style=\"color: #000000\">Avalia\u00e7\u00e3o da Aceitabilidade de Res\u00edduos Agroindustriais pela Minhoca Eisenia andrei visando Futuro Processo de Vermicompostagem<\/span><\/strong><\/span> &#8211;\u00a0<a href=\"https:\/\/wp.ufpel.edu.br\/esa\/files\/2017\/01\/TCC-Camila-Torres.pdf\">TCC &#8211; Camila Torres<\/a><\/p>\n<p style=\"text-align: justify\"><span style=\"font-family: 'times new roman', times, serif\">2 &#8211; NOME:<strong>\u00a0<span style=\"color: #000000\">Carla da Costa<\/span><\/strong>\u00a0\u2013 T\u00cdTULO:\u00a0<strong><span style=\"color: #000000\">Caracteriza\u00e7\u00e3o da Biomassa Residual gerada na Produ\u00e7\u00e3o de Etanol de Segunda Gera\u00e7\u00e3o a partir de Arundo Donax L.\u00a0<\/span> &#8211; N\u00e3o autorizado pelo aluno.<\/strong><\/span><\/p>\n<p style=\"text-align: justify\"><span style=\"font-family: 'times new roman', times, serif\">3 &#8211; NOME: <span style=\"color: #000000\"><b>Cassia Caballero<\/b><\/span>\u00a0&#8211;\u00a0T\u00cdTULO:\u00a0<strong><span style=\"color: #000000\">An\u00e1lise do Processo de Avalia\u00e7\u00e3o de Impactos Ambientais do Aproveitamento Hidrel\u00e9trico de Belo Monte &#8211; PA<\/span> &#8211;\u00a0\u00a0<a href=\"https:\/\/wp.ufpel.edu.br\/esa\/files\/2017\/01\/TCC-Cassia-Caballero.pdf\">TCC &#8211; Cassia Caballero<\/a><\/strong><\/span><\/p>\n<p style=\"text-align: justify\"><span style=\"font-family: 'times new roman', times, serif\">4 &#8211; NOME: <strong><span style=\"color: #000000\">Carolina Demarco<\/span><span style=\"color: #000000\">&#8211;\u00a0<\/span><\/strong><span style=\"color: #000000\">T\u00cdTULO<\/span><strong><span style=\"color: #000000\">:\u00a0Sele\u00e7\u00e3o de Macr\u00f3fitas Aqu\u00e1ticas com Potencial de Fitorremedia\u00e7\u00e3o no Arroio Santa B\u00e1rbara, Munic\u00edpio de Pelotas\/RS &#8211; N\u00e3o autorizado pela aluna.<\/span><\/strong><\/span><\/p>\n<p style=\"text-align: justify\"><span style=\"font-family: 'times new roman', times, serif\">5 &#8211; NOME: <strong><span style=\"color: #000000\">Cauana Schumann<\/span><\/strong>\u00a0\u00a0&#8211;\u00a0<span style=\"color: #000000\">T\u00cdTULO:\u00a0<strong>Estudo de Viabilidade T\u00e9cnica e Econ\u00f4mico-financeira do Tratamento de Esgoto no munic\u00edpio de Arroio Grande\/RS &#8211;\u00a0<a href=\"https:\/\/wp.ufpel.edu.br\/esa\/files\/2017\/01\/TCC-Cauana-Schumann.pdf\">TCC &#8211; Cauana Schumann<\/a><\/strong><\/span><\/span><\/p>\n<p style=\"text-align: justify\"><span style=\"font-family: 'times new roman', times, serif\">6 &#8211; NOME:\u00a0<span style=\"color: #000000\"><strong>Davi Sarubbi<\/strong><\/span>\u00a0&#8211;\u00a0T\u00cdTULO:<span style=\"color: #000000\">\u00a0<\/span><strong><span style=\"color: #000000\">Avalia\u00e7\u00e3o da Cin\u00e9tica de Crescimento e Consumo de Substratos por Aphanothece Microscopica N\u00e4geli no Efluente de Conservas<\/span> &#8211;\u00a0<a href=\"https:\/\/wp.ufpel.edu.br\/esa\/files\/2017\/01\/TCC-Davi-Sarubbi.pdf\">TCC &#8211; Davi Sarubbi<\/a><\/strong><\/span><\/p>\n<p style=\"text-align: justify\"><span style=\"font-family: 'times new roman', times, serif\">7 -NOME: <span style=\"color: #000000\"><b>Louise Hoss<\/b><\/span>&#8211;\u00a0T\u00cdTULO:\u00a0<strong><span style=\"color: #000000\">An\u00e1lise do uso de Coagulante Org\u00e2nico na Separa\u00e7\u00e3o de Cianobact\u00e9ria do Efluente de Latic\u00ednios<\/span> &#8211;\u00a0<a href=\"https:\/\/wp.ufpel.edu.br\/esa\/files\/2017\/01\/TCC-Louise-Hoss.pdf\">TCC &#8211; Louise Hoss<\/a><\/strong><\/span><\/p>\n<p style=\"text-align: justify\"><span style=\"font-family: 'times new roman', times, serif\">8 &#8211; NOME: <strong><span style=\"background-color: #ffffff;color: #000000\">Paula Hofmeister<\/span><span style=\"color: #000000\">\u00a0<\/span><\/strong>&#8211;\u00a0T\u00cdTULO:<span style=\"color: #000000\">\u00a0<strong>Res\u00edduos S\u00f3lidos em Empresa de Automa\u00e7\u00e3o Agroindustrial &#8211;\u00a0<a href=\"https:\/\/wp.ufpel.edu.br\/esa\/files\/2017\/01\/TCC-Paula-Hofmeister.pdf\">TCC &#8211; Paula Hofmeister<\/a><\/strong><\/span><\/span><\/p>\n<p style=\"text-align: justify\"><span style=\"font-family: 'times new roman', times, serif\">9 &#8211; NOME: <strong><span style=\"color: #000000\">Thais Possa<\/span>\u00a0<\/strong>&#8211;\u00a0T\u00cdTULO:\u00a0<strong><span style=\"color: #000000\">Aphanothece Microscopica N\u00e4geli e a Influ\u00eancia das Raz\u00f5es C\/N e N\/P quando Cultivada no Efluente da Ind\u00fastria\u00a0<\/span><\/strong><strong><span style=\"color: #000000\">de Latic\u00ednios<\/span> &#8211;<a href=\"https:\/\/wp.ufpel.edu.br\/esa\/files\/2017\/01\/TCC-Thais-Possa.pdf\">TCC-Thais Possa<\/a><\/strong><\/span><\/p>\n<p style=\"text-align: justify\"><span style=\"font-family: 'times new roman', times, serif\">10- NOME: <span style=\"color: #000000\"><b>Weslei Santos<\/b><\/span>\u00a0&#8211;\u00a0T\u00cdTULO:\u00a0<strong><span style=\"color: #000000\">Aproveitamento de Subprodutos de Res\u00edduos de Pesca para a Produ\u00e7\u00e3o de Farinha<\/span> &#8211;\u00a0<a href=\"https:\/\/wp.ufpel.edu.br\/esa\/files\/2017\/01\/TCC-Weslei-Santos-1.pdf\">TCC -Weslei Santos<\/a><\/strong><\/span><\/p>\n","protected":false},"excerpt":{"rendered":"<p>1 &#8211;\u00a0NOME:\u00a0Camila Torres\u00a0\u2013 T\u00cdTULO:\u00a0Avalia\u00e7\u00e3o da Aceitabilidade de Res\u00edduos Agroindustriais pela Minhoca Eisenia andrei visando Futuro Processo de Vermicompostagem &#8211;\u00a0TCC &#8211; Camila Torres 2 &#8211; NOME:\u00a0Carla da Costa\u00a0\u2013 T\u00cdTULO:\u00a0Caracteriza\u00e7\u00e3o da Biomassa Residual gerada na Produ\u00e7\u00e3o de Etanol de Segunda Gera\u00e7\u00e3o a partir de Arundo Donax L.\u00a0 &#8211; N\u00e3o autorizado pelo aluno. 3 &#8211; NOME: Cassia Caballero\u00a0&#8211;\u00a0T\u00cdTULO:\u00a0An\u00e1lise [&hellip;]<\/p>\n","protected":false},"author":36,"featured_media":0,"parent":0,"menu_order":0,"comment_status":"closed","ping_status":"closed","template":"","meta":{"footnotes":""},"class_list":["post-5034","page","type-page","status-publish","hentry"],"_links":{"self":[{"href":"https:\/\/wp.ufpel.edu.br\/esa\/wp-json\/wp\/v2\/pages\/5034","targetHints":{"allow":["GET"]}}],"collection":[{"href":"https:\/\/wp.ufpel.edu.br\/esa\/wp-json\/wp\/v2\/pages"}],"about":[{"href":"https:\/\/wp.ufpel.edu.br\/esa\/wp-json\/wp\/v2\/types\/page"}],"author":[{"embeddable":true,"href":"https:\/\/wp.ufpel.edu.br\/esa\/wp-json\/wp\/v2\/users\/36"}],"replies":[{"embeddable":true,"href":"https:\/\/wp.ufpel.edu.br\/esa\/wp-json\/wp\/v2\/comments?post=5034"}],"version-history":[{"count":14,"href":"https:\/\/wp.ufpel.edu.br\/esa\/wp-json\/wp\/v2\/pages\/5034\/revisions"}],"predecessor-version":[{"id":5909,"href":"https:\/\/wp.ufpel.edu.br\/esa\/wp-json\/wp\/v2\/pages\/5034\/revisions\/5909"}],"wp:attachment":[{"href":"https:\/\/wp.ufpel.edu.br\/esa\/wp-json\/wp\/v2\/media?parent=5034"}],"curies":[{"name":"wp","href":"https:\/\/api.w.org\/{rel}","templated":true}]}}