{"id":4993,"date":"2016-10-13T09:07:50","date_gmt":"2016-10-13T12:07:50","guid":{"rendered":"https:\/\/wp.ufpel.edu.br\/esa\/?page_id=4993"},"modified":"2020-05-15T15:13:10","modified_gmt":"2020-05-15T18:13:10","slug":"tcc-201601","status":"publish","type":"page","link":"https:\/\/wp.ufpel.edu.br\/esa\/tc\/tcc-201601\/","title":{"rendered":"TCC  2016\/1"},"content":{"rendered":"<p><span style=\"font-family: 'times new roman', times, serif\">1 &#8211; NOME:<strong>\u00a0<span style=\"color: #000000\">Bettina Machado<\/span><\/strong>\u00a0\u2013 T\u00cdTULO:<strong>\u00a0<span style=\"color: #000000\"><b>Avalia\u00e7\u00e3o da Toxicidade Ambiental do Agrot\u00f3xico <\/b><\/span><span style=\"color: #000000\"><b>Glifosato em Solo Utilizando como Bioindicador M<\/b><\/span><span style=\"color: #000000\"><b>inhocas da Esp\u00e9cie <\/b><\/span><span style=\"color: #000000\"><b><i>Eisenia Andrei. <\/i><\/b><\/span><\/strong><span style=\"color: #000000\">&#8211;\u00a0<\/span><span style=\"color: #999999\"><a style=\"color: #999999\" href=\"https:\/\/wp.ufpel.edu.br\/esa\/files\/2016\/10\/TCC-BETTINA-MACHADO.pdf\">TCC-Bettina Machado<\/a><\/span><\/span><\/p>\n<p><span style=\"font-family: 'times new roman', times, serif\">2 &#8211; NOME: <span style=\"color: #000000\"><strong>Camila Favero<\/strong><\/span> &#8211;\u00a0T\u00cdTULO:\u00a0<span style=\"color: #000000\"><strong>Lignina Residual do pr\u00e9-tratamento da Biomassa Lignocelul\u00f3sica como Adsorvente na Remo\u00e7\u00e3o de Metais &#8211; N\u00e3o autorizado pela aluna.<\/strong><\/span><\/span><\/p>\n<p><span style=\"font-family: 'times new roman', times, serif\">3 &#8211; NOME:\u00a0<strong><span style=\"color: #000000\">Carolina \u00a0Korzenieski &#8211;\u00a0<\/span><\/strong><span style=\"color: #000000\">T\u00cdTULO<\/span><strong><span style=\"color: #000000\">:\u00a0Avalia\u00e7\u00e3o da Influ\u00eancia do Uso de Telhados Verdes no Escoamento Superficial em um Loteamento de Pelotas-RS &#8211;\u00a0<\/span><\/strong><span style=\"color: #000000\"><a href=\"https:\/\/wp.ufpel.edu.br\/esa\/files\/2016\/10\/TCC-CAROLINA-KORZE.pdf\">TCC &#8211; Carolina Korzenieski<\/a><\/span><\/span><\/p>\n<p><span style=\"font-family: 'times new roman', times, serif\">4 &#8211; NOME:\u00a0<span style=\"color: #000000\"><strong>Carliana \u00a0Favretto<\/strong><\/span> &#8211;\u00a0<span style=\"color: #000000\">T\u00cdTULO:\u00a0<strong>Capta\u00e7\u00e3o da \u00c1gua da Chuva para Utiliza\u00e7\u00e3o na Lavagem de Ve\u00edculos: Estudo de Caso para o Munic\u00edpio de Pelotas &#8211; RS<\/strong> &#8211;\u00a0<a href=\"https:\/\/wp.ufpel.edu.br\/esa\/files\/2016\/10\/TCC-CARLIANA-FAVRETTO.pdf\">TCC Carliana Favretto<\/a><\/span><\/span><\/p>\n<p><span style=\"font-family: 'times new roman', times, serif\">5 &#8211; NOME:\u00a0<span style=\"color: #000000\"><strong>Daiana Fonseca Bierhals<\/strong><\/span> &#8211;\u00a0T\u00cdTULO:\u00a0<span style=\"color: #000000\"><strong>Contribui\u00e7\u00e3o do Cadastro Ambiental Rural &#8211; CAR para o Conhecimento da Situa\u00e7\u00e3o Ambiental das Pequenas Propriedades Rurais do Munic\u00edpio de Pelotas &#8211; RS<\/strong>. <\/span>&#8211; <span style=\"color: #000000\"><strong>N\u00e3o autorizado pela aluna.<\/strong><\/span><\/span><\/p>\n<p><span style=\"font-family: 'times new roman', times, serif\">6 -NOME: <span style=\"color: #000000\"><strong>Gisanara Dors<\/strong><\/span> &#8211;\u00a0T\u00cdTULO:\u00a0<strong><span style=\"color: #000000\">Delimita\u00e7\u00e3o dos \u00cdndices de Fragilidade Ambiental do Munic\u00edpio de S\u00e3o Louren\u00e7o do Sul &#8211; RS<\/span> &#8211;\u00a0<a href=\"https:\/\/wp.ufpel.edu.br\/esa\/files\/2016\/10\/TCC-Gisanara-Dors.pdf\">TCC &#8211; Gisanara Dors<\/a><\/strong><\/span><\/p>\n<p><span style=\"font-family: 'times new roman', times, serif\">7 &#8211; NOME: <strong><span style=\"color: #000000\">Gustavo Ferraz <\/span><\/strong>&#8211;\u00a0T\u00cdTULO:<span style=\"color: #000000\">\u00a0<strong>Diagn\u00f3stico do Abastecimento de \u00c1gua na Zona Urbana do<\/strong><\/span><\/span><br \/>\n<span style=\"font-family: 'times new roman', times, serif\"> <span style=\"color: #000000\"> <strong> Munic\u00edpio de Morro Redondo &#8211; RS<\/strong><\/span> &#8211;\u00a0<a href=\"https:\/\/wp.ufpel.edu.br\/esa\/files\/2016\/10\/TCC-Gustavo-Ferraz.pdf\">TCC- Gustavo Ferraz<\/a><\/span><\/p>\n<p><span style=\"font-family: 'times new roman', times, serif\">8 &#8211; NOME: <span style=\"color: #000000\"><strong>Gustavo Lima<\/strong><\/span> &#8211;\u00a0T\u00cdTULO:\u00a0<strong><span style=\"color: #000000\">Avalia\u00e7\u00e3o das \u00c1reas de Risco de Inunda\u00e7\u00e3o no Munic\u00edpio de Pelotas, RS: Uma Proposta Metodol\u00f3gica<\/span> <\/strong>&#8211;\u00a0<a href=\"https:\/\/wp.ufpel.edu.br\/esa\/files\/2016\/10\/Gustavo-lima-tcc.pdf\">TCC- Gustavo Lima<\/a><\/span><\/p>\n<p><span style=\"font-family: 'times new roman', times, serif\">9- NOME:\u00a0<span style=\"color: #000000\"><strong>Kayoma da Silva<\/strong><\/span> &#8211;\u00a0T\u00cdTULO:\u00a0<span style=\"color: #000000\"><strong>Impactos das Mudan\u00e7as Clim\u00e1ticas sobre a Demanda de \u00c1gua para Irriga\u00e7\u00e3o na Bacia Hidrogr\u00e1fica do Rio Iju\u00ed, RS<\/strong><\/span> &#8211;\u00a0<a href=\"https:\/\/wp.ufpel.edu.br\/esa\/files\/2016\/10\/TCC-Kayoma.pdf\">TCC- Kayoma da Silva<\/a><\/span><\/p>\n<p><span style=\"font-family: 'times new roman', times, serif\">10- NOME: <span style=\"color: #000000\"><strong>Lucas Santos<\/strong><\/span> &#8211;\u00a0T\u00cdTULO:\u00a0<strong><span style=\"color: #000000\">Avalia\u00e7\u00e3o do Efeito da Adi\u00e7\u00e3o do Glicerol na Biorremedia\u00e7\u00e3o de Solo Contaminado com Biodiesel (B100)<\/span> &#8211;<\/strong>\u00a0<a href=\"https:\/\/wp.ufpel.edu.br\/esa\/files\/2016\/10\/TCC-Lucas-Barbosa-Santos.-1.pdf\">TCC- Lucas Santos<\/a><\/span><\/p>\n<p><span style=\"font-family: 'times new roman', times, serif\">11- NOME: <span style=\"color: #000000\"><strong>Mateus Rodrigues<\/strong><\/span> &#8211;\u00a0T\u00cdTULO:\u00a0<strong><span style=\"color: #000000\">Avalia\u00e7\u00e3o da Efici\u00eancia de Coagulantes e Floculantes na Remo\u00e7\u00e3o de F\u00f3sforo em Efluentes de Frigor\u00edfico de Su\u00ednos<\/span> &#8211;<\/strong>\u00a0<a href=\"https:\/\/wp.ufpel.edu.br\/esa\/files\/2016\/10\/TCC-Mateus-Rodrigues.pdf\">TCC- Mateus Rodrigues<\/a><\/span><\/p>\n<p><span style=\"font-family: 'times new roman', times, serif\">12- NOME: <span style=\"color: #000000\"><strong>Matheus Namiuchi<\/strong><\/span> &#8211;\u00a0T\u00cdTULO:\u00a0<strong><span style=\"color: #000000\">Levantamento do Potencial El\u00e9trico do Sudeste Rio-Grandense<\/span> &#8211;\u00a0<\/strong><a href=\"https:\/\/wp.ufpel.edu.br\/esa\/files\/2016\/10\/TCC-Matheus-Namiuchi.pdf\">TCC- Matheus Namiuchi<\/a><\/span><\/p>\n<p><span style=\"font-family: 'times new roman', times, serif\">13- NOME: <span style=\"color: #000000\"><strong>Patriqui Patricio<\/strong><\/span> &#8211;\u00a0T\u00cdTULO:\u00a0<strong><span style=\"color: #000000\">Residuos , do Processo de Beneficiamento do Algod\u00e3o- Estudo de Caso\u00a0<\/span>&#8211;\u00a0<\/strong><a href=\"https:\/\/wp.ufpel.edu.br\/esa\/files\/2016\/10\/TCC-Patriqui-E.-Patricio.pdf\">TCC- Patriqui Patricio<\/a><\/span><\/p>\n<p><span style=\"font-family: 'times new roman', times, serif\">14- NOME:<strong><span style=\"color: #000000\"> Rodrigo Corrazzari<\/span><\/strong> &#8211;\u00a0T\u00cdTULO:\u00a0<strong><span style=\"color: #000000\">Utiliza\u00e7\u00e3o de Wetland como P\u00f3s-Tratamento de Biodisco para Lixiviado de Aterro Sanit\u00e1rio<\/span>. &#8211;\u00a0<\/strong><a href=\"https:\/\/wp.ufpel.edu.br\/esa\/files\/2016\/10\/TCC-RODRIGO-CORAZZARI.pdf\">TCC- Rodrigo Corazzari<\/a><\/span><\/p>\n<p><span style=\"font-family: 'times new roman', times, serif\">15- NOME: <span style=\"color: #000000\"><strong>Rodrigo Zanatta<\/strong><\/span> &#8211;\u00a0\u00a0T\u00cdTULO:\u00a0<strong><span style=\"color: #000000\">Reator Biol\u00f3gico Rotat\u00f3rio no Tratamento do Lixiviado de Aterro Sanit\u00e1rio<\/span> &#8211;\u00a0<\/strong><a href=\"https:\/\/wp.ufpel.edu.br\/esa\/files\/2016\/10\/TCC-RODRIGO_ZANATTA.pdf\">TCC-Rodrigo Zanatta<\/a><\/span><\/p>\n<p><span style=\"font-family: 'times new roman', times, serif\">16- NOME: <strong><span style=\"color: #000000\">Sara Helena Gomes<\/span><\/strong> &#8211;\u00a0T\u00cdTULO:\u00a0<strong><span style=\"color: #000000\">Modelagem da Qualidade da \u00c1gua do Rio dos Sinos\/RS utilizando o Modelo QUAL-UFMG<\/span><\/strong> &#8211;\u00a0<a href=\"https:\/\/wp.ufpel.edu.br\/esa\/files\/2016\/10\/TCC-Sara-Helena-Gomes.pdf\">TCC- Sara Helena Gomes<\/a><\/span><\/p>\n","protected":false},"excerpt":{"rendered":"<p>1 &#8211; NOME:\u00a0Bettina Machado\u00a0\u2013 T\u00cdTULO:\u00a0Avalia\u00e7\u00e3o da Toxicidade Ambiental do Agrot\u00f3xico Glifosato em Solo Utilizando como Bioindicador Minhocas da Esp\u00e9cie Eisenia Andrei. &#8211;\u00a0TCC-Bettina Machado 2 &#8211; NOME: Camila Favero &#8211;\u00a0T\u00cdTULO:\u00a0Lignina Residual do pr\u00e9-tratamento da Biomassa Lignocelul\u00f3sica como Adsorvente na Remo\u00e7\u00e3o de Metais &#8211; N\u00e3o autorizado pela aluna. 3 &#8211; NOME:\u00a0Carolina \u00a0Korzenieski &#8211;\u00a0T\u00cdTULO:\u00a0Avalia\u00e7\u00e3o da Influ\u00eancia do Uso [&hellip;]<\/p>\n","protected":false},"author":36,"featured_media":0,"parent":29,"menu_order":0,"comment_status":"closed","ping_status":"closed","template":"","meta":{"footnotes":""},"class_list":["post-4993","page","type-page","status-publish","hentry"],"_links":{"self":[{"href":"https:\/\/wp.ufpel.edu.br\/esa\/wp-json\/wp\/v2\/pages\/4993","targetHints":{"allow":["GET"]}}],"collection":[{"href":"https:\/\/wp.ufpel.edu.br\/esa\/wp-json\/wp\/v2\/pages"}],"about":[{"href":"https:\/\/wp.ufpel.edu.br\/esa\/wp-json\/wp\/v2\/types\/page"}],"author":[{"embeddable":true,"href":"https:\/\/wp.ufpel.edu.br\/esa\/wp-json\/wp\/v2\/users\/36"}],"replies":[{"embeddable":true,"href":"https:\/\/wp.ufpel.edu.br\/esa\/wp-json\/wp\/v2\/comments?post=4993"}],"version-history":[{"count":16,"href":"https:\/\/wp.ufpel.edu.br\/esa\/wp-json\/wp\/v2\/pages\/4993\/revisions"}],"predecessor-version":[{"id":6115,"href":"https:\/\/wp.ufpel.edu.br\/esa\/wp-json\/wp\/v2\/pages\/4993\/revisions\/6115"}],"up":[{"embeddable":true,"href":"https:\/\/wp.ufpel.edu.br\/esa\/wp-json\/wp\/v2\/pages\/29"}],"wp:attachment":[{"href":"https:\/\/wp.ufpel.edu.br\/esa\/wp-json\/wp\/v2\/media?parent=4993"}],"curies":[{"name":"wp","href":"https:\/\/api.w.org\/{rel}","templated":true}]}}