{"id":4964,"date":"2016-08-31T08:42:00","date_gmt":"2016-08-31T11:42:00","guid":{"rendered":"https:\/\/wp.ufpel.edu.br\/esa\/?page_id=4964"},"modified":"2025-08-18T11:46:49","modified_gmt":"2025-08-18T14:46:49","slug":"horas-livres-e-atividades-complementares","status":"publish","type":"page","link":"https:\/\/wp.ufpel.edu.br\/esa\/horas-livres-e-atividades-complementares\/","title":{"rendered":"Atividades Livres e Atividades Complementares"},"content":{"rendered":"<p>A\u00a0<strong>Forma\u00e7\u00e3o Complementar\u00a0<\/strong>do Curso de ENGENHARIA AMBIENTAL E SANIT\u00c1RIA compreende as\u00a0<strong>Atividades Complementares\u00a0<\/strong>realizadas, sendo elas:<\/p>\n<ol>\n<li>Disciplinas Optativas (oferecidas pelo Curso): m\u00ednimo\u00a0<strong>6\u00a0cr\u00e9ditos\u00a0<\/strong>e;<\/li>\n<li>Atividades de ensino, pesquisa e extens\u00e3o, bem como, cursos, semin\u00e1rios, est\u00e1gios, dentre outros, todos\u00a0<em>relacionadas com a \u00e1rea de forma\u00e7\u00e3o do Curso de Engenharia Ambiental e Sanit\u00e1ria<\/em>: m\u00ednimo\u00a0de <strong>204 horas (alunos do curr\u00edculo 4) <\/strong>ou m\u00ednimo de<strong> 180 horas (alunos dos curr\u00edculos 5 e 6)<\/strong>.<\/li>\n<\/ol>\n<p>A partir de <strong>2025\/1 <\/strong>os alunos dever\u00e3o solicitar o c\u00f4mputo das horas de Atividades Complementares para sua integraliza\u00e7\u00e3o exclusivamente no Cobalto, em <strong>&#8220;Aluno <\/strong>\u00e0 <strong>Cadastros <\/strong>\u00e0 <strong>Solicita\u00e7\u00e3o de Atividades Complementares&#8221;. <\/strong><\/p>\n<p>Ap\u00f3s a homologa\u00e7\u00e3o, as horas passar\u00e3o a constar no hist\u00f3rico acad\u00eamico do(a) estudante.<\/p>\n<p>O envio por parte dos(as) estudantes dever\u00e1 ser realizado conforme cronograma definido pelo curso.<\/p>\n<p>Alunos dos curr\u00edculos 4 (2015) e 5 (2018) podem incluir atividades de extens\u00e3o nas atividades complementares. Alunos do curr\u00edculo 6 podem incluir apenas 15h (no total) de atividades de extens\u00e3o na atividades complementares (aquelas que tenham excedido as horas de extens\u00e3o na sua integraliza\u00e7\u00e3o), cuidando para n\u00e3o duplicar horas que j\u00e1 tenham sido contabilizadas nas atividades de extens\u00e3o.<\/p>\n<p><strong>&#8211; MIN (horas): <\/strong>refere-se ao m\u00ednimo de horas que deve constar no certificado para ele ser aceito. Alguns certificados n\u00e3o apresentam horas para algumas atividades, ent\u00e3o vale o crit\u00e9rio de avalia\u00e7\u00e3o apresentado.<\/p>\n<p><strong>&#8211; MAX (horas): <\/strong>refere-se ao m\u00e1ximo de horas que pode ser contabilizado em uma determinada atividade, ainda que o estudante tenha mais horas.<\/p>\n<p>A\u00a0<strong>Forma\u00e7\u00e3o Livre<\/strong>\u00a0do Curso de ENGENHARIA AMBIENTAL E SANIT\u00c1RIA compreende as\u00a0<strong>Atividades Livres<\/strong>\u00a0realizadas, totalizando no m\u00ednimo\u00a0<strong>408 horas (alunos do curr\u00edculo 4) <\/strong>e m\u00ednimo<strong> 85 horas (alunos do curr\u00edculo 5)<\/strong>, sendo elas: disciplinas, atividades de ensino, pesquisa, extens\u00e3o, est\u00e1gios (oferecidas por outros Cursos). Neste caso, \u00e9 importante destacar que a forma\u00e7\u00e3o livre corresponde \u00e0 forma\u00e7\u00e3o alternativa, n\u00e3o necessariamente correlacionada com a \u00e1rea de forma\u00e7\u00e3o do Curso.<\/p>\n<p>O Curso de Engenharia Ambiental e Sanit\u00e1ria recebe as Atividades Complementares e Atividades Livres duas vezes ao ano:\u00a0<strong>at\u00e9 30 ABRIL<\/strong>\u00a0para os alunos que ir\u00e3o Colar Grau no semestre \u00edmpar; e at\u00e9\u00a0<strong>10\u00a0de SETEMBRO<\/strong>\u00a0para os alunos que ir\u00e3o Colar Grau no semestre par\u00a0<strong>(EM SEMESTRES REGULARES).<\/strong><\/p>\n<p style=\"font-weight: 400\">Os alunos dever\u00e3o entregar no colegiado as c\u00f3pias dos documentos, acompanhados das originais e a tabela abaixo preenchida com as atividades, per\u00edodo e carga hor\u00e1ria \u2013 formato digital (enviado para o e-mail do Colegiado do Curso).<\/p>\n<p>A Comiss\u00e3o ir\u00e1 avaliar a adequabilidade de cada atividade na \u00e1rea de forma\u00e7\u00e3o indicada pelo aluno e retornar\u00e1 seu parecer aprovando ou n\u00e3o, parcial ou na totalidade, os documentos apresentados, com as devidas justificativas.<\/p>\n<p><u>Observa\u00e7\u00f5es importantes:<\/u><\/p>\n<ol>\n<li>i) Enviar os documentos (Formul\u00e1rio de atividades de forma\u00e7\u00e3o livre em Word. <strong>N\u00e3o enviar em pdf)<\/strong>.<\/li>\n<li>ii) Os comprovantes devem ser <strong>enviados anexados no e-mail<\/strong> <strong>e devem estar na ordem que aparecem na Tabela<\/strong>(o arquivo de envio desses comprovantes pode ser pdf ou word). <u>Documentos fora de ordem ser\u00e3o pedidos para refazer<\/u>.<\/li>\n<\/ol>\n<p>Comiss\u00e3o das Atividades Complementares e Atividades Livres do Curso:<\/p>\n<p style=\"font-weight: 400\">Prof. Leandro Sanzi Aquino<\/p>\n<p style=\"font-weight: 400\">Prof\u00aa. Adriana Gon\u00e7alves da Silva Manetti<\/p>\n<p style=\"font-weight: 400\">Prof\u00aa Andr\u00e9a Souza Castro<\/p>\n<p><a href=\"https:\/\/wp.ufpel.edu.br\/esa\/files\/2022\/04\/FORMULARIO-PARA-INFORMACAO-DE-ATIVIDADES-DE-FORMACAO-LIVRE.docx\">FORMUL\u00c1RIO-PARA-INFORMA\u00c7\u00c3O-DE-ATIVIDADES-DE-FORMA\u00c7\u00c3O-LIVRE<\/a><\/p>\n<p><a href=\"https:\/\/wp.ufpel.edu.br\/esa\/files\/2025\/03\/Tabela-Atividades-Complementares.pdf\">Tabela Atividades Complementares<\/a><\/p>\n","protected":false},"excerpt":{"rendered":"<p>A\u00a0Forma\u00e7\u00e3o Complementar\u00a0do Curso de ENGENHARIA AMBIENTAL E SANIT\u00c1RIA compreende as\u00a0Atividades Complementares\u00a0realizadas, sendo elas: Disciplinas Optativas (oferecidas pelo Curso): m\u00ednimo\u00a06\u00a0cr\u00e9ditos\u00a0e; Atividades de ensino, pesquisa e extens\u00e3o, bem como, cursos, semin\u00e1rios, est\u00e1gios, dentre outros, todos\u00a0relacionadas com a \u00e1rea de forma\u00e7\u00e3o do Curso de Engenharia Ambiental e Sanit\u00e1ria: m\u00ednimo\u00a0de 204 horas (alunos do curr\u00edculo 4) ou m\u00ednimo de [&hellip;]<\/p>\n","protected":false},"author":36,"featured_media":0,"parent":0,"menu_order":0,"comment_status":"closed","ping_status":"closed","template":"","meta":{"footnotes":""},"class_list":["post-4964","page","type-page","status-publish","hentry"],"_links":{"self":[{"href":"https:\/\/wp.ufpel.edu.br\/esa\/wp-json\/wp\/v2\/pages\/4964","targetHints":{"allow":["GET"]}}],"collection":[{"href":"https:\/\/wp.ufpel.edu.br\/esa\/wp-json\/wp\/v2\/pages"}],"about":[{"href":"https:\/\/wp.ufpel.edu.br\/esa\/wp-json\/wp\/v2\/types\/page"}],"author":[{"embeddable":true,"href":"https:\/\/wp.ufpel.edu.br\/esa\/wp-json\/wp\/v2\/users\/36"}],"replies":[{"embeddable":true,"href":"https:\/\/wp.ufpel.edu.br\/esa\/wp-json\/wp\/v2\/comments?post=4964"}],"version-history":[{"count":2,"href":"https:\/\/wp.ufpel.edu.br\/esa\/wp-json\/wp\/v2\/pages\/4964\/revisions"}],"predecessor-version":[{"id":7770,"href":"https:\/\/wp.ufpel.edu.br\/esa\/wp-json\/wp\/v2\/pages\/4964\/revisions\/7770"}],"wp:attachment":[{"href":"https:\/\/wp.ufpel.edu.br\/esa\/wp-json\/wp\/v2\/media?parent=4964"}],"curies":[{"name":"wp","href":"https:\/\/api.w.org\/{rel}","templated":true}]}}