{"id":4898,"date":"2016-08-10T13:31:27","date_gmt":"2016-08-10T16:31:27","guid":{"rendered":"https:\/\/wp.ufpel.edu.br\/esa\/?page_id=4898"},"modified":"2021-06-10T10:05:44","modified_gmt":"2021-06-10T13:05:44","slug":"docentes-da-eas","status":"publish","type":"page","link":"https:\/\/wp.ufpel.edu.br\/esa\/docentes-da-eas\/","title":{"rendered":"Docentes da EAS"},"content":{"rendered":"<p><span style=\"font-size: 10pt\">Corpo Docente:<\/span><\/p>\n<p><span style=\"color: #000000;font-size: 10pt\"><strong><a style=\"color: #000000\" href=\"http:\/\/lattes.cnpq.br\/0103882542744811\">Prof\u00aa. Dr.\u00aa Adriana Gon\u00e7alves da Silva Manetti<\/a>\u00a0&#8211;<\/strong> Engenheira de Alimentos (FURG), Doutora em Engenharia e Ci\u00eancia de Alimentos (FURG). Vem trabalhando na \u00e1rea de ci\u00eancias ambientais, no tratamento biol\u00f3gico e f\u00edsico-qu\u00edmico de efluentes agroindustriais e reuso de \u00e1gua residu\u00e1ria, utilizando cianobact\u00e9rias e coagulantes<span style=\"color: #666666\">.\u00a0<\/span><strong>E-mail: didialimentos@yahoo.com.br<\/strong><\/span><\/p>\n<p><span style=\"color: #000000;font-size: 10pt\"><strong><a style=\"color: #000000\" href=\"http:\/\/lattes.cnpq.br\/4328855884811171\">Prof\u00aa. Dr.\u00aa Andr\u00e9a Souza Castro<\/a>\u00a0&#8211; <\/strong>Engenheira Agr\u00edcola (UFPel), Doutora em Recursos H\u00eddricos e Saneamento Ambiental (UFRGS). Desenvolve pesquisa nas \u00e1reas de escoamento superficial, estruturas de controle na fonte, pavimentos perme\u00e1veis e telhados verdes.\u00a0<strong>E-mail: andreascastro@gmail.com<\/strong><\/span><\/p>\n<p><span style=\"font-size: 10pt\"><span style=\"color: #000000\"><strong><a style=\"color: #000000\" href=\"http:\/\/lattes.cnpq.br\/1885554662703620\">Prof. Dr. Bruno Muller Vieira<\/a>\u00a0&#8211;<\/strong> Engenheiro Qu\u00edmico (FURG), Doutor em Ci\u00eancia e Engenharia de Materiais (UFPel). Desenvolve pesquisa nas \u00e1reas de qualidade de \u00e1gua,\u00a0 produ\u00e7\u00e3o de biocombust\u00edveis e c\u00e9lulas combust\u00edveis.<\/span>\u00a0<span style=\"color: #000000\"><strong>E-mail:\u00a0bruno.prppg@hotmail.com<\/strong><\/span><\/span><\/p>\n<p><a href=\"http:\/\/lattes.cnpq.br\/2824357187395679\">Prof. Dr. Cicero Escobar<\/a> &#8211; Engenheiro Qu\u00edmico (FURG), Doutor em Engenharia Qu\u00edmica (UFRGS). Desenvolve pesquisa nas \u00e1rea de Processos Oxidativos Avan\u00e7ados\/Fotocat\u00e1lise Heterog\u00eanea para tratamento de \u00e1guas. E-mail:\u00a0<strong>cicero.escobar@gmail.com<\/strong><\/p>\n<p><span style=\"color: #000000;font-size: 10pt\"><strong><a style=\"color: #000000\" href=\"http:\/\/lattes.cnpq.br\/8387065724345198\">Prof\u00aa. Dr.\u00aa Cl\u00e1udia Fernanda Lemons e Silva<\/a>\u00a0<\/strong>&#8211; Engenheira Agron\u00f4noma (UPF), Doutora em Fitotecnia (UFRGS), P\u00f3s-doutora (IPB-Portugal\/Escola de Qu\u00edmica-UFRJ). Desenvolve pesquisa na \u00e1rea de Bioenergia, aproveitamento energ\u00e9tico de res\u00edduos e etanol celul\u00f3sico.\u00a0<strong>E-mail: lemonsclau@gmail.com<\/strong><\/span><\/p>\n<p><span style=\"color: #000000;font-size: 10pt\"><strong><a style=\"color: #000000\" href=\"http:\/\/lattes.cnpq.br\/3076528365846421\">Prof\u00aa. Dr.\u00aa Diuliana Leandro<\/a>\u00a0&#8211;<\/strong> Engenheira Cart\u00f3grafa (UFPR), Doutora em Ci\u00eancias Geod\u00e9sicas (UFPR). Desenvolve pesquisa nas \u00e1reas de mapeamento ambiental, modelagem espacial, principalmente voltados para planejamento e gest\u00e3o p\u00fablica.<\/span><span style=\"color: #000000;font-size: 10pt\">\u00a0<strong>E-mail: diuliana.leandro@gmail.com<\/strong><\/span><\/p>\n<p><span style=\"color: #000000;font-size: 10pt\"><strong><a style=\"color: #000000\" href=\"http:\/\/lattes.cnpq.br\/5184168610882587\">Prof. Dr. \u00c9rico Kunde Corr\u00eaa <\/a>&#8211;\u00a0<\/strong>Engenheiro Agr\u00f4nomo (UFPEL), Doutor em Biotecnologia (UFPel). P\u00f3s-doutor em Sustentabilidade na Produ\u00e7\u00e3o Animal (UFPEL). Desenvolve atividades de ensino, pesquisa e extens\u00e3o na \u00e1rea de res\u00edduos e toxicologia.\u00a0<\/span><span style=\"color: #000000;font-size: 10pt\"><strong>E-mail: ericokundecorrea@yahoo.com.br<\/strong><\/span><\/p>\n<p><span style=\"color: #000000;font-size: 10pt\"><strong><span style=\"font-size: 10pt\"><span style=\"color: #000000\"><a style=\"color: #000000\" href=\"http:\/\/lattes.cnpq.br\/0904829777175394\">Prof. Dr. Leandro Aquino<\/a>\u00a0&#8211; <\/span><\/span><\/strong><span style=\"font-size: 10pt\"><span style=\"color: #000000\">Lic. em Geografia e Eng. Agr\u00f4nomo (UFPel), Doutor em Agronomia (UFPel). Desenvolve pesquisa em estudos da variabilidade espacial e temporal das rela\u00e7\u00f5es do sistema solo-planta-atmosfera e modelagem hidrol\u00f3gica.<\/span><\/span><strong><span style=\"font-size: 10pt\">\u00a0<span style=\"color: #000000\">E-mail: leandrosaq@gmail.com<\/span><\/span><\/strong><\/span><\/p>\n<p><span style=\"color: #000000;font-size: 10pt\"><strong><a style=\"color: #000000\" href=\"http:\/\/lattes.cnpq.br\/0976948866231388\">Prof\u00aa. Dr.\u00aa Luciara Bilhalva Corr\u00eaa<\/a>\u00a0&#8211; <\/strong>Economista Dom\u00e9stica (UFPEL), Doutora em Educa\u00e7\u00e3o Ambiental (FURG). Desenvolve atividades de ensino, pesquisa e extens\u00e3o na \u00e1rea de gerenciamento de res\u00edduos s\u00f3lidos dom\u00e9sticos, res\u00edduos de servi\u00e7os de sa\u00fade, educa\u00e7\u00e3o ambiental no \u00e2mbito formal e n\u00e3o formal, educa\u00e7\u00e3o sanit\u00e1ria.<strong> E-mail: luciarabc@gmail.com<\/strong><\/span><\/p>\n<p><strong><a href=\"http:\/\/buscatextual.cnpq.br\/buscatextual\/visualizacv.do?id=K4260826A4&amp;tokenCaptchar=03AGdBq25sJMA5exyavHzsSbrnUP_vE_rjLkw2OghC2g3J2fgQ3vuyNu1h8VmN7LsrkcZZBotMjiALjRpTQkCa6sLl-RA9zVgW-FZTOFkw4_-37jR1Eao24IJvyvqLHRvNFvi8ceCaOEqImtjdNeX83Xq1V83KH2kFnEMlpmrnfenEx7BFq8SHzxtL4KNmO19Cp3uVeBa4OibjMf6Kg6WrxRN37rulYOG9DIcJ9zoLOQ6EJLL-KMVyTgWtR9ZFQUuDJDLzarqJJhc2FhyUTv1HDIHwIuQ5GpT6JUN0ZSE60BetLiI62IBniKiblAhsPn_nccHGr04-EDtup3DZRwtqPjykHu2PVlB0G6O_NnlKJaFwI56B8dmMpCg-OdaJYizdf328Sg6FKc8f_zjXGJrgePIirDdrumeDNgCs1qLmGnAHxhfRbJWyc2SivmyPpTySqMRm7IQLf8dpsIZ8TY3da6pNQVhgC5wQokm5_bBBfuUMi7Ae2glCaj1gLsFUoLF7wsc990KcRyLTnIr-Yn0i3wzcfA6oMKOJOg\" target=\"_blank\" rel=\"noopener\">Prof\u00aa. Dr.\u00aa Mar\u00edlia Lazarotto<\/a> &#8211; <\/strong>Engenheira Florestal (UFSM), Dra. em Engenharia Florestal &#8211; \u00c1rea Silvicultura (UFSM). Atua nas \u00e1reas de Recupera\u00e7\u00e3o de \u00c1reas Degradadas, uso e manejo sustent\u00e1vel de recursos florestais. <strong>E-mail: marilia.lazarotto@ufpel.edu.br<\/strong><\/p>\n<p><strong><span style=\"font-size: 10pt;color: #000000\"><a style=\"color: #000000\" href=\"http:\/\/lattes.cnpq.br\/1749935262841216\">Prof. Dr. Maur\u00edzio Silveira Quadro<\/a>\u00a0&#8211; <\/span><\/strong><span style=\"font-size: 10pt;color: #000000\">Engenheiro Agr\u00edcola (UFPel), Doutor em Ci\u00eancia do Solo (UFRGS). Desenvolve pesquisa nas \u00e1reas de tratamento de res\u00edduos s\u00f3lidos e liquidos, reaproveitamento de res\u00edduos solidos e liquidos, minimiza\u00e7\u00e3o da gera\u00e7\u00e3o de res\u00edduos.\u00a0<\/span><span style=\"color: #000000;font-size: 10pt\"><strong>E-mail: mausq@hotmail.com<\/strong><\/span><\/p>\n<p><strong><span style=\"font-size: 10pt;color: #000000\"><a style=\"color: #000000\" href=\"http:\/\/lattes.cnpq.br\/5706766977817721\">Prof. Dr. Robson Andreazza<\/a>\u00a0&#8211;\u00a0<\/span><\/strong><span style=\"font-size: 10pt;color: #000000\">Engenheiro Agr\u00f4nomo (UFSM), Doutor em Ci\u00eancias do Solo (UFRGS). Desenvolve pesquisa nas \u00e1reas de recupera\u00e7\u00e3o de \u00e1reas degradadas, biorremedia\u00e7\u00e3o, gest\u00e3o ambiental sustent\u00e1vel.\u00a0<\/span><span style=\"color: #000000;font-size: 10pt\"><strong>E-mail: robsonandreazza@yahoo.com.br<\/strong><\/span><\/p>\n<p><span style=\"font-size: 10pt;color: #000000\"><strong><a style=\"color: #000000\" href=\"http:\/\/lattes.cnpq.br\/5269420717974016\">Prof\u00aa. Dr.\u00aa Vanessa Sacramento Cerqueira<\/a>\u00a0&#8211;\u00a0<\/strong>Engenheira de Alimentos (FURG), Doutora em Microbiologia Agr\u00edcola e do Ambiente (UFRGS). Desenvolve pesquisa nas \u00e1reas de produ\u00e7\u00e3o de bissurfactantes para aplica\u00e7\u00e3o industrial, biorremedia\u00e7\u00e3o, biodegrada\u00e7\u00e3o de agrot\u00f3xicos e de res\u00edduos da cadeia produtiva do petr\u00f3leo e vermicompostagem.\u00a0<span style=\"font-size: 10pt\"><strong>E-mail<span style=\"color: #000000\">: vanescerqueira@yahoo.com.br<\/span><\/strong><\/span><\/span><\/p>\n<p><span style=\"font-size: 10pt\"><strong><span style=\"color: #000000\"><a style=\"color: #000000\" href=\"http:\/\/buscatextual.cnpq.br\/buscatextual\/busca.do\">Prof\u00aa. Dr.\u00aa.<em style=\"color: #545454\">\u00a0<\/em>Tirzah Moreira Siqueira<\/a>\u00a0<\/span> <\/strong>\u00a0 \u00a0 Engenheira de Bioprocessos e Biotecnologia\u00a0 (UERGS), Mestre e Doutora em Recursos H\u00eddricos e Saneamento Ambiental (UFRGS). Desenvolve pesquisas na \u00e1rea de mudan\u00e7as clim\u00e1ticas, geoestat\u00edtica, recursos h\u00eddricos, avalia\u00e7\u00e3o de impactos ambientais, avalia\u00e7\u00e3o de risco \u00e0 sa\u00fade humana.<\/span><span style=\"font-size: 10pt\">\u00a0 \u00a0<strong><span style=\"color: #000000\">E-mail: tirzahmelo@hotmail.com<\/span><\/strong><\/span><\/p>\n<p><span style=\"font-size: 10pt\"><span style=\"color: #000000\"><a style=\"color: #000000\" href=\"http:\/\/lattes.cnpq.br\/2754317545641116\"><strong>Prof\u00aa.\u00a0Dr. Rubia Flores Romani<\/strong><\/a><strong>\u00a0&#8211;<\/strong> Engenheira Ambiental (UNIFRA), Doutora em Engenharia Qu\u00edmica (UFSC). Desenvolve pesquisa cient\u00edfica e tecnol\u00f3gica com enfoque na valora\u00e7\u00e3o de res\u00edduos industriais e tratamento de \u00e1gua pot\u00e1vel e residu\u00e1ria.\u00a0<\/span><strong><span style=\"color: #000000\">E-mail: fgrubia@yahoo.com.br<\/span><\/strong><\/span><\/p>\n<p><span style=\"font-size: 10pt\"><span style=\"color: #000000\"><strong><a style=\"color: #000000\" href=\"http:\/\/lattes.cnpq.br\/4670559561277136\">Prof. Dr. Willian Cezar \u00a0Nadaleti<\/a>\u00a0<\/strong>&#8211; Engenheiro Ambiental (UNESP), Lic. em F\u00edsica (UTFPR), Doutor em Engenharia Ambiental (UFSC), P\u00f3s-doutor em Engenharia de Energia (Silesian University of Technology). Desenvolve pesquisa nas \u00e1reas de Engenharia Ambiental e Energ\u00e9tica, convers\u00e3o e aproveitamento de biog\u00e1s\/hidrog\u00eanio, co-digest\u00e3o anaer\u00f3bia, emiss\u00f5es atmosf\u00e9ricas, energy planning &amp; management.<\/span>\u00a0<span style=\"color: #000000\"><strong>E-mail: willian.nadaleti@ufpel.edu.br<\/strong><\/span><\/span><\/p>\n<p>&nbsp;<\/p>\n<p>&nbsp;<\/p>\n<p>&nbsp;<\/p>\n","protected":false},"excerpt":{"rendered":"<p>Corpo Docente: Prof\u00aa. Dr.\u00aa Adriana Gon\u00e7alves da Silva Manetti\u00a0&#8211; Engenheira de Alimentos (FURG), Doutora em Engenharia e Ci\u00eancia de Alimentos (FURG). Vem trabalhando na \u00e1rea de ci\u00eancias ambientais, no tratamento biol\u00f3gico e f\u00edsico-qu\u00edmico de efluentes agroindustriais e reuso de \u00e1gua residu\u00e1ria, utilizando cianobact\u00e9rias e coagulantes.\u00a0E-mail: didialimentos@yahoo.com.br Prof\u00aa. Dr.\u00aa Andr\u00e9a Souza Castro\u00a0&#8211; Engenheira Agr\u00edcola (UFPel), Doutora [&hellip;]<\/p>\n","protected":false},"author":36,"featured_media":0,"parent":0,"menu_order":0,"comment_status":"closed","ping_status":"closed","template":"","meta":{"footnotes":""},"class_list":["post-4898","page","type-page","status-publish","hentry"],"_links":{"self":[{"href":"https:\/\/wp.ufpel.edu.br\/esa\/wp-json\/wp\/v2\/pages\/4898","targetHints":{"allow":["GET"]}}],"collection":[{"href":"https:\/\/wp.ufpel.edu.br\/esa\/wp-json\/wp\/v2\/pages"}],"about":[{"href":"https:\/\/wp.ufpel.edu.br\/esa\/wp-json\/wp\/v2\/types\/page"}],"author":[{"embeddable":true,"href":"https:\/\/wp.ufpel.edu.br\/esa\/wp-json\/wp\/v2\/users\/36"}],"replies":[{"embeddable":true,"href":"https:\/\/wp.ufpel.edu.br\/esa\/wp-json\/wp\/v2\/comments?post=4898"}],"version-history":[{"count":47,"href":"https:\/\/wp.ufpel.edu.br\/esa\/wp-json\/wp\/v2\/pages\/4898\/revisions"}],"predecessor-version":[{"id":6291,"href":"https:\/\/wp.ufpel.edu.br\/esa\/wp-json\/wp\/v2\/pages\/4898\/revisions\/6291"}],"wp:attachment":[{"href":"https:\/\/wp.ufpel.edu.br\/esa\/wp-json\/wp\/v2\/media?parent=4898"}],"curies":[{"name":"wp","href":"https:\/\/api.w.org\/{rel}","templated":true}]}}