{"id":4672,"date":"2016-03-21T13:42:04","date_gmt":"2016-03-21T16:42:04","guid":{"rendered":"https:\/\/wp.ufpel.edu.br\/esa\/?page_id=4672"},"modified":"2018-11-13T10:27:48","modified_gmt":"2018-11-13T12:27:48","slug":"tcc-201502","status":"publish","type":"page","link":"https:\/\/wp.ufpel.edu.br\/esa\/tc\/tcc-201502\/","title":{"rendered":"TCC 2015\/2"},"content":{"rendered":"<p>1 &#8211; NOME:<strong>\u00a0Alana Flemming<\/strong>\u00a0\u2013 T\u00cdTULO:<strong>\u00a0Biorremedia\u00e7\u00e3o de Solo Impactado com Borra Oleosa utilizando Res\u00edduo Agroindustrial como Material Estruturante &#8211;\u00a0<a href=\"https:\/\/wp.ufpel.edu.br\/esa\/files\/2016\/03\/TCC-Alana-Flemming.pdf\" rel=\"\">TCC &#8211; Alana Flemming<\/a><\/strong><\/p>\n<p>2 -NOME: <strong>Bianca Peruchin &#8211; <\/strong>T\u00cdTULO:\u00a0<strong>Estudo dos Aspectos Ambientais e do Gerenciamento dos Res\u00edduos S\u00f3lidos de um Empreendimento Hoteleiro &#8211;\u00a0<a href=\"https:\/\/wp.ufpel.edu.br\/esa\/files\/2016\/03\/TCC-Bianca-Peruchin.pdf\" rel=\"\">TCC -Bianca Peruchin<\/a><\/strong><\/p>\n<p>3 &#8211; NOME: <strong>Charles dos Santos<\/strong> &#8211; T\u00cdTULO:\u00a0<strong>An\u00e1lise de Sensibilidade de Vaz\u00f5es a Altera\u00e7\u00f5es de Precipita\u00e7\u00e3ona Bacia Hidrogr\u00e1fica do Rio Carinhanha<\/strong> &#8211;<strong>\u00a0n\u00e3o autorizado pelo aluno.<\/strong><\/p>\n<p>4 &#8211; NOME: <strong>Gustavo Bittencourt<\/strong> &#8211; T\u00cdTULO:\u00a0<strong>Sistema de Estabiliza\u00e7\u00e3o de Dejetos e Cama de Bovinos de Leite por Compostagem<\/strong> &#8211;\u00a0<strong><a href=\"https:\/\/wp.ufpel.edu.br\/esa\/files\/2016\/03\/TCC-Gustavo-Bittencourt.pdf\" rel=\"\">TCC &#8211; Gustavo Bittencourt<\/a><\/strong><\/p>\n<p>5 &#8211; NOME: <strong>Kelly Heylmann &#8211;\u00a0<\/strong>T\u00cdTULO:\u00a0<strong>Produ\u00e7\u00e3o, Caracteriza\u00e7\u00e3o e Aplica\u00e7\u00e3o de Carv\u00e3o Ativado de Caro\u00e7o de P\u00eassego no Tratamento de Efluente T\u00eaxtil &#8211;<a href=\"https:\/\/wp.ufpel.edu.br\/esa\/files\/2016\/03\/TCC-Kelly-Heylmann-1.pdf\" rel=\"\">TCC &#8211; Kelly Heylmann<\/a><\/strong><\/p>\n<p>6 &#8211; NOME: <strong>Lucas Guidoni &#8211; <\/strong>T\u00cdTULO:\u00a0<strong>Compostagem de Res\u00edduo Org\u00e2nico Domiciliar e Casca de Arroz &#8211;\u00a0<a href=\"https:\/\/wp.ufpel.edu.br\/esa\/files\/2016\/03\/TCC-Lucas-Guidoni.pdf\" rel=\"\">TCC -Lucas Guidoni<\/a><\/strong><\/p>\n","protected":false},"excerpt":{"rendered":"<p>1 &#8211; NOME:\u00a0Alana Flemming\u00a0\u2013 T\u00cdTULO:\u00a0Biorremedia\u00e7\u00e3o de Solo Impactado com Borra Oleosa utilizando Res\u00edduo Agroindustrial como Material Estruturante &#8211;\u00a0TCC &#8211; Alana Flemming 2 -NOME: Bianca Peruchin &#8211; T\u00cdTULO:\u00a0Estudo dos Aspectos Ambientais e do Gerenciamento dos Res\u00edduos S\u00f3lidos de um Empreendimento Hoteleiro &#8211;\u00a0TCC -Bianca Peruchin 3 &#8211; NOME: Charles dos Santos &#8211; T\u00cdTULO:\u00a0An\u00e1lise de Sensibilidade de Vaz\u00f5es [&hellip;]<\/p>\n","protected":false},"author":36,"featured_media":0,"parent":29,"menu_order":0,"comment_status":"closed","ping_status":"closed","template":"","meta":{"footnotes":""},"class_list":["post-4672","page","type-page","status-publish","hentry"],"_links":{"self":[{"href":"https:\/\/wp.ufpel.edu.br\/esa\/wp-json\/wp\/v2\/pages\/4672","targetHints":{"allow":["GET"]}}],"collection":[{"href":"https:\/\/wp.ufpel.edu.br\/esa\/wp-json\/wp\/v2\/pages"}],"about":[{"href":"https:\/\/wp.ufpel.edu.br\/esa\/wp-json\/wp\/v2\/types\/page"}],"author":[{"embeddable":true,"href":"https:\/\/wp.ufpel.edu.br\/esa\/wp-json\/wp\/v2\/users\/36"}],"replies":[{"embeddable":true,"href":"https:\/\/wp.ufpel.edu.br\/esa\/wp-json\/wp\/v2\/comments?post=4672"}],"version-history":[{"count":9,"href":"https:\/\/wp.ufpel.edu.br\/esa\/wp-json\/wp\/v2\/pages\/4672\/revisions"}],"predecessor-version":[{"id":5900,"href":"https:\/\/wp.ufpel.edu.br\/esa\/wp-json\/wp\/v2\/pages\/4672\/revisions\/5900"}],"up":[{"embeddable":true,"href":"https:\/\/wp.ufpel.edu.br\/esa\/wp-json\/wp\/v2\/pages\/29"}],"wp:attachment":[{"href":"https:\/\/wp.ufpel.edu.br\/esa\/wp-json\/wp\/v2\/media?parent=4672"}],"curies":[{"name":"wp","href":"https:\/\/api.w.org\/{rel}","templated":true}]}}