{"id":4419,"date":"2015-05-27T09:40:05","date_gmt":"2015-05-27T12:40:05","guid":{"rendered":"https:\/\/wp.ufpel.edu.br\/esa\/?page_id=4419"},"modified":"2015-05-27T09:40:29","modified_gmt":"2015-05-27T12:40:29","slug":"fotos-de-visitas-tecnicas","status":"publish","type":"page","link":"https:\/\/wp.ufpel.edu.br\/esa\/eventos\/fotos-de-visitas-tecnicas\/","title":{"rendered":"Fotos de Visitas T\u00e9cnicas"},"content":{"rendered":"<div style=\"width: 750px\" class=\"wp-caption alignnone\"><a href=\"https:\/\/wp.ufpel.edu.br\/esa\/fotos-de-visitas-tecnicas\/dsc01959\/\" rel=\"attachment wp-att-4420\"><img class=\"aligncenter size-large wp-image-4420\" src=\"https:\/\/wp.ufpel.edu.br\/esa\/files\/2015\/05\/DSC01959-984x220.jpg\" alt=\"DSC01959\" width=\"740\" height=\"165\" \/><\/a><p class=\"wp-caption-text\"><a href=\"https:\/\/wp.ufpel.edu.br\/esa\/fotos-de-visitas-tecnicas\/dsc01960\/\" rel=\"attachment wp-att-4421\"><img class=\"aligncenter size-large wp-image-4421\" src=\"https:\/\/wp.ufpel.edu.br\/esa\/files\/2015\/05\/DSC01960-984x220.jpg\" alt=\"DSC01960\" width=\"740\" height=\"165\" \/><\/a>No dia 26 de Maio de 2015, a turma de Sistema de Abastecimento e Tratamento de \u00c1guas do Curso de Engenharia Ambiental e Sanit\u00e1ria da Universidade Federal de Pelotas, realiza visita t\u00e9cnica na Esta\u00e7\u00e3o de Tratamento de \u00c1guas Santa B\u00e1rbara, localizada no Munic\u00edpio de Pelotas, RS. Na visita t\u00e9cnica, houve uma demonstra\u00e7\u00e3o de todos os processos de tratamento de \u00e1gua, bem como as an\u00e1lises de monitoramento da efici\u00eancia no tratamento da \u00e1gua na pr\u00f3pria ETA.<\/p>\n<p><\/p><\/div>\n","protected":false},"excerpt":{"rendered":"","protected":false},"author":36,"featured_media":0,"parent":32,"menu_order":0,"comment_status":"closed","ping_status":"closed","template":"","meta":{"footnotes":""},"class_list":["post-4419","page","type-page","status-publish","hentry"],"_links":{"self":[{"href":"https:\/\/wp.ufpel.edu.br\/esa\/wp-json\/wp\/v2\/pages\/4419","targetHints":{"allow":["GET"]}}],"collection":[{"href":"https:\/\/wp.ufpel.edu.br\/esa\/wp-json\/wp\/v2\/pages"}],"about":[{"href":"https:\/\/wp.ufpel.edu.br\/esa\/wp-json\/wp\/v2\/types\/page"}],"author":[{"embeddable":true,"href":"https:\/\/wp.ufpel.edu.br\/esa\/wp-json\/wp\/v2\/users\/36"}],"replies":[{"embeddable":true,"href":"https:\/\/wp.ufpel.edu.br\/esa\/wp-json\/wp\/v2\/comments?post=4419"}],"version-history":[{"count":3,"href":"https:\/\/wp.ufpel.edu.br\/esa\/wp-json\/wp\/v2\/pages\/4419\/revisions"}],"predecessor-version":[{"id":4424,"href":"https:\/\/wp.ufpel.edu.br\/esa\/wp-json\/wp\/v2\/pages\/4419\/revisions\/4424"}],"up":[{"embeddable":true,"href":"https:\/\/wp.ufpel.edu.br\/esa\/wp-json\/wp\/v2\/pages\/32"}],"wp:attachment":[{"href":"https:\/\/wp.ufpel.edu.br\/esa\/wp-json\/wp\/v2\/media?parent=4419"}],"curies":[{"name":"wp","href":"https:\/\/api.w.org\/{rel}","templated":true}]}}